{"id":447459,"date":"2025-02-25T18:45:27","date_gmt":"2025-02-25T17:45:27","guid":{"rendered":"https:\/\/www.pricetornado.com\/da\/produkt\/philips-hue-startsaet-2-x-e27-paerer-1100lm-dimmer-switch\/"},"modified":"2026-04-16T08:10:02","modified_gmt":"2026-04-16T06:10:02","slug":"philips-hue-startsaet-2-x-e27-paerer-1100lm-dimmer-switch","status":"publish","type":"product","link":"https:\/\/www.pricetornado.com\/da\/produkt\/philips-hue-startsaet-2-x-e27-paerer-1100lm-dimmer-switch\/","title":{"rendered":"Philips Hue Starts\u00e6t: 2 x E27 p\u00e6rer (1100lm) + Dimmer switch"},"content":{"rendered":"<p>K\u00f8b billig Philips Hue Starts\u00e6t: 2 x E27 p\u00e6rer (1100lm) + Dimmer switch!<br \/>\nGiv ethvert rum en unik stemning med Philips Hue White and color ambiance E27 starts\u00e6t. S\u00e6ttet inkluderer to smarte LED-p\u00e6rer med b\u00e5de hvidt og farvet lys samt en ergonomisk lysd\u00e6mperkontakt og en Hue Bridge, der giver adgang til alle avancerede styringsfunktioner. Opret let forbindelse til Hue Bridge for at styre lyset via appen, din stemme eller de medf\u00f8lgende kontakter og oplev fleksibel og intelligent belysning til hjemmet.Lysstyrke op til 1.100 lumen og \u00f8jeblikkelig fuld lysstyrke (1.055 lumen ved 4000K)Lysd\u00e6mperkontakt medf\u00f8lger \u2013 kan v\u00e6gmonteres eller bruges fritst\u00e5ende, driftssikker op til 50.000 tryk og batteridrevet (CR2032)Lang levetid p\u00e5 op til 25.000 timer for vedvarende brugPhilips Hue starts\u00e6t E27 giver fleksibel og energieffektiv belysning med mulighed for at tilpasse farver, lysstyrke og stemning. S\u00e6ttet er ideelt b\u00e5de til funktionelt lys og hyggelig atmosf\u00e6re \u2013 og kan nemt udvides med flere produkter fra for at skabe et komplet smart home-system.<\/p>\n<p>Sammenlign priser p\u00e5 Philips Hue Starts\u00e6t: 2 x E27 p\u00e6rer (1100lm) + Dimmer switch og k\u00f8b online til den billigste pris, samt p\u00e5 tilbud!\u00a0\u00a0Tjek den bedste pris, produkt beskrivelse, video, test, anmeldelser osv.<\/p>\n<p><strong>Brand: <\/strong>Philips Hue<br \/>\n<strong>EAN: <\/strong>8719514291379<br \/>\n<strong>Producentens varenr.:<\/strong> 8719514291379<\/p>\n<p><strong>P.S.<\/strong><br \/>\nTilmeld dig til &#8220;Opret Gratis Prisfald Alarm&#8221;, og bliv underrettet med det samme om prisfald p\u00e5 Philips Hue Starts\u00e6t: 2 x E27 p\u00e6rer (1100lm) + Dimmer switch, og f\u00e5 den billigste pris!<\/p>\n<p>&nbsp;<\/p>\n<p>&nbsp;<\/p>\n","protected":false},"excerpt":{"rendered":"<p>K\u00f8b billig Philips Hue Starts\u00e6t: 2 x E27 p\u00e6rer (1100lm) + Dimmer switch! Giv ethvert rum en unik stemning med Philips Hue White and color ambiance E27 starts\u00e6t. S\u00e6ttet inkluderer to smarte LED-p\u00e6rer med b\u00e5de hvidt og farvet lys samt en ergonomisk lysd\u00e6mperkontakt og en Hue Bridge, der giver adgang til alle avancerede styringsfunktioner. Opret [&hellip;]<\/p>\n","protected":false},"featured_media":999980000004474590,"template":"","meta":[],"store":[1272516],"product_brand":[1272523],"product_cat":[1272407],"product_tag":[1272697,1272767],"class_list":{"0":"post-447459","1":"product","2":"type-product","3":"status-publish","4":"has-post-thumbnail","6":"store-butik24","7":"product_brand-philips-hue","8":"product_cat-belysning-2","9":"product_tag-belysning","10":"product_tag-philips-hue","11":"pa_maerke-philips-hue","13":"first","14":"instock","15":"product-type-external"},"_links":{"self":[{"href":"https:\/\/www.pricetornado.com\/da\/wp-json\/wp\/v2\/product\/447459","targetHints":{"allow":["GET"]}}],"collection":[{"href":"https:\/\/www.pricetornado.com\/da\/wp-json\/wp\/v2\/product"}],"about":[{"href":"https:\/\/www.pricetornado.com\/da\/wp-json\/wp\/v2\/types\/product"}],"wp:featuredmedia":[{"embeddable":true,"href":"https:\/\/www.pricetornado.com\/da\/wp-json\/"}],"wp:attachment":[{"href":"https:\/\/www.pricetornado.com\/da\/wp-json\/wp\/v2\/media?parent=447459"}],"wp:term":[{"taxonomy":"store","embeddable":true,"href":"https:\/\/www.pricetornado.com\/da\/wp-json\/wp\/v2\/store?post=447459"},{"taxonomy":"product_brand","embeddable":true,"href":"https:\/\/www.pricetornado.com\/da\/wp-json\/wp\/v2\/product_brand?post=447459"},{"taxonomy":"product_cat","embeddable":true,"href":"https:\/\/www.pricetornado.com\/da\/wp-json\/wp\/v2\/product_cat?post=447459"},{"taxonomy":"product_tag","embeddable":true,"href":"https:\/\/www.pricetornado.com\/da\/wp-json\/wp\/v2\/product_tag?post=447459"}],"curies":[{"name":"wp","href":"https:\/\/api.w.org\/{rel}","templated":true}]}}