{"id":447453,"date":"2025-02-25T14:42:40","date_gmt":"2025-02-25T13:42:40","guid":{"rendered":"https:\/\/www.pricetornado.com\/da\/produkt\/alecto-ws-1700-vejrstation-med-traadloes-sensor-og-stort-display\/"},"modified":"2026-05-03T02:50:01","modified_gmt":"2026-05-03T00:50:01","slug":"alecto-ws-1700-vejrstation-med-traadloes-sensor-og-stort-display","status":"publish","type":"product","link":"https:\/\/www.pricetornado.com\/da\/produkt\/alecto-ws-1700-vejrstation-med-traadloes-sensor-og-stort-display\/","title":{"rendered":"Alecto WS-1700 Vejrstation med tr\u00e5dl\u00f8s sensor og stort display"},"content":{"rendered":"<p>K\u00f8b billig Alecto WS-1700 Vejrstation med tr\u00e5dl\u00f8s sensor og stort display!<br \/>\nAlecto WS-1700 vejrstation giver dig en p\u00e5lidelig og praktisk l\u00f8sning til overv\u00e5gning af vejret i og omkring hjemmet. Takket v\u00e6re den tr\u00e5dl\u00f8se udend\u00f8rssensor kan du l\u00f8bende f\u00f8lge temperatur og luftfugtighed op til 30 meter v\u00e6k, uden behov for kabler. Vejrstationens brugervenlige design g\u00f8r det nemt at afl\u00e6se alle relevante data direkte p\u00e5 den store indend\u00f8rs sk\u00e6rm, s\u00e5 du kan planl\u00e6gge havearbejde, udflugter og daglige g\u00f8rem\u00e5l med pr\u00e6cise informationer om vejret.Den store 7,7-tommer (19,6 cm) LCD-sk\u00e6rm med gr\u00e5gr\u00f8n baggrund sikrer, at alle vejrdata vises klart og letl\u00e6seligt. Her f\u00e5r du et hurtigt overblik over b\u00e5de indend\u00f8rs og udend\u00f8rs temperatur og luftfugtighed samt en animeret vejrudsigt for dit lokalomr\u00e5de. Takket v\u00e6re det detaljerede display kan du nemt tr\u00e6ffe beslutninger om eksempelvis vanding i haven eller valg af p\u00e5kl\u00e6dning.Vejrstationen er fremstillet af robuste plastmaterialer med PVC-sensorhus, hvilket g\u00f8r den velegnet til udend\u00f8rs brug i al slags vejr. B\u00e5de indend\u00f8rsenhed og udend\u00f8rssensor bruger 2 AA-alkalinebatterier hver (1,5 V), s\u00e5 du slipper for ledninger og nemt kan udskifte batterier. Vejrstationen er designet til enkel installation, b\u00e5de som fritst\u00e5ende model eller til v\u00e6gmontering, og leveres med intuitive indstillinger, s\u00e5 du hurtigt kan komme i gang.Med Alecto WS-1700 vejrstation f\u00e5r du et komplet og fleksibelt overblik over vejret, s\u00e5 du kan tage velinformerede beslutninger om alt fra havearbejde til p\u00e5kl\u00e6dning \u2013 hver dag \u00e5ret rundt. Se flere kvalitetsprodukter fra her.<\/p>\n<p>Sammenlign priser p\u00e5 Alecto WS-1700 Vejrstation med tr\u00e5dl\u00f8s sensor og stort display og k\u00f8b online til den billigste pris, samt p\u00e5 tilbud!\u00a0\u00a0Tjek den bedste pris, produkt beskrivelse, video, test, anmeldelser osv.<\/p>\n<p><strong>Brand: <\/strong>Alecto<br \/>\n<strong>EAN: <\/strong>8712412533152<br \/>\n<strong>Producentens varenr.:<\/strong> 8712412533152<\/p>\n<p><strong>P.S.<\/strong><br \/>\nTilmeld dig til &#8220;Opret Gratis Prisfald Alarm&#8221;, og bliv underrettet med det samme om prisfald p\u00e5 Alecto WS-1700 Vejrstation med tr\u00e5dl\u00f8s sensor og stort display, og f\u00e5 den billigste pris!<\/p>\n<p>&nbsp;<\/p>\n<p>&nbsp;<\/p>\n","protected":false},"excerpt":{"rendered":"<p>K\u00f8b billig Alecto WS-1700 Vejrstation med tr\u00e5dl\u00f8s sensor og stort display! Alecto WS-1700 vejrstation giver dig en p\u00e5lidelig og praktisk l\u00f8sning til overv\u00e5gning af vejret i og omkring hjemmet. Takket v\u00e6re den tr\u00e5dl\u00f8se udend\u00f8rssensor kan du l\u00f8bende f\u00f8lge temperatur og luftfugtighed op til 30 meter v\u00e6k, uden behov for kabler. Vejrstationens brugervenlige design g\u00f8r det [&hellip;]<\/p>\n","protected":false},"featured_media":999980000004474530,"template":"","meta":[],"store":[1272516],"product_brand":[1272518],"product_cat":[1272461],"product_tag":[1275186,1272817],"class_list":{"0":"post-447453","1":"product","2":"type-product","3":"status-publish","4":"has-post-thumbnail","6":"store-butik24","7":"product_brand-alecto","8":"product_cat-hjemmet","9":"product_tag-alecto","10":"product_tag-hjemmet","11":"pa_maerke-alecto","13":"first","14":"instock","15":"product-type-external"},"_links":{"self":[{"href":"https:\/\/www.pricetornado.com\/da\/wp-json\/wp\/v2\/product\/447453","targetHints":{"allow":["GET"]}}],"collection":[{"href":"https:\/\/www.pricetornado.com\/da\/wp-json\/wp\/v2\/product"}],"about":[{"href":"https:\/\/www.pricetornado.com\/da\/wp-json\/wp\/v2\/types\/product"}],"wp:featuredmedia":[{"embeddable":true,"href":"https:\/\/www.pricetornado.com\/da\/wp-json\/"}],"wp:attachment":[{"href":"https:\/\/www.pricetornado.com\/da\/wp-json\/wp\/v2\/media?parent=447453"}],"wp:term":[{"taxonomy":"store","embeddable":true,"href":"https:\/\/www.pricetornado.com\/da\/wp-json\/wp\/v2\/store?post=447453"},{"taxonomy":"product_brand","embeddable":true,"href":"https:\/\/www.pricetornado.com\/da\/wp-json\/wp\/v2\/product_brand?post=447453"},{"taxonomy":"product_cat","embeddable":true,"href":"https:\/\/www.pricetornado.com\/da\/wp-json\/wp\/v2\/product_cat?post=447453"},{"taxonomy":"product_tag","embeddable":true,"href":"https:\/\/www.pricetornado.com\/da\/wp-json\/wp\/v2\/product_tag?post=447453"}],"curies":[{"name":"wp","href":"https:\/\/api.w.org\/{rel}","templated":true}]}}