{"id":447448,"date":"2025-02-27T20:27:46","date_gmt":"2025-02-27T19:27:46","guid":{"rendered":"https:\/\/www.pricetornado.com\/da\/produkt\/philips-hue-signe-gradient-gulvlampe-hvid\/"},"modified":"2026-05-01T01:50:43","modified_gmt":"2026-04-30T23:50:43","slug":"philips-hue-signe-gradient-gulvlampe-hvid","status":"publish","type":"product","link":"https:\/\/www.pricetornado.com\/da\/produkt\/philips-hue-signe-gradient-gulvlampe-hvid\/","title":{"rendered":"Philips HUE Signe gradient gulvlampe Hvid"},"content":{"rendered":"<p>K\u00f8b billig Philips HUE Signe gradient gulvlampe Hvid!<br \/>\nOpgrader din boligindretning med Philips Hue Signe gradient gulvlampe i et stilrent og slankt hvidt design. Lampen er fremstillet i robust aluminium, hvilket giver b\u00e5de lang holdbarhed og et moderne udtryk. Med gradientteknologien blandes flere forskellige lysfarver i \u00e9t bl\u00f8dt farveforl\u00f8b, s\u00e5 du kan skabe unikke, stemningsfulde effekter p\u00e5 v\u00e6ggene i hjemmet.Vil du give dine sammenkomster eller rolige aftener et s\u00e6rligt pr\u00e6g? Signe gradient gulvlampen danner en levende og farverig baggrund, der straks g\u00f8r stemningen indbydende. Brug varme farver og behagelige gradienter for afslapning efter en lang dag, eller v\u00e6lg blandt op til 16 millioner farver og variable farvetemperaturer for fuld fleksibilitet \u2013 alt sammen for at komplementere enhver boligstil.Juster farver, lysstyrke og effekter via Philips Hue app p\u00e5 din smartphone eller tablet.Underst\u00f8tter b\u00e5de Bluetooth og Zigbee til s\u00f8ml\u00f8s integration med smarte hjem.Bliv h\u00e5ndfri \u2013 brug stemmekommandoer gennem Amazon Alexa, Apple HomeKit eller Google Assistant til at styre belysningen.Udvid funktionaliteten med tilbeh\u00f8r som Hue Dimmer switch eller Hue Motion sensor for \u00f8get komfort og brugervenlighed.Lampen benytter integrerede LED-lyskilder, som er energieffektive og har en lang levetid p\u00e5 op til 25.000 timer. Med dobbeltisolering (klasse II) er lampen ekstra sikker i daglig brug. De integrerede, ikke-udskiftelige LED\u2019er bidrager til holdbarhed, driftssikkerhed og minimalt vedligehold.Philips Hue Signe gradient gulvlampe er designet til at tilpasse sig dine behov og din indretningsstil med et v\u00e6ld af farvemuligheder og intelligente funktioner. Skab nye rammer i dit hjem og udforsk, hvordan lys kan understrege stemningen i ethvert rum. produkter og find flere innovative l\u00f8sninger til smart belysning.<\/p>\n<p>Sammenlign priser p\u00e5 Philips HUE Signe gradient gulvlampe Hvid og k\u00f8b online til den billigste pris, samt p\u00e5 tilbud!\u00a0\u00a0Tjek den bedste pris, produkt beskrivelse, video, test, anmeldelser osv.<\/p>\n<p><strong>Brand: <\/strong>Philips Hue<br \/>\n<strong>EAN: <\/strong>8719514476196<br \/>\n<strong>Producentens varenr.:<\/strong> 8719514476196<\/p>\n<p><strong>P.S.<\/strong><br \/>\nTilmeld dig til &#8220;Opret Gratis Prisfald Alarm&#8221;, og bliv underrettet med det samme om prisfald p\u00e5 Philips HUE Signe gradient gulvlampe Hvid, og f\u00e5 den billigste pris!<\/p>\n<p>&nbsp;<\/p>\n<p>&nbsp;<\/p>\n","protected":false},"excerpt":{"rendered":"<p>K\u00f8b billig Philips HUE Signe gradient gulvlampe Hvid! Opgrader din boligindretning med Philips Hue Signe gradient gulvlampe i et stilrent og slankt hvidt design. Lampen er fremstillet i robust aluminium, hvilket giver b\u00e5de lang holdbarhed og et moderne udtryk. Med gradientteknologien blandes flere forskellige lysfarver i \u00e9t bl\u00f8dt farveforl\u00f8b, s\u00e5 du kan skabe unikke, stemningsfulde [&hellip;]<\/p>\n","protected":false},"featured_media":999980000004474480,"template":"","meta":[],"store":[1272516],"product_brand":[1272523],"product_cat":[1272407],"product_tag":[1272697,1272767],"class_list":{"0":"post-447448","1":"product","2":"type-product","3":"status-publish","4":"has-post-thumbnail","6":"store-butik24","7":"product_brand-philips-hue","8":"product_cat-belysning-2","9":"product_tag-belysning","10":"product_tag-philips-hue","11":"pa_maerke-philips-hue","13":"first","14":"instock","15":"product-type-external"},"_links":{"self":[{"href":"https:\/\/www.pricetornado.com\/da\/wp-json\/wp\/v2\/product\/447448","targetHints":{"allow":["GET"]}}],"collection":[{"href":"https:\/\/www.pricetornado.com\/da\/wp-json\/wp\/v2\/product"}],"about":[{"href":"https:\/\/www.pricetornado.com\/da\/wp-json\/wp\/v2\/types\/product"}],"wp:featuredmedia":[{"embeddable":true,"href":"https:\/\/www.pricetornado.com\/da\/wp-json\/"}],"wp:attachment":[{"href":"https:\/\/www.pricetornado.com\/da\/wp-json\/wp\/v2\/media?parent=447448"}],"wp:term":[{"taxonomy":"store","embeddable":true,"href":"https:\/\/www.pricetornado.com\/da\/wp-json\/wp\/v2\/store?post=447448"},{"taxonomy":"product_brand","embeddable":true,"href":"https:\/\/www.pricetornado.com\/da\/wp-json\/wp\/v2\/product_brand?post=447448"},{"taxonomy":"product_cat","embeddable":true,"href":"https:\/\/www.pricetornado.com\/da\/wp-json\/wp\/v2\/product_cat?post=447448"},{"taxonomy":"product_tag","embeddable":true,"href":"https:\/\/www.pricetornado.com\/da\/wp-json\/wp\/v2\/product_tag?post=447448"}],"curies":[{"name":"wp","href":"https:\/\/api.w.org\/{rel}","templated":true}]}}