{"id":447447,"date":"2025-02-21T10:46:13","date_gmt":"2025-02-21T09:46:13","guid":{"rendered":"https:\/\/www.pricetornado.com\/da\/produkt\/nedis-dampgenerator-2400-w-40-g-m-damp-skud-keramisk-1-50-l-7-bar-ironss1000\/"},"modified":"2026-04-17T06:40:08","modified_gmt":"2026-04-17T04:40:08","slug":"nedis-dampgenerator-2400-w-40-g-m-damp-skud-keramisk-1-50-l-7-bar-ironss1000","status":"publish","type":"product","link":"https:\/\/www.pricetornado.com\/da\/produkt\/nedis-dampgenerator-2400-w-40-g-m-damp-skud-keramisk-1-50-l-7-bar-ironss1000\/","title":{"rendered":"Nedis &#8211; Dampgenerator | 2400 W | 40 g\/m | Damp skud | Keramisk | 1.50 l | 7 Bar &#8211; IRONSS1000"},"content":{"rendered":"<p>K\u00f8b billig Nedis &#8211; Dampgenerator | 2400 W | 40 g\/m | Damp skud | Keramisk | 1.50 l | 7 Bar &#8211; IRONSS1000!<br \/>\nOpn\u00e5 professionelt glatte og kr\u00f8lfri resultater p\u00e5 ingen tid med Nedis dampgenerator. Dette kraftfulde dampstrygejern er designet til effektivitet, brugervenlighed og holdbarhed \u2013 ideelt uanset om du skal stryge store m\u00e6ngder vasket\u00f8j, genstridige folder eller sarte tekstiler. Med en maksimal effekt p\u00e5 2400 W varmer dampgeneratoren hurtigt op og leverer et kontinuerligt dampoutput p\u00e5 30-40 g\/min samt et damptryk p\u00e5 5-7 bar, som sikrer dyb og effektiv dampgennemtr\u00e6ngning i alle stoftyper.Dampstrygejernet tilbyder flere dampindstillinger, s\u00e5 du let kan v\u00e6lge mellem t\u00f8r, damp og variabel dampkontrol afh\u00e6ngig af stoffets behov. Den vertikale dampfunktion g\u00f8r det muligt at opfriske og fjerne folder fra h\u00e6ngende t\u00f8j, gardiner og polstring. Med justerbar dampregulering p\u00e5 det digitale display kan du nemt skifte mellem MAX- og Eco-tilstand, hvilket sikrer optimal ydeevne og energibesparelse.Den store, aftagelige vandtank p\u00e5 1,5 liter muligg\u00f8r lange strygesessioner uden hyppig genopfyldning. Tanken er nem at fjerne og fylde op igen, hvilket sikrer ekstra komfort under brug. Stryges\u00e5len i keramik giver optimal varmefordeling, glider let hen over tekstilerne og byder p\u00e5 ridsefasthed og \u00f8get holdbarhed. Det lette og kompakte design g\u00f8r dampgeneratoren nem at h\u00e5ndtere og opbevare.Nedis dampgenerator er designet til at g\u00f8re strygningen hurtig, behagelig og p\u00e5lidelig \u2013 uanset om du arbejder med dagligdagens vasket\u00f8j eller store bunker tekstiler. Oplev en intelligent kombination af effektivitet, sikkerhed og brugervenlighed, som sparer dig tid og giver fejlfri resultater hver gang.<\/p>\n<p>Sammenlign priser p\u00e5 Nedis &#8211; Dampgenerator | 2400 W | 40 g\/m | Damp skud | Keramisk | 1.50 l | 7 Bar &#8211; IRONSS1000 og k\u00f8b online til den billigste pris, samt p\u00e5 tilbud!\u00a0\u00a0Tjek den bedste pris, produkt beskrivelse, video, test, anmeldelser osv.<\/p>\n<p><strong>Brand: <\/strong>Nedis<br \/>\n<strong>EAN: <\/strong>5412810470099<br \/>\n<strong>Producentens varenr.:<\/strong> 5412810470099<\/p>\n<p><strong>P.S.<\/strong><br \/>\nTilmeld dig til &#8220;Opret Gratis Prisfald Alarm&#8221;, og bliv underrettet med det samme om prisfald p\u00e5 Nedis &#8211; Dampgenerator | 2400 W | 40 g\/m | Damp skud | Keramisk | 1.50 l | 7 Bar &#8211; IRONSS1000, og f\u00e5 den billigste pris!<\/p>\n<p>&nbsp;<\/p>\n<p>&nbsp;<\/p>\n","protected":false},"excerpt":{"rendered":"<p>K\u00f8b billig Nedis &#8211; Dampgenerator | 2400 W | 40 g\/m | Damp skud | Keramisk | 1.50 l | 7 Bar &#8211; IRONSS1000! Opn\u00e5 professionelt glatte og kr\u00f8lfri resultater p\u00e5 ingen tid med Nedis dampgenerator. Dette kraftfulde dampstrygejern er designet til effektivitet, brugervenlighed og holdbarhed \u2013 ideelt uanset om du skal stryge store m\u00e6ngder [&hellip;]<\/p>\n","protected":false},"featured_media":999980000004474470,"template":"","meta":[],"store":[1272516],"product_brand":[1272517],"product_cat":[1272508],"product_tag":[1272837,1275178],"class_list":{"0":"post-447447","1":"product","2":"type-product","3":"status-publish","4":"has-post-thumbnail","6":"store-butik24","7":"product_brand-nedis","8":"product_cat-husholdningsapparater","9":"product_tag-husholdningsapparater","10":"product_tag-nedis","11":"pa_maerke-nedis","13":"first","14":"instock","15":"product-type-external"},"_links":{"self":[{"href":"https:\/\/www.pricetornado.com\/da\/wp-json\/wp\/v2\/product\/447447","targetHints":{"allow":["GET"]}}],"collection":[{"href":"https:\/\/www.pricetornado.com\/da\/wp-json\/wp\/v2\/product"}],"about":[{"href":"https:\/\/www.pricetornado.com\/da\/wp-json\/wp\/v2\/types\/product"}],"wp:featuredmedia":[{"embeddable":true,"href":"https:\/\/www.pricetornado.com\/da\/wp-json\/"}],"wp:attachment":[{"href":"https:\/\/www.pricetornado.com\/da\/wp-json\/wp\/v2\/media?parent=447447"}],"wp:term":[{"taxonomy":"store","embeddable":true,"href":"https:\/\/www.pricetornado.com\/da\/wp-json\/wp\/v2\/store?post=447447"},{"taxonomy":"product_brand","embeddable":true,"href":"https:\/\/www.pricetornado.com\/da\/wp-json\/wp\/v2\/product_brand?post=447447"},{"taxonomy":"product_cat","embeddable":true,"href":"https:\/\/www.pricetornado.com\/da\/wp-json\/wp\/v2\/product_cat?post=447447"},{"taxonomy":"product_tag","embeddable":true,"href":"https:\/\/www.pricetornado.com\/da\/wp-json\/wp\/v2\/product_tag?post=447447"}],"curies":[{"name":"wp","href":"https:\/\/api.w.org\/{rel}","templated":true}]}}