{"id":447441,"date":"2025-02-26T05:43:56","date_gmt":"2025-02-26T04:43:56","guid":{"rendered":"https:\/\/www.pricetornado.com\/da\/produkt\/lenco-baerbar-dab-fm-radio-med-bluetooth-sort-pdr-033bk\/"},"modified":"2026-04-29T02:55:20","modified_gmt":"2026-04-29T00:55:20","slug":"lenco-baerbar-dab-fm-radio-med-bluetooth-sort-pdr-033bk","status":"publish","type":"product","link":"https:\/\/www.pricetornado.com\/da\/produkt\/lenco-baerbar-dab-fm-radio-med-bluetooth-sort-pdr-033bk\/","title":{"rendered":"Lenco &#8211; B\u00e6rbar DAB+\/FM-radio med Bluetooth Sort &#8211; PDR-033BK"},"content":{"rendered":"<p>K\u00f8b billig Lenco &#8211; B\u00e6rbar DAB+\/FM-radio med Bluetooth Sort &#8211; PDR-033BK!<br \/>\nLenco PDR-033 er en kompakt og alsidig DAB+-radio, som giver dig mulighed for at nyde b\u00e5de digitale og analoge radiostationer i h\u00f8j lydkvalitet. Ud over at kunne modtage alle kendte FM-stationer, f\u00e5r du adgang til de ekstra digitale DAB+-kanaler \u2013 helt uden forstyrrende st\u00f8j. Den kompakte st\u00f8rrelse p\u00e5 18 x 12 x 6 cm og det indbyggede genopladelige batteri g\u00f8r radioen let at have med, uanset om du bruger den derhjemme eller p\u00e5 farten. Batteriet giver op til 10 timers spilletid afh\u00e6ngigt af lydstyrke og anvendelse.Tr\u00e5dl\u00f8s musikstreaming med Bluetooth 5.3Med Bluetooth 5.3 kan du hurtigt og nemt tilslutte din smartphone eller tablet, s\u00e5 du kan afspille din yndlingsmusik direkte fra dine mobile enheder. Dette g\u00f8r Lenco PDR-033 til en alsidig musikafspiller og ikke bare en traditionel radio.Radioen er udstyret med en 1,77 tommer TFT LCD farvesk\u00e6rm, der tydeligt viser klokkesl\u00e6t, radiostation, signal og indstillinger. Sk\u00e6rmen kan d\u00e6mpes for at reducere str\u00f8mforbruget, og uret vises automatisk i standby-tilstand. For ekstra komfort har radioen:Lenco PDR-033 sikrer klar modtagelse af FM-kanaler via PLL FM og RDS, mens DAB+ leverer digital lyd uden forstyrrelser. Den neutrale og stilrene udformning g\u00f8r, at radioen harmonerer med ethvert hjem eller kontor. Du kan v\u00e6lge at lytte til musikken via h\u00f8jttaleren eller i fred og ro gennem hovedtelefoner.Auto-sleep timeren og den d\u00e6mpbare sk\u00e6rm hj\u00e6lper med at minimere str\u00f8mforbruget og forl\u00e6nge batteriets levetid. Radioen har fokus p\u00e5 nem betjening og maksimal mobilitet, uden avancerede beskyttelsesegenskaber, men er optimal til hverdagsbrug.Leder du efter en brugervenlig DAB+\/FM-radio med Bluetooth, lang batterilevetid, v\u00e6kkeurfunktioner og alsidige betjeningsmuligheder, er Lenco PDR-033 et oplagt valg \u2013 uanset om du bruger den i sovev\u00e6relset, stuen eller p\u00e5 farten.<\/p>\n<p>Sammenlign priser p\u00e5 Lenco &#8211; B\u00e6rbar DAB+\/FM-radio med Bluetooth Sort &#8211; PDR-033BK og k\u00f8b online til den billigste pris, samt p\u00e5 tilbud!\u00a0\u00a0Tjek den bedste pris, produkt beskrivelse, video, test, anmeldelser osv.<\/p>\n<p><strong>Brand: <\/strong>Lenco<br \/>\n<strong>EAN: <\/strong>8711902086376<br \/>\n<strong>Producentens varenr.:<\/strong> 8711902086376<\/p>\n<p><strong>P.S.<\/strong><br \/>\nTilmeld dig til &#8220;Opret Gratis Prisfald Alarm&#8221;, og bliv underrettet med det samme om prisfald p\u00e5 Lenco &#8211; B\u00e6rbar DAB+\/FM-radio med Bluetooth Sort &#8211; PDR-033BK, og f\u00e5 den billigste pris!<\/p>\n<p>&nbsp;<\/p>\n<p>&nbsp;<\/p>\n","protected":false},"excerpt":{"rendered":"<p>K\u00f8b billig Lenco &#8211; B\u00e6rbar DAB+\/FM-radio med Bluetooth Sort &#8211; PDR-033BK! Lenco PDR-033 er en kompakt og alsidig DAB+-radio, som giver dig mulighed for at nyde b\u00e5de digitale og analoge radiostationer i h\u00f8j lydkvalitet. Ud over at kunne modtage alle kendte FM-stationer, f\u00e5r du adgang til de ekstra digitale DAB+-kanaler \u2013 helt uden forstyrrende st\u00f8j. [&hellip;]<\/p>\n","protected":false},"featured_media":999980000004474410,"template":"","meta":[],"store":[1272516],"product_brand":[1272526],"product_cat":[1272439],"product_tag":[1275188,1272694],"class_list":{"0":"post-447441","1":"product","2":"type-product","3":"status-publish","4":"has-post-thumbnail","6":"store-butik24","7":"product_brand-lenco","8":"product_cat-radio-2","9":"product_tag-lenco","10":"product_tag-radio","11":"pa_maerke-lenco","13":"first","14":"instock","15":"product-type-external"},"_links":{"self":[{"href":"https:\/\/www.pricetornado.com\/da\/wp-json\/wp\/v2\/product\/447441","targetHints":{"allow":["GET"]}}],"collection":[{"href":"https:\/\/www.pricetornado.com\/da\/wp-json\/wp\/v2\/product"}],"about":[{"href":"https:\/\/www.pricetornado.com\/da\/wp-json\/wp\/v2\/types\/product"}],"wp:featuredmedia":[{"embeddable":true,"href":"https:\/\/www.pricetornado.com\/da\/wp-json\/"}],"wp:attachment":[{"href":"https:\/\/www.pricetornado.com\/da\/wp-json\/wp\/v2\/media?parent=447441"}],"wp:term":[{"taxonomy":"store","embeddable":true,"href":"https:\/\/www.pricetornado.com\/da\/wp-json\/wp\/v2\/store?post=447441"},{"taxonomy":"product_brand","embeddable":true,"href":"https:\/\/www.pricetornado.com\/da\/wp-json\/wp\/v2\/product_brand?post=447441"},{"taxonomy":"product_cat","embeddable":true,"href":"https:\/\/www.pricetornado.com\/da\/wp-json\/wp\/v2\/product_cat?post=447441"},{"taxonomy":"product_tag","embeddable":true,"href":"https:\/\/www.pricetornado.com\/da\/wp-json\/wp\/v2\/product_tag?post=447441"}],"curies":[{"name":"wp","href":"https:\/\/api.w.org\/{rel}","templated":true}]}}