{"id":447434,"date":"2025-02-23T05:34:41","date_gmt":"2025-02-23T04:34:41","guid":{"rendered":"https:\/\/www.pricetornado.com\/da\/produkt\/melissa-riskoger-15l-i-rustfrit-staal\/"},"modified":"2026-04-18T06:40:25","modified_gmt":"2026-04-18T04:40:25","slug":"melissa-riskoger-15l-i-rustfrit-staal","status":"publish","type":"product","link":"https:\/\/www.pricetornado.com\/da\/produkt\/melissa-riskoger-15l-i-rustfrit-staal\/","title":{"rendered":"Melissa Riskoger 1,5L i rustfrit st\u00e5l"},"content":{"rendered":"<p>K\u00f8b billig Melissa Riskoger 1,5L i rustfrit st\u00e5l!<br \/>\nEr du ogs\u00e5 tr\u00e6t af, at risene ofte br\u00e6nder p\u00e5 eller ikke bliver tilberedt korrekt? Melissa riskoger i rustfrit st\u00e5l er det ideelle valg for dig, der vil have perfekte ris \u2013 hver gang. Med en kapacitet p\u00e5 1,5 liter kan du nemt lave store portioner ris, hvilket g\u00f8r den velegnet til b\u00e5de familier og g\u00e6ster.Riskogeren er enkel at bruge: Afm\u00e5l den \u00f8nskede m\u00e6ngde ris, tils\u00e6t vand og salt, og tryk p\u00e5 knappen for at starte. Tilberedningen klares automatisk \u2013 riskogeren slukker selv og skifter derefter til holde-varm funktion, s\u00e5 risene forbliver serveringsklare.Med den medf\u00f8lgende dampsk\u00e5l kan du let dampe gr\u00f8ntsager og derved bevare flest mulige n\u00e6ringsstoffer. Den aftagelige indvendige beholder har en non-stick bel\u00e6gning, som forhindrer risene i at br\u00e6nde p\u00e5 og g\u00f8r reng\u00f8ringen let og hurtig.Ydersiden er fremstillet af rustfrit st\u00e5l, som ikke blot ser elegant ud, men ogs\u00e5 giver en ekstra holdbar og korrosionsbestandig konstruktion. Materialevalget sikrer lang levetid og sikkerhed mod rust.Tilbeh\u00f8r som m\u00e5leb\u00e6ger og spartel f\u00f8lger med, s\u00e5 du nemt kan dosere og servere risene. L\u00e5get i h\u00e6rdet glas g\u00f8r det let at f\u00f8lge med i tilberedningen, og de smarte cool touch-h\u00e5ndtag g\u00f8r det sikkert at h\u00e5ndtere maskinen under og efter brug.G\u00f8r madlavningen nemmere, hurtigere og mere p\u00e5lidelig med denne riskoger fra Melissa \u2013 din garanti for perfekt tilberedte ris og dampede gr\u00f8ntsager hver gang.<\/p>\n<p>Sammenlign priser p\u00e5 Melissa Riskoger 1,5L i rustfrit st\u00e5l og k\u00f8b online til den billigste pris, samt p\u00e5 tilbud!\u00a0\u00a0Tjek den bedste pris, produkt beskrivelse, video, test, anmeldelser osv.<\/p>\n<p><strong>Brand: <\/strong>Melissa<br \/>\n<strong>EAN: <\/strong>5707160018399<br \/>\n<strong>Producentens varenr.:<\/strong> 5707160018399<\/p>\n<p><strong>P.S.<\/strong><br \/>\nTilmeld dig til &#8220;Opret Gratis Prisfald Alarm&#8221;, og bliv underrettet med det samme om prisfald p\u00e5 Melissa Riskoger 1,5L i rustfrit st\u00e5l, og f\u00e5 den billigste pris!<\/p>\n<p>&nbsp;<\/p>\n<p>&nbsp;<\/p>\n","protected":false},"excerpt":{"rendered":"<p>K\u00f8b billig Melissa Riskoger 1,5L i rustfrit st\u00e5l! Er du ogs\u00e5 tr\u00e6t af, at risene ofte br\u00e6nder p\u00e5 eller ikke bliver tilberedt korrekt? Melissa riskoger i rustfrit st\u00e5l er det ideelle valg for dig, der vil have perfekte ris \u2013 hver gang. Med en kapacitet p\u00e5 1,5 liter kan du nemt lave store portioner ris, [&hellip;]<\/p>\n","protected":false},"featured_media":999980000004474340,"template":"","meta":[],"store":[1272516],"product_brand":[1272531],"product_cat":[1272418],"product_tag":[1272757,1275189],"class_list":{"0":"post-447434","1":"product","2":"type-product","3":"status-publish","4":"has-post-thumbnail","6":"store-butik24","7":"product_brand-melissa","8":"product_cat-koekkenmaskiner","9":"product_tag-koekkenmaskiner","10":"product_tag-melissa","11":"pa_maerke-melissa","13":"first","14":"instock","15":"product-type-external"},"_links":{"self":[{"href":"https:\/\/www.pricetornado.com\/da\/wp-json\/wp\/v2\/product\/447434","targetHints":{"allow":["GET"]}}],"collection":[{"href":"https:\/\/www.pricetornado.com\/da\/wp-json\/wp\/v2\/product"}],"about":[{"href":"https:\/\/www.pricetornado.com\/da\/wp-json\/wp\/v2\/types\/product"}],"wp:featuredmedia":[{"embeddable":true,"href":"https:\/\/www.pricetornado.com\/da\/wp-json\/"}],"wp:attachment":[{"href":"https:\/\/www.pricetornado.com\/da\/wp-json\/wp\/v2\/media?parent=447434"}],"wp:term":[{"taxonomy":"store","embeddable":true,"href":"https:\/\/www.pricetornado.com\/da\/wp-json\/wp\/v2\/store?post=447434"},{"taxonomy":"product_brand","embeddable":true,"href":"https:\/\/www.pricetornado.com\/da\/wp-json\/wp\/v2\/product_brand?post=447434"},{"taxonomy":"product_cat","embeddable":true,"href":"https:\/\/www.pricetornado.com\/da\/wp-json\/wp\/v2\/product_cat?post=447434"},{"taxonomy":"product_tag","embeddable":true,"href":"https:\/\/www.pricetornado.com\/da\/wp-json\/wp\/v2\/product_tag?post=447434"}],"curies":[{"name":"wp","href":"https:\/\/api.w.org\/{rel}","templated":true}]}}