{"id":447419,"date":"2025-02-21T18:54:08","date_gmt":"2025-02-21T17:54:08","guid":{"rendered":"https:\/\/www.pricetornado.com\/da\/produkt\/philips-bhb864-00-stylecare-kroellejern-25-mm\/"},"modified":"2026-04-17T04:30:23","modified_gmt":"2026-04-17T02:30:23","slug":"philips-bhb864-00-stylecare-kroellejern-25-mm","status":"publish","type":"product","link":"https:\/\/www.pricetornado.com\/da\/produkt\/philips-bhb864-00-stylecare-kroellejern-25-mm\/","title":{"rendered":"Philips BHB864\/00 StyleCare kr\u00f8llejern, 25 mm"},"content":{"rendered":"<p>K\u00f8b billig Philips BHB864\/00 StyleCare kr\u00f8llejern, 25 mm!<br \/>\nSkab nemt smukke, klassiske kr\u00f8ller med Philips StyleCare kr\u00f8llejern. Den 25 mm middelstore, turmalin-keramiske cylinder giver glat og glansfuldt h\u00e5r uden krus, samtidig med at h\u00e5ret beskyttes under stylingen. Med en maksimal varme p\u00e5 op til 200\u00b0C kan du style i \u00e9n bev\u00e6gelse og opn\u00e5 professionelle resultater hjemme.Det turmalin-keramiske lag s\u00f8rger for ultimativ bl\u00f8dhed og glans og beskytter mod varme-relateret skade. Kr\u00f8llejernet er klar til brug p\u00e5 kun 60 sekunder, s\u00e5 du hurtigt kan komme i gang med stylingen, uanset hvor travlt du har.Med otte digitale temperaturindstillinger kan du nemt tilpasse varmen til din h\u00e5rtype for optimal beskyttelse og kontrol. Funktionen med 30% st\u00f8rre stylingflade g\u00f8r det muligt at style langt eller kraftigt h\u00e5r endnu lettere.Med Philips StyleCare kr\u00f8llejern f\u00e5r du et p\u00e5lideligt og brugervenligt stylingredskab, der kombinerer avanceret teknologi med elegant design. G\u00e5 p\u00e5 opdagelse i flere kvalitetsprodukter fra og oplev, hvor nemt det kan v\u00e6re at opn\u00e5 perfekte, klassiske kr\u00f8ller \u2013 hver dag.<\/p>\n<p>Sammenlign priser p\u00e5 Philips BHB864\/00 StyleCare kr\u00f8llejern, 25 mm og k\u00f8b online til den billigste pris, samt p\u00e5 tilbud!\u00a0\u00a0Tjek den bedste pris, produkt beskrivelse, video, test, anmeldelser osv.<\/p>\n<p><strong>Brand: <\/strong>Philips<br \/>\n<strong>EAN: <\/strong>8710103764892<br \/>\n<strong>Producentens varenr.:<\/strong> 8710103764892<\/p>\n<p><strong>P.S.<\/strong><br \/>\nTilmeld dig til &#8220;Opret Gratis Prisfald Alarm&#8221;, og bliv underrettet med det samme om prisfald p\u00e5 Philips BHB864\/00 StyleCare kr\u00f8llejern, 25 mm, og f\u00e5 den billigste pris!<\/p>\n<p>&nbsp;<\/p>\n<p>&nbsp;<\/p>\n","protected":false},"excerpt":{"rendered":"<p>K\u00f8b billig Philips BHB864\/00 StyleCare kr\u00f8llejern, 25 mm! Skab nemt smukke, klassiske kr\u00f8ller med Philips StyleCare kr\u00f8llejern. Den 25 mm middelstore, turmalin-keramiske cylinder giver glat og glansfuldt h\u00e5r uden krus, samtidig med at h\u00e5ret beskyttes under stylingen. Med en maksimal varme p\u00e5 op til 200\u00b0C kan du style i \u00e9n bev\u00e6gelse og opn\u00e5 professionelle resultater [&hellip;]<\/p>\n","protected":false},"featured_media":999980000004474190,"template":"","meta":[],"store":[1272516],"product_brand":[1272519],"product_cat":[1272448],"product_tag":[1272953,1275180],"class_list":{"0":"post-447419","1":"product","2":"type-product","3":"status-publish","4":"has-post-thumbnail","6":"store-butik24","7":"product_brand-philips","8":"product_cat-haarpleje","9":"product_tag-haarpleje","10":"product_tag-philips","11":"pa_maerke-philips","13":"first","14":"instock","15":"product-type-external"},"_links":{"self":[{"href":"https:\/\/www.pricetornado.com\/da\/wp-json\/wp\/v2\/product\/447419","targetHints":{"allow":["GET"]}}],"collection":[{"href":"https:\/\/www.pricetornado.com\/da\/wp-json\/wp\/v2\/product"}],"about":[{"href":"https:\/\/www.pricetornado.com\/da\/wp-json\/wp\/v2\/types\/product"}],"wp:featuredmedia":[{"embeddable":true,"href":"https:\/\/www.pricetornado.com\/da\/wp-json\/"}],"wp:attachment":[{"href":"https:\/\/www.pricetornado.com\/da\/wp-json\/wp\/v2\/media?parent=447419"}],"wp:term":[{"taxonomy":"store","embeddable":true,"href":"https:\/\/www.pricetornado.com\/da\/wp-json\/wp\/v2\/store?post=447419"},{"taxonomy":"product_brand","embeddable":true,"href":"https:\/\/www.pricetornado.com\/da\/wp-json\/wp\/v2\/product_brand?post=447419"},{"taxonomy":"product_cat","embeddable":true,"href":"https:\/\/www.pricetornado.com\/da\/wp-json\/wp\/v2\/product_cat?post=447419"},{"taxonomy":"product_tag","embeddable":true,"href":"https:\/\/www.pricetornado.com\/da\/wp-json\/wp\/v2\/product_tag?post=447419"}],"curies":[{"name":"wp","href":"https:\/\/api.w.org\/{rel}","templated":true}]}}