{"id":447417,"date":"2025-02-26T17:37:37","date_gmt":"2025-02-26T16:37:37","guid":{"rendered":"https:\/\/www.pricetornado.com\/da\/produkt\/philips-festavia-hue-udendoers-lyskaede-med-globepaerer-14-meter-20-paere\/"},"modified":"2026-04-17T11:20:24","modified_gmt":"2026-04-17T09:20:24","slug":"philips-festavia-hue-udendoers-lyskaede-med-globepaerer-14-meter-20-paere","status":"publish","type":"product","link":"https:\/\/www.pricetornado.com\/da\/produkt\/philips-festavia-hue-udendoers-lyskaede-med-globepaerer-14-meter-20-paere\/","title":{"rendered":"Philips Festavia Hue udend\u00f8rs lysk\u00e6de med globep\u00e6rer, 14 meter, 20 p\u00e6re"},"content":{"rendered":"<p>K\u00f8b billig Philips Festavia Hue udend\u00f8rs lysk\u00e6de med globep\u00e6rer, 14 meter, 20 p\u00e6re!<br \/>\nSkab en hyggelig stemning eller festlige farver omkring din terrasse, altan eller ethvert andet udend\u00f8rs omr\u00e5de. Denne lysk\u00e6de med brudsikre globep\u00e6rer udsender et str\u00e5lende lys i m\u00e6ttede farver eller hvidt lys, uanset om du skaber en lysgradient eller animerede lyseffekter. Det sikre lavvoltssystem g\u00f8r det muligt at slutte den til en eksisterende stikkontakt ved hj\u00e6lp af den medf\u00f8lgende str\u00f8mforsyning.Fuldspektret lys (1000-20.000 K)<\/p>\n<p>Sammenlign priser p\u00e5 Philips Festavia Hue udend\u00f8rs lysk\u00e6de med globep\u00e6rer, 14 meter, 20 p\u00e6re og k\u00f8b online til den billigste pris, samt p\u00e5 tilbud!\u00a0\u00a0Tjek den bedste pris, produkt beskrivelse, video, test, anmeldelser osv.<\/p>\n<p><strong>Brand: <\/strong>Philips Hue<br \/>\n<strong>EAN: <\/strong>8720169371538<br \/>\n<strong>Producentens varenr.:<\/strong> 8720169371538<\/p>\n<p><strong>P.S.<\/strong><br \/>\nTilmeld dig til &#8220;Opret Gratis Prisfald Alarm&#8221;, og bliv underrettet med det samme om prisfald p\u00e5 Philips Festavia Hue udend\u00f8rs lysk\u00e6de med globep\u00e6rer, 14 meter, 20 p\u00e6re, og f\u00e5 den billigste pris!<\/p>\n<p>&nbsp;<\/p>\n<p>&nbsp;<\/p>\n","protected":false},"excerpt":{"rendered":"<p>K\u00f8b billig Philips Festavia Hue udend\u00f8rs lysk\u00e6de med globep\u00e6rer, 14 meter, 20 p\u00e6re! Skab en hyggelig stemning eller festlige farver omkring din terrasse, altan eller ethvert andet udend\u00f8rs omr\u00e5de. Denne lysk\u00e6de med brudsikre globep\u00e6rer udsender et str\u00e5lende lys i m\u00e6ttede farver eller hvidt lys, uanset om du skaber en lysgradient eller animerede lyseffekter. Det sikre [&hellip;]<\/p>\n","protected":false},"featured_media":999980000004474170,"template":"","meta":[],"store":[1272516],"product_brand":[1272523],"product_cat":[1272407],"product_tag":[1272697,1272767],"class_list":{"0":"post-447417","1":"product","2":"type-product","3":"status-publish","4":"has-post-thumbnail","6":"store-butik24","7":"product_brand-philips-hue","8":"product_cat-belysning-2","9":"product_tag-belysning","10":"product_tag-philips-hue","11":"pa_maerke-philips-hue","13":"first","14":"instock","15":"product-type-external"},"_links":{"self":[{"href":"https:\/\/www.pricetornado.com\/da\/wp-json\/wp\/v2\/product\/447417","targetHints":{"allow":["GET"]}}],"collection":[{"href":"https:\/\/www.pricetornado.com\/da\/wp-json\/wp\/v2\/product"}],"about":[{"href":"https:\/\/www.pricetornado.com\/da\/wp-json\/wp\/v2\/types\/product"}],"wp:featuredmedia":[{"embeddable":true,"href":"https:\/\/www.pricetornado.com\/da\/wp-json\/"}],"wp:attachment":[{"href":"https:\/\/www.pricetornado.com\/da\/wp-json\/wp\/v2\/media?parent=447417"}],"wp:term":[{"taxonomy":"store","embeddable":true,"href":"https:\/\/www.pricetornado.com\/da\/wp-json\/wp\/v2\/store?post=447417"},{"taxonomy":"product_brand","embeddable":true,"href":"https:\/\/www.pricetornado.com\/da\/wp-json\/wp\/v2\/product_brand?post=447417"},{"taxonomy":"product_cat","embeddable":true,"href":"https:\/\/www.pricetornado.com\/da\/wp-json\/wp\/v2\/product_cat?post=447417"},{"taxonomy":"product_tag","embeddable":true,"href":"https:\/\/www.pricetornado.com\/da\/wp-json\/wp\/v2\/product_tag?post=447417"}],"curies":[{"name":"wp","href":"https:\/\/api.w.org\/{rel}","templated":true}]}}