{"id":447416,"date":"2025-02-26T16:46:56","date_gmt":"2025-02-26T15:46:56","guid":{"rendered":"https:\/\/www.pricetornado.com\/da\/produkt\/pillivuyt-gourmet-forklaede-88-x-70-cm-brun\/"},"modified":"2026-04-17T02:09:58","modified_gmt":"2026-04-17T00:09:58","slug":"pillivuyt-gourmet-forklaede-88-x-70-cm-brun","status":"publish","type":"product","link":"https:\/\/www.pricetornado.com\/da\/produkt\/pillivuyt-gourmet-forklaede-88-x-70-cm-brun\/","title":{"rendered":"Pillivuyt Gourmet Forkl\u00e6de 88 x 70 cm Brun"},"content":{"rendered":"<p>K\u00f8b billig Pillivuyt Gourmet Forkl\u00e6de 88 x 70 cm Brun!<br \/>\nDette forkl\u00e6de er lavet af 100 % bomulds kanvas med kraftig v\u00e6vning, hvilket g\u00f8r det slidst\u00e6rkt og delvist vandafvisende. De l\u00e6kre detaljer i 100 % b\u00f8ffell\u00e6der giver b\u00e5de holdbarhed og et elegant udtryk, der med tiden udvikler en flot patina. Kanvasmaterialet g\u00f8r forkl\u00e6det nemt at reng\u00f8re \u2013 det kan let t\u00f8rres af med en fugtig klud. Med den t\u00e6tte og tunge v\u00e6vning f\u00e5r du et forkl\u00e6de, der egner sig til daglig brug og st\u00e5r imod slidtage.Forkl\u00e6det m\u00e5ler 88 x 70 cm, hvilket sikrer optimal beskyttelse, n\u00e5r du arbejder i k\u00f8kkenet. Det justerbare design g\u00f8r, at forkl\u00e6det kan tilpasses din h\u00f8jde for ekstra komfort. Du f\u00e5r en praktisk lomme, perfekt til opbevaring af redskaber, samt en strop, hvor viskestykket kan h\u00e6nge, mens du laver mad. Dette g\u00f8r forkl\u00e6det velegnet til b\u00e5de professionel brug og til hjemmekokken.V\u00e6lg et forkl\u00e6de, der kombinerer funktionalitet, slidstyrke og tidl\u00f8st design til dit k\u00f8kken. Tilf\u00f8j det til dit udstyr og oplev forskellen, n\u00e5r kvalitet og brugervenlighed g\u00e5r h\u00e5nd i h\u00e5nd.<\/p>\n<p>Sammenlign priser p\u00e5 Pillivuyt Gourmet Forkl\u00e6de 88 x 70 cm Brun og k\u00f8b online til den billigste pris, samt p\u00e5 tilbud!\u00a0\u00a0Tjek den bedste pris, produkt beskrivelse, video, test, anmeldelser osv.<\/p>\n<p><strong>Brand: <\/strong>Pillivuyt<br \/>\n<strong>EAN: <\/strong>5722000295730<br \/>\n<strong>Producentens varenr.:<\/strong> 5722000295730<\/p>\n<p><strong>P.S.<\/strong><br \/>\nTilmeld dig til &#8220;Opret Gratis Prisfald Alarm&#8221;, og bliv underrettet med det samme om prisfald p\u00e5 Pillivuyt Gourmet Forkl\u00e6de 88 x 70 cm Brun, og f\u00e5 den billigste pris!<\/p>\n<p>&nbsp;<\/p>\n<p>&nbsp;<\/p>\n","protected":false},"excerpt":{"rendered":"<p>K\u00f8b billig Pillivuyt Gourmet Forkl\u00e6de 88 x 70 cm Brun! Dette forkl\u00e6de er lavet af 100 % bomulds kanvas med kraftig v\u00e6vning, hvilket g\u00f8r det slidst\u00e6rkt og delvist vandafvisende. De l\u00e6kre detaljer i 100 % b\u00f8ffell\u00e6der giver b\u00e5de holdbarhed og et elegant udtryk, der med tiden udvikler en flot patina. Kanvasmaterialet g\u00f8r forkl\u00e6det nemt at [&hellip;]<\/p>\n","protected":false},"featured_media":999980000004474160,"template":"","meta":[],"store":[1272516],"product_brand":[1272529],"product_cat":[1272410],"product_tag":[1272681,1275179],"class_list":{"0":"post-447416","1":"product","2":"type-product","3":"status-publish","4":"has-post-thumbnail","6":"store-butik24","7":"product_brand-pillivuyt","8":"product_cat-koekkengrej","9":"product_tag-koekkengrej","10":"product_tag-pillivuyt","11":"pa_maerke-pillivuyt","13":"first","14":"instock","15":"product-type-external"},"_links":{"self":[{"href":"https:\/\/www.pricetornado.com\/da\/wp-json\/wp\/v2\/product\/447416","targetHints":{"allow":["GET"]}}],"collection":[{"href":"https:\/\/www.pricetornado.com\/da\/wp-json\/wp\/v2\/product"}],"about":[{"href":"https:\/\/www.pricetornado.com\/da\/wp-json\/wp\/v2\/types\/product"}],"wp:featuredmedia":[{"embeddable":true,"href":"https:\/\/www.pricetornado.com\/da\/wp-json\/"}],"wp:attachment":[{"href":"https:\/\/www.pricetornado.com\/da\/wp-json\/wp\/v2\/media?parent=447416"}],"wp:term":[{"taxonomy":"store","embeddable":true,"href":"https:\/\/www.pricetornado.com\/da\/wp-json\/wp\/v2\/store?post=447416"},{"taxonomy":"product_brand","embeddable":true,"href":"https:\/\/www.pricetornado.com\/da\/wp-json\/wp\/v2\/product_brand?post=447416"},{"taxonomy":"product_cat","embeddable":true,"href":"https:\/\/www.pricetornado.com\/da\/wp-json\/wp\/v2\/product_cat?post=447416"},{"taxonomy":"product_tag","embeddable":true,"href":"https:\/\/www.pricetornado.com\/da\/wp-json\/wp\/v2\/product_tag?post=447416"}],"curies":[{"name":"wp","href":"https:\/\/api.w.org\/{rel}","templated":true}]}}