{"id":447411,"date":"2025-02-21T09:50:44","date_gmt":"2025-02-21T08:50:44","guid":{"rendered":"https:\/\/www.pricetornado.com\/da\/produkt\/philips-hue-infuse-stor-loftslampe-425-cm-sort\/"},"modified":"2026-04-19T01:50:21","modified_gmt":"2026-04-18T23:50:21","slug":"philips-hue-infuse-stor-loftslampe-425-cm-sort","status":"publish","type":"product","link":"https:\/\/www.pricetornado.com\/da\/produkt\/philips-hue-infuse-stor-loftslampe-425-cm-sort\/","title":{"rendered":"Philips Hue Infuse stor loftslampe 42,5 cm &#8211; Sort"},"content":{"rendered":"<p>K\u00f8b billig Philips Hue Infuse stor loftslampe 42,5 cm &#8211; Sort!<br \/>\nDen store Philips Hue Infuse loftslampe i sort er ideel til st\u00f8rre rum s\u00e5som stuer, hvor den fylder rummet med et kraftigt lys og samtidig giver et subtilt sk\u00e6r op mod loftet. Lampen er fremstillet i holdbare materialer som metal og syntetisk, hvilket sikrer b\u00e5de lang levetid og et moderne udtryk. Med energieffektiv LED-teknologi og en forventet levetid p\u00e5 25.000 timer f\u00e5r du en holdbar og besparende belysningsl\u00f8sning til hjemmet.Skab den rette stemning til enhver lejlighed med mere end 16 millioner farver og et bredt spektrum af hvide nuancer fra 2000K til 6500K. Lampen tilbyder komplet lysd\u00e6mpning, s\u00e5 du let kan tilpasse lysstyrken fra kraftigt arbejdslys til d\u00e6mpet natlys. V\u00e6lg mellem fire forudindstillede belysningsscener designet til dagligdagens aktiviteter, eller sammens\u00e6t din egen atmosf\u00e6re med et tryk p\u00e5 en knap.Betjen op til 10 Hue lyskilder tr\u00e5dl\u00f8st via Hue Bluetooth appen, og juster enkelt lysstyrke og farver direkte fra din smartphone. Lampen fungerer med Amazon Alexa, Google Assistant og Apple HomeKit, s\u00e5 du nemt kan styre lyset med stemmekommandoer, hvis du har den rette smart home enhed. Vil du tage din belysning til n\u00e6ste niveau, kan du tilf\u00f8je en Hue Bridge (s\u00e6lges separat) og styre op til 50 lyskilder, automatisere belysningen og integrere ekstraudstyr som bev\u00e6gelsessensorer.Philips Hue Infuse loftslampen bruger energieffektive LED-moduler, der reducerer energiforbruget og minimerer behovet for udskiftning. Lampen har en IP20-klassificering og er klasse I (jordforbundet), hvilket giver en sikker og stabil belysningsl\u00f8sning velegnet til indend\u00f8rs brug.Opgrader belysningen i hjemmet med Philips Hue Infuse loftslampen og oplev avanceret, stemningsskabende og smart belysning, der tilpasser sig dine daglige behov.<\/p>\n<p>Sammenlign priser p\u00e5 Philips Hue Infuse stor loftslampe 42,5 cm &#8211; Sort og k\u00f8b online til den billigste pris, samt p\u00e5 tilbud!\u00a0\u00a0Tjek den bedste pris, produkt beskrivelse, video, test, anmeldelser osv.<\/p>\n<p><strong>Brand: <\/strong>Philips Hue<br \/>\n<strong>EAN: <\/strong>8718696176528<br \/>\n<strong>Producentens varenr.:<\/strong> 8718696176528<\/p>\n<p><strong>P.S.<\/strong><br \/>\nTilmeld dig til &#8220;Opret Gratis Prisfald Alarm&#8221;, og bliv underrettet med det samme om prisfald p\u00e5 Philips Hue Infuse stor loftslampe 42,5 cm &#8211; Sort, og f\u00e5 den billigste pris!<\/p>\n<p>&nbsp;<\/p>\n<p>&nbsp;<\/p>\n","protected":false},"excerpt":{"rendered":"<p>K\u00f8b billig Philips Hue Infuse stor loftslampe 42,5 cm &#8211; Sort! Den store Philips Hue Infuse loftslampe i sort er ideel til st\u00f8rre rum s\u00e5som stuer, hvor den fylder rummet med et kraftigt lys og samtidig giver et subtilt sk\u00e6r op mod loftet. Lampen er fremstillet i holdbare materialer som metal og syntetisk, hvilket sikrer [&hellip;]<\/p>\n","protected":false},"featured_media":999980000004474110,"template":"","meta":[],"store":[1272516],"product_brand":[1272523],"product_cat":[1272407],"product_tag":[1272697,1272767],"class_list":{"0":"post-447411","1":"product","2":"type-product","3":"status-publish","4":"has-post-thumbnail","6":"store-butik24","7":"product_brand-philips-hue","8":"product_cat-belysning-2","9":"product_tag-belysning","10":"product_tag-philips-hue","11":"pa_maerke-philips-hue","13":"first","14":"instock","15":"product-type-external"},"_links":{"self":[{"href":"https:\/\/www.pricetornado.com\/da\/wp-json\/wp\/v2\/product\/447411","targetHints":{"allow":["GET"]}}],"collection":[{"href":"https:\/\/www.pricetornado.com\/da\/wp-json\/wp\/v2\/product"}],"about":[{"href":"https:\/\/www.pricetornado.com\/da\/wp-json\/wp\/v2\/types\/product"}],"wp:featuredmedia":[{"embeddable":true,"href":"https:\/\/www.pricetornado.com\/da\/wp-json\/"}],"wp:attachment":[{"href":"https:\/\/www.pricetornado.com\/da\/wp-json\/wp\/v2\/media?parent=447411"}],"wp:term":[{"taxonomy":"store","embeddable":true,"href":"https:\/\/www.pricetornado.com\/da\/wp-json\/wp\/v2\/store?post=447411"},{"taxonomy":"product_brand","embeddable":true,"href":"https:\/\/www.pricetornado.com\/da\/wp-json\/wp\/v2\/product_brand?post=447411"},{"taxonomy":"product_cat","embeddable":true,"href":"https:\/\/www.pricetornado.com\/da\/wp-json\/wp\/v2\/product_cat?post=447411"},{"taxonomy":"product_tag","embeddable":true,"href":"https:\/\/www.pricetornado.com\/da\/wp-json\/wp\/v2\/product_tag?post=447411"}],"curies":[{"name":"wp","href":"https:\/\/api.w.org\/{rel}","templated":true}]}}