{"id":447409,"date":"2025-02-21T03:08:55","date_gmt":"2025-02-21T02:08:55","guid":{"rendered":"https:\/\/www.pricetornado.com\/da\/produkt\/philips-r6b4b260-10-genopladlig-batteri-aa-2600-mah-4-stk\/"},"modified":"2026-04-17T10:40:12","modified_gmt":"2026-04-17T08:40:12","slug":"philips-r6b4b260-10-genopladlig-batteri-aa-2600-mah-4-stk","status":"publish","type":"product","link":"https:\/\/www.pricetornado.com\/da\/produkt\/philips-r6b4b260-10-genopladlig-batteri-aa-2600-mah-4-stk\/","title":{"rendered":"Philips R6B4B260\/10 Genopladlig Batteri AA 2600 mAh 4-stk"},"content":{"rendered":"<p>K\u00f8b billig Philips R6B4B260\/10 Genopladlig Batteri AA 2600 mAh 4-stk!<br \/>\nOplev l\u00e6ngere driftstid til dine elektroniske enheder med Philips&apos; genopladelige AA-batterier, der har en kapacitet p\u00e5 2600 mAh. Disse batterier er ideelle til digitalkameraer og andre apparater med h\u00f8jt energiforbrug og sikrer, at du kan bruge din elektronik i l\u00e6ngere tid uden hyppige udskiftninger.Disse NiMH-batterier fra Philips kan genoplades mange gange uden betydeligt tab af ydeevne. De beh\u00f8ver ikke at blive afladet helt, f\u00f8r du lader dem op igen \u2013 du kan oplade dem, n\u00e5r det passer dig, hvilket giver b\u00e5de fleksibilitet og bekvemmelighed i dagligdagen.Batterierne er fremstillet uden skadelige tungmetaller som cadmium og kviks\u00f8lv. Dette g\u00f8r dem mere sikre at anvende og bedre for milj\u00f8et, da de mindsker m\u00e6ngden af skadelige stoffer og bidrager til at reducere batteriaffald. Den avancerede NiMH-teknologi sikrer desuden en stabil, holdbar ydeevne \u2013 selv efter mange genopladningscyklusser.V\u00e6lg Philips&apos; p\u00e5lidelige og effektive genopladelige AA-batterier for en nemmere og mere b\u00e6redygtig hverdag. Se ogs\u00e5 hele udvalget af batterier og tilbeh\u00f8r her.<\/p>\n<p>Sammenlign priser p\u00e5 Philips R6B4B260\/10 Genopladlig Batteri AA 2600 mAh 4-stk og k\u00f8b online til den billigste pris, samt p\u00e5 tilbud!\u00a0\u00a0Tjek den bedste pris, produkt beskrivelse, video, test, anmeldelser osv.<\/p>\n<p><strong>Brand: <\/strong>Philips<br \/>\n<strong>EAN: <\/strong>8710895959520<br \/>\n<strong>Producentens varenr.:<\/strong> 8710895959520<\/p>\n<p><strong>P.S.<\/strong><br \/>\nTilmeld dig til &#8220;Opret Gratis Prisfald Alarm&#8221;, og bliv underrettet med det samme om prisfald p\u00e5 Philips R6B4B260\/10 Genopladlig Batteri AA 2600 mAh 4-stk, og f\u00e5 den billigste pris!<\/p>\n<p>&nbsp;<\/p>\n<p>&nbsp;<\/p>\n","protected":false},"excerpt":{"rendered":"<p>K\u00f8b billig Philips R6B4B260\/10 Genopladlig Batteri AA 2600 mAh 4-stk! Oplev l\u00e6ngere driftstid til dine elektroniske enheder med Philips&apos; genopladelige AA-batterier, der har en kapacitet p\u00e5 2600 mAh. Disse batterier er ideelle til digitalkameraer og andre apparater med h\u00f8jt energiforbrug og sikrer, at du kan bruge din elektronik i l\u00e6ngere tid uden hyppige udskiftninger.Disse NiMH-batterier [&hellip;]<\/p>\n","protected":false},"featured_media":999980000004474090,"template":"","meta":[],"store":[1272516],"product_brand":[1272519],"product_cat":[1272435],"product_tag":[1272701,1275180],"class_list":{"0":"post-447409","1":"product","2":"type-product","3":"status-publish","4":"has-post-thumbnail","6":"store-butik24","7":"product_brand-philips","8":"product_cat-batteri","9":"product_tag-batteri","10":"product_tag-philips","11":"pa_maerke-philips","13":"first","14":"instock","15":"product-type-external"},"_links":{"self":[{"href":"https:\/\/www.pricetornado.com\/da\/wp-json\/wp\/v2\/product\/447409","targetHints":{"allow":["GET"]}}],"collection":[{"href":"https:\/\/www.pricetornado.com\/da\/wp-json\/wp\/v2\/product"}],"about":[{"href":"https:\/\/www.pricetornado.com\/da\/wp-json\/wp\/v2\/types\/product"}],"wp:featuredmedia":[{"embeddable":true,"href":"https:\/\/www.pricetornado.com\/da\/wp-json\/"}],"wp:attachment":[{"href":"https:\/\/www.pricetornado.com\/da\/wp-json\/wp\/v2\/media?parent=447409"}],"wp:term":[{"taxonomy":"store","embeddable":true,"href":"https:\/\/www.pricetornado.com\/da\/wp-json\/wp\/v2\/store?post=447409"},{"taxonomy":"product_brand","embeddable":true,"href":"https:\/\/www.pricetornado.com\/da\/wp-json\/wp\/v2\/product_brand?post=447409"},{"taxonomy":"product_cat","embeddable":true,"href":"https:\/\/www.pricetornado.com\/da\/wp-json\/wp\/v2\/product_cat?post=447409"},{"taxonomy":"product_tag","embeddable":true,"href":"https:\/\/www.pricetornado.com\/da\/wp-json\/wp\/v2\/product_tag?post=447409"}],"curies":[{"name":"wp","href":"https:\/\/api.w.org\/{rel}","templated":true}]}}