{"id":447405,"date":"2025-02-23T07:57:17","date_gmt":"2025-02-23T06:57:17","guid":{"rendered":"https:\/\/www.pricetornado.com\/da\/produkt\/philips-hd2330-90-sandwich-maskine\/"},"modified":"2026-04-29T12:50:17","modified_gmt":"2026-04-29T10:50:17","slug":"philips-hd2330-90-sandwich-maskine","status":"publish","type":"product","link":"https:\/\/www.pricetornado.com\/da\/produkt\/philips-hd2330-90-sandwich-maskine\/","title":{"rendered":"Philips HD2330\/90 Sandwich maskine"},"content":{"rendered":"<p>K\u00f8b billig Philips HD2330\/90 Sandwich maskine!<br \/>\nNyd alt fra spr\u00f8de paninier til l\u00e6kre fyldte sandwich med Philips 3000 Series Sandwich Maker. De holdbare non-stick grillplader varmer kraftigt og j\u00e6vnt, s\u00e5 du opn\u00e5r gyldne, spr\u00f8de resultater hver gang. Den effektive 750 W motor s\u00f8rger for hurtig opvarmning og perfekte sandwich, samtidig med at reng\u00f8ringen bliver let og problemfri.Philips HD2330\/90 sandwichmaskinen er designet med fokus p\u00e5 brugervenlighed og sikkerhed. De tydelige indikatorlamper viser, n\u00e5r maskinen varmer op og er klar til brug. Et nemt l\u00e5sesystem g\u00f8r det enkelt at \u00e5bne og lukke maskinen, mens en indbygget ledningsopruller holder styr p\u00e5 ledningen, s\u00e5 dit k\u00f8kken forbliver ryddeligt.De non-stick belagte grillplader forhindrer maden i at h\u00e6nge fast, hvilket g\u00f8r b\u00e5de madlavning og reng\u00f8ring nem og hurtig. Maskinens holdbare plastikkonstruktion kr\u00e6ver kun minimal vedligeholdelse i det daglige, s\u00e5 du kan f\u00e5 gl\u00e6de af din sandwichmaskine i mange \u00e5r. i vores sortiment, og oplev teknologi, der g\u00f8r hverdagen lettere.<\/p>\n<p>Sammenlign priser p\u00e5 Philips HD2330\/90 Sandwich maskine og k\u00f8b online til den billigste pris, samt p\u00e5 tilbud!\u00a0\u00a0Tjek den bedste pris, produkt beskrivelse, video, test, anmeldelser osv.<\/p>\n<p><strong>Brand: <\/strong>Philips<br \/>\n<strong>EAN: <\/strong>8720389032806<br \/>\n<strong>Producentens varenr.:<\/strong> 8720389032806<\/p>\n<p><strong>P.S.<\/strong><br \/>\nTilmeld dig til &#8220;Opret Gratis Prisfald Alarm&#8221;, og bliv underrettet med det samme om prisfald p\u00e5 Philips HD2330\/90 Sandwich maskine, og f\u00e5 den billigste pris!<\/p>\n<p>&nbsp;<\/p>\n<p>&nbsp;<\/p>\n","protected":false},"excerpt":{"rendered":"<p>K\u00f8b billig Philips HD2330\/90 Sandwich maskine! Nyd alt fra spr\u00f8de paninier til l\u00e6kre fyldte sandwich med Philips 3000 Series Sandwich Maker. De holdbare non-stick grillplader varmer kraftigt og j\u00e6vnt, s\u00e5 du opn\u00e5r gyldne, spr\u00f8de resultater hver gang. Den effektive 750 W motor s\u00f8rger for hurtig opvarmning og perfekte sandwich, samtidig med at reng\u00f8ringen bliver let [&hellip;]<\/p>\n","protected":false},"featured_media":999980000004474050,"template":"","meta":[],"store":[1272516],"product_brand":[1272519],"product_cat":[1272418],"product_tag":[1272757,1275180],"class_list":{"0":"post-447405","1":"product","2":"type-product","3":"status-publish","4":"has-post-thumbnail","6":"store-butik24","7":"product_brand-philips","8":"product_cat-koekkenmaskiner","9":"product_tag-koekkenmaskiner","10":"product_tag-philips","11":"pa_maerke-philips","13":"first","14":"instock","15":"product-type-external"},"_links":{"self":[{"href":"https:\/\/www.pricetornado.com\/da\/wp-json\/wp\/v2\/product\/447405","targetHints":{"allow":["GET"]}}],"collection":[{"href":"https:\/\/www.pricetornado.com\/da\/wp-json\/wp\/v2\/product"}],"about":[{"href":"https:\/\/www.pricetornado.com\/da\/wp-json\/wp\/v2\/types\/product"}],"wp:featuredmedia":[{"embeddable":true,"href":"https:\/\/www.pricetornado.com\/da\/wp-json\/"}],"wp:attachment":[{"href":"https:\/\/www.pricetornado.com\/da\/wp-json\/wp\/v2\/media?parent=447405"}],"wp:term":[{"taxonomy":"store","embeddable":true,"href":"https:\/\/www.pricetornado.com\/da\/wp-json\/wp\/v2\/store?post=447405"},{"taxonomy":"product_brand","embeddable":true,"href":"https:\/\/www.pricetornado.com\/da\/wp-json\/wp\/v2\/product_brand?post=447405"},{"taxonomy":"product_cat","embeddable":true,"href":"https:\/\/www.pricetornado.com\/da\/wp-json\/wp\/v2\/product_cat?post=447405"},{"taxonomy":"product_tag","embeddable":true,"href":"https:\/\/www.pricetornado.com\/da\/wp-json\/wp\/v2\/product_tag?post=447405"}],"curies":[{"name":"wp","href":"https:\/\/api.w.org\/{rel}","templated":true}]}}