{"id":447399,"date":"2025-02-24T11:49:02","date_gmt":"2025-02-24T10:49:02","guid":{"rendered":"https:\/\/www.pricetornado.com\/da\/produkt\/philips-lr14i10c-10-industrial-c-batteri-10-stk\/"},"modified":"2026-04-17T02:00:24","modified_gmt":"2026-04-17T00:00:24","slug":"philips-lr14i10c-10-industrial-c-batteri-10-stk","status":"publish","type":"product","link":"https:\/\/www.pricetornado.com\/da\/produkt\/philips-lr14i10c-10-industrial-c-batteri-10-stk\/","title":{"rendered":"Philips LR14I10C\/10 Industrial C Batteri 10-stk"},"content":{"rendered":"<p>K\u00f8b billig Philips LR14I10C\/10 Industrial C Batteri 10-stk!<br \/>\nPhilips industrial-batterier er udviklet til den professionelle bruger, der kr\u00e6ver en p\u00e5lidelig og ekstra kraftig str\u00f8mforsyning. Disse industrielle C batterier holder op til 5 gange l\u00e6ngere end almindelige batterier og er ideelle til anvendelse i sendere, modtagere, mobilt udstyr, lommelygter og andet kr\u00e6vende udstyr.Batteriet er baseret p\u00e5 alkalin-kemi, som sikrer stabil og effektiv str\u00f8m med en sp\u00e6nding p\u00e5 1,5V. Alkalin-sammens\u00e6tningen giver ikke kun en lang levetid, men er ogs\u00e5 fri for kadmium og kviks\u00f8lv, hvilket g\u00f8r det mere sikkert og milj\u00f8venligt.Standard C-st\u00f8rrelse, typiske m\u00e5l: ca. 50 mm h\u00f8jde og 26 mm diameterV\u00e6lg Philips industrial C batterier, n\u00e5r du har brug for p\u00e5lidelige og langtidsholdbare batterier til dit professionelle udstyr. Se hele udvalget af produkter hos Butik24.<\/p>\n<p>Sammenlign priser p\u00e5 Philips LR14I10C\/10 Industrial C Batteri 10-stk og k\u00f8b online til den billigste pris, samt p\u00e5 tilbud!\u00a0\u00a0Tjek den bedste pris, produkt beskrivelse, video, test, anmeldelser osv.<\/p>\n<p><strong>Brand: <\/strong>Philips<br \/>\n<strong>EAN: <\/strong>6959033840296<br \/>\n<strong>Producentens varenr.:<\/strong> 6959033840296<\/p>\n<p><strong>P.S.<\/strong><br \/>\nTilmeld dig til &#8220;Opret Gratis Prisfald Alarm&#8221;, og bliv underrettet med det samme om prisfald p\u00e5 Philips LR14I10C\/10 Industrial C Batteri 10-stk, og f\u00e5 den billigste pris!<\/p>\n<p>&nbsp;<\/p>\n<p>&nbsp;<\/p>\n","protected":false},"excerpt":{"rendered":"<p>K\u00f8b billig Philips LR14I10C\/10 Industrial C Batteri 10-stk! Philips industrial-batterier er udviklet til den professionelle bruger, der kr\u00e6ver en p\u00e5lidelig og ekstra kraftig str\u00f8mforsyning. Disse industrielle C batterier holder op til 5 gange l\u00e6ngere end almindelige batterier og er ideelle til anvendelse i sendere, modtagere, mobilt udstyr, lommelygter og andet kr\u00e6vende udstyr.Batteriet er baseret p\u00e5 [&hellip;]<\/p>\n","protected":false},"featured_media":999980000004473990,"template":"","meta":[],"store":[1272516],"product_brand":[1272519],"product_cat":[1272435],"product_tag":[1272701,1275180],"class_list":{"0":"post-447399","1":"product","2":"type-product","3":"status-publish","4":"has-post-thumbnail","6":"store-butik24","7":"product_brand-philips","8":"product_cat-batteri","9":"product_tag-batteri","10":"product_tag-philips","11":"pa_maerke-philips","13":"first","14":"instock","15":"product-type-external"},"_links":{"self":[{"href":"https:\/\/www.pricetornado.com\/da\/wp-json\/wp\/v2\/product\/447399","targetHints":{"allow":["GET"]}}],"collection":[{"href":"https:\/\/www.pricetornado.com\/da\/wp-json\/wp\/v2\/product"}],"about":[{"href":"https:\/\/www.pricetornado.com\/da\/wp-json\/wp\/v2\/types\/product"}],"wp:featuredmedia":[{"embeddable":true,"href":"https:\/\/www.pricetornado.com\/da\/wp-json\/"}],"wp:attachment":[{"href":"https:\/\/www.pricetornado.com\/da\/wp-json\/wp\/v2\/media?parent=447399"}],"wp:term":[{"taxonomy":"store","embeddable":true,"href":"https:\/\/www.pricetornado.com\/da\/wp-json\/wp\/v2\/store?post=447399"},{"taxonomy":"product_brand","embeddable":true,"href":"https:\/\/www.pricetornado.com\/da\/wp-json\/wp\/v2\/product_brand?post=447399"},{"taxonomy":"product_cat","embeddable":true,"href":"https:\/\/www.pricetornado.com\/da\/wp-json\/wp\/v2\/product_cat?post=447399"},{"taxonomy":"product_tag","embeddable":true,"href":"https:\/\/www.pricetornado.com\/da\/wp-json\/wp\/v2\/product_tag?post=447399"}],"curies":[{"name":"wp","href":"https:\/\/api.w.org\/{rel}","templated":true}]}}