{"id":447394,"date":"2025-02-24T12:23:51","date_gmt":"2025-02-24T11:23:51","guid":{"rendered":"https:\/\/www.pricetornado.com\/da\/produkt\/philips-oneblade-360-udskiftningsskaer-2-pakke-qp420-50\/"},"modified":"2026-04-17T08:00:24","modified_gmt":"2026-04-17T06:00:24","slug":"philips-oneblade-360-udskiftningsskaer-2-pakke-qp420-50","status":"publish","type":"product","link":"https:\/\/www.pricetornado.com\/da\/produkt\/philips-oneblade-360-udskiftningsskaer-2-pakke-qp420-50\/","title":{"rendered":"Philips OneBlade 360 udskiftningssk\u00e6r &#8211; 2 pakke &#8211; QP420\/50"},"content":{"rendered":"<p>K\u00f8b billig Philips OneBlade 360 udskiftningssk\u00e6r &#8211; 2 pakke &#8211; QP420\/50!<br \/>\nOplev en mere fleksibel og effektiv barbering med Philips OneBlade 360 udskiftningssk\u00e6r. Det innovative 360-sk\u00e6r kan b\u00f8jes i alle retninger, s\u00e5 det f\u00f8lger ansigtets naturlige konturer. Denne avancerede teknologi sikrer konstant hudkontakt, maksimal kontrol og g\u00f8r det nemt at trimme, barbere og forme kanter \u2013 selv p\u00e5 sv\u00e6rt tilg\u00e6ngelige omr\u00e5der \u2013 med f\u00e6rre str\u00f8g og optimal komfort.Philips OneBlade 360 er udviklet til b\u00e5de at trimme, barbere og skabe pr\u00e6cise konturer p\u00e5 sk\u00e6g og h\u00e5r i alle l\u00e6ngder. De dobbeltsidede barberblade muligg\u00f8r klipning b\u00e5de opad og nedad, hvilket giver skarpe linjer og et velsoigneret resultat. Den unikke dual protection-system med glidebel\u00e6gning og afrundede spidser beskytter huden og sikrer en behagelig barbering uden irritation.Blade er fremstillet af slidst\u00e6rkt rustfrit st\u00e5l, hvilket giver lang holdbarhed \u2013 op til fire m\u00e5neders brug ved almindelig barbering to gange om ugen. N\u00e5r sk\u00e6ret er slidt, vises et ejektionsikon som indikation for, at det skal udskiftes. De brugte blade kan genanvendes, hvilket g\u00f8r produktet milj\u00f8venligt.F\u00e5 mest muligt ud af din Philips OneBlade med dette avancerede 360\u00b0 udskiftningssk\u00e6r, der sikrer b\u00e5de kvalitet, komfort og alsidighed. Opdag flere produkter i vores udvalg af l\u00f8sninger og oplev skr\u00e6ddersyet pleje hver dag.<\/p>\n<p>Sammenlign priser p\u00e5 Philips OneBlade 360 udskiftningssk\u00e6r &#8211; 2 pakke &#8211; QP420\/50 og k\u00f8b online til den billigste pris, samt p\u00e5 tilbud!\u00a0\u00a0Tjek den bedste pris, produkt beskrivelse, video, test, anmeldelser osv.<\/p>\n<p><strong>Brand: <\/strong>Philips<br \/>\n<strong>EAN: <\/strong>8710103997146<br \/>\n<strong>Producentens varenr.:<\/strong> 8710103997146<\/p>\n<p><strong>P.S.<\/strong><br \/>\nTilmeld dig til &#8220;Opret Gratis Prisfald Alarm&#8221;, og bliv underrettet med det samme om prisfald p\u00e5 Philips OneBlade 360 udskiftningssk\u00e6r &#8211; 2 pakke &#8211; QP420\/50, og f\u00e5 den billigste pris!<\/p>\n<p>&nbsp;<\/p>\n<p>&nbsp;<\/p>\n","protected":false},"excerpt":{"rendered":"<p>K\u00f8b billig Philips OneBlade 360 udskiftningssk\u00e6r &#8211; 2 pakke &#8211; QP420\/50! Oplev en mere fleksibel og effektiv barbering med Philips OneBlade 360 udskiftningssk\u00e6r. Det innovative 360-sk\u00e6r kan b\u00f8jes i alle retninger, s\u00e5 det f\u00f8lger ansigtets naturlige konturer. Denne avancerede teknologi sikrer konstant hudkontakt, maksimal kontrol og g\u00f8r det nemt at trimme, barbere og forme kanter [&hellip;]<\/p>\n","protected":false},"featured_media":999980000004473940,"template":"","meta":[],"store":[1272516],"product_brand":[1272519],"product_cat":[1272413],"product_tag":[1272706,1275180],"class_list":{"0":"post-447394","1":"product","2":"type-product","3":"status-publish","4":"has-post-thumbnail","6":"store-butik24","7":"product_brand-philips","8":"product_cat-personlig-pleje","9":"product_tag-personlig-pleje","10":"product_tag-philips","11":"pa_maerke-philips","13":"first","14":"instock","15":"product-type-external"},"_links":{"self":[{"href":"https:\/\/www.pricetornado.com\/da\/wp-json\/wp\/v2\/product\/447394","targetHints":{"allow":["GET"]}}],"collection":[{"href":"https:\/\/www.pricetornado.com\/da\/wp-json\/wp\/v2\/product"}],"about":[{"href":"https:\/\/www.pricetornado.com\/da\/wp-json\/wp\/v2\/types\/product"}],"wp:featuredmedia":[{"embeddable":true,"href":"https:\/\/www.pricetornado.com\/da\/wp-json\/"}],"wp:attachment":[{"href":"https:\/\/www.pricetornado.com\/da\/wp-json\/wp\/v2\/media?parent=447394"}],"wp:term":[{"taxonomy":"store","embeddable":true,"href":"https:\/\/www.pricetornado.com\/da\/wp-json\/wp\/v2\/store?post=447394"},{"taxonomy":"product_brand","embeddable":true,"href":"https:\/\/www.pricetornado.com\/da\/wp-json\/wp\/v2\/product_brand?post=447394"},{"taxonomy":"product_cat","embeddable":true,"href":"https:\/\/www.pricetornado.com\/da\/wp-json\/wp\/v2\/product_cat?post=447394"},{"taxonomy":"product_tag","embeddable":true,"href":"https:\/\/www.pricetornado.com\/da\/wp-json\/wp\/v2\/product_tag?post=447394"}],"curies":[{"name":"wp","href":"https:\/\/api.w.org\/{rel}","templated":true}]}}