{"id":447391,"date":"2025-02-26T15:53:02","date_gmt":"2025-02-26T14:53:02","guid":{"rendered":"https:\/\/www.pricetornado.com\/da\/produkt\/philips-hd9904-01-airfryer-tilbehoerssaet\/"},"modified":"2026-04-18T02:10:27","modified_gmt":"2026-04-18T00:10:27","slug":"philips-hd9904-01-airfryer-tilbehoerssaet","status":"publish","type":"product","link":"https:\/\/www.pricetornado.com\/da\/produkt\/philips-hd9904-01-airfryer-tilbehoerssaet\/","title":{"rendered":"Philips HD9904\/01 Airfryer Tilbeh\u00f8rss\u00e6t"},"content":{"rendered":"<p>K\u00f8b billig Philips HD9904\/01 Airfryer Tilbeh\u00f8rss\u00e6t!<br \/>\nMed Philips airfryer tilbeh\u00f8rss\u00e6t f\u00e5r du alt, du beh\u00f8ver for at g\u00f8re madlavning til fester, familiebes\u00f8g og hverdagsm\u00e5ltider nem og alsidig. S\u00e6ttet giver mulighed for at tilberede flere retter p\u00e5 samme tid og byder p\u00e5 b\u00e5de tilbeh\u00f8r og opskrifter, s\u00e5 du kan lave l\u00e6kre snacks og selskabsretter p\u00e5 den nemme m\u00e5de.Det medf\u00f8lgende dobbeltlagstilbeh\u00f8r i rustfrit st\u00e5l fordobler tilberedningsarealet i din airfryer, s\u00e5 du kan lave eksempelvis burgere, kyllingevinger eller fisk samtidigt og dermed spare tid. De 7 silikonemuffinforme g\u00f8r det muligt at bage sm\u00e5kager, muffins og portionerede snacks \u2013 perfekt til b\u00e5de hyggelige stunder og st\u00f8rre arrangementer. Silikonen sikrer nem frig\u00f8relse af bagv\u00e6rk og g\u00f8r formene modstandsdygtige over for h\u00f8je temperaturer.Tilbeh\u00f8rss\u00e6ttet er fremstillet prim\u00e6rt af rustfrit st\u00e5l, hvilket g\u00f8r det slidst\u00e6rkt og varmebestandigt under airfryer-brug. Silikonemuffinformene er giftfrie og t\u00e5ler h\u00f8je temperaturer uden at tage skade. Alle dele kan reng\u00f8res i opvaskemaskinen for nem og bekvem vedligeholdelse.Du f\u00e5r et opskriftsh\u00e6fte med i s\u00e6ttet, der indeholder indk\u00f8ringsvenlige opskrifter, tidsskemaer samt tips til brug af din airfryer. Dette hj\u00e6lper dig med at udforske nye m\u00e5der at tilberede mad p\u00e5 og g\u00f8r det nemt at arrangere vellykkede airfryer-fester eller hverdagsm\u00e5ltider med mindre anstrengelse.G\u00f8r din Philips airfryer endnu mere alsidig med dette tilbeh\u00f8rss\u00e6t og nyd lette, l\u00e6kre retter hver dag. Se hele udvalget af tilbeh\u00f8r her p\u00e5 Butik24 og f\u00e5 mest muligt ud af din airfryer.<\/p>\n<p>Sammenlign priser p\u00e5 Philips HD9904\/01 Airfryer Tilbeh\u00f8rss\u00e6t og k\u00f8b online til den billigste pris, samt p\u00e5 tilbud!\u00a0\u00a0Tjek den bedste pris, produkt beskrivelse, video, test, anmeldelser osv.<\/p>\n<p><strong>Brand: <\/strong>Philips<br \/>\n<strong>EAN: <\/strong>8710103878698<br \/>\n<strong>Producentens varenr.:<\/strong> 8710103878698<\/p>\n<p><strong>P.S.<\/strong><br \/>\nTilmeld dig til &#8220;Opret Gratis Prisfald Alarm&#8221;, og bliv underrettet med det samme om prisfald p\u00e5 Philips HD9904\/01 Airfryer Tilbeh\u00f8rss\u00e6t, og f\u00e5 den billigste pris!<\/p>\n<p>&nbsp;<\/p>\n<p>&nbsp;<\/p>\n","protected":false},"excerpt":{"rendered":"<p>K\u00f8b billig Philips HD9904\/01 Airfryer Tilbeh\u00f8rss\u00e6t! Med Philips airfryer tilbeh\u00f8rss\u00e6t f\u00e5r du alt, du beh\u00f8ver for at g\u00f8re madlavning til fester, familiebes\u00f8g og hverdagsm\u00e5ltider nem og alsidig. S\u00e6ttet giver mulighed for at tilberede flere retter p\u00e5 samme tid og byder p\u00e5 b\u00e5de tilbeh\u00f8r og opskrifter, s\u00e5 du kan lave l\u00e6kre snacks og selskabsretter p\u00e5 den [&hellip;]<\/p>\n","protected":false},"featured_media":999980000004473910,"template":"","meta":[],"store":[1272516],"product_brand":[1272519],"product_cat":[831418],"product_tag":[1272683,1275180],"class_list":{"0":"post-447391","1":"product","2":"type-product","3":"status-publish","4":"has-post-thumbnail","6":"store-butik24","7":"product_brand-philips","8":"product_cat-koekkenudstyr","9":"product_tag-koekkenudstyr","10":"product_tag-philips","11":"pa_maerke-philips","13":"first","14":"instock","15":"product-type-external"},"_links":{"self":[{"href":"https:\/\/www.pricetornado.com\/da\/wp-json\/wp\/v2\/product\/447391","targetHints":{"allow":["GET"]}}],"collection":[{"href":"https:\/\/www.pricetornado.com\/da\/wp-json\/wp\/v2\/product"}],"about":[{"href":"https:\/\/www.pricetornado.com\/da\/wp-json\/wp\/v2\/types\/product"}],"wp:featuredmedia":[{"embeddable":true,"href":"https:\/\/www.pricetornado.com\/da\/wp-json\/"}],"wp:attachment":[{"href":"https:\/\/www.pricetornado.com\/da\/wp-json\/wp\/v2\/media?parent=447391"}],"wp:term":[{"taxonomy":"store","embeddable":true,"href":"https:\/\/www.pricetornado.com\/da\/wp-json\/wp\/v2\/store?post=447391"},{"taxonomy":"product_brand","embeddable":true,"href":"https:\/\/www.pricetornado.com\/da\/wp-json\/wp\/v2\/product_brand?post=447391"},{"taxonomy":"product_cat","embeddable":true,"href":"https:\/\/www.pricetornado.com\/da\/wp-json\/wp\/v2\/product_cat?post=447391"},{"taxonomy":"product_tag","embeddable":true,"href":"https:\/\/www.pricetornado.com\/da\/wp-json\/wp\/v2\/product_tag?post=447391"}],"curies":[{"name":"wp","href":"https:\/\/api.w.org\/{rel}","templated":true}]}}