{"id":447390,"date":"2025-02-27T02:37:40","date_gmt":"2025-02-27T01:37:40","guid":{"rendered":"https:\/\/www.pricetornado.com\/da\/produkt\/philips-ledclassic-25w-t25s-e14-klar-ikke-daempbar-1-pak\/"},"modified":"2026-04-19T08:00:26","modified_gmt":"2026-04-19T06:00:26","slug":"philips-ledclassic-25w-t25s-e14-klar-ikke-daempbar-1-pak","status":"publish","type":"product","link":"https:\/\/www.pricetornado.com\/da\/produkt\/philips-ledclassic-25w-t25s-e14-klar-ikke-daempbar-1-pak\/","title":{"rendered":"PHILIPS LEDClassic 25W T25S E14 klar ikke d\u00e6mpbar 1 pak"},"content":{"rendered":"<p>K\u00f8b billig PHILIPS LEDClassic 25W T25S E14 klar ikke d\u00e6mpbar 1 pak!<br \/>\nPhilips LEDClassic 25W T25S E14 p\u00e6ren udsender et smukt, varmt hvidt lys og skaber en indbydende atmosf\u00e6re i dit hjem. Med sit klare glas og rene, elegante design er denne LED-p\u00e6re en perfekt erstatning for traditionelle klare gl\u00f8dep\u00e6rer.P\u00e6ren har en klassisk T25S stearinlysform, der giver et traditionelt udtryk samtidig med, at du opn\u00e5r de mange fordele ved moderne LED-teknologi. Den er udstyret med en E14 skruesokkel, som passer til standard sm\u00e5 lamper, eksempelvis lysekroner og v\u00e6glamper.Bem\u00e6rkelsesv\u00e6rdige energibesparelser sammenlignet med en klassisk 25W gl\u00f8dep\u00e6re \u2013 du sk\u00e6rer ned p\u00e5 str\u00f8mforbruget fra f\u00f8rste ibrugtagning.Lang levetid op til 15.000 timer reducerer behovet for hyppige udskiftninger og sparer dig penge p\u00e5 den lange bane.LED-teknologi betyder v\u00e6sentligt lavere varmeudvikling end traditionelle gl\u00f8dep\u00e6rer, hvilket g\u00f8r denne p\u00e6re mere sikker at anvende og reducerer risikoen for forbr\u00e6ndinger og brand. Bem\u00e6rk, at denne p\u00e6re ikke er d\u00e6mpbar, hvilket g\u00f8r den enkel og fleksibel til basisbelysning.V\u00e6lg Philips LEDClassic T25S E14 for at kombinere klassisk design, energibesparelse og holdbarhed. Se flere belysningsmuligheder hos .<\/p>\n<p>Sammenlign priser p\u00e5 PHILIPS LEDClassic 25W T25S E14 klar ikke d\u00e6mpbar 1 pak og k\u00f8b online til den billigste pris, samt p\u00e5 tilbud!\u00a0\u00a0Tjek den bedste pris, produkt beskrivelse, video, test, anmeldelser osv.<\/p>\n<p><strong>Brand: <\/strong>Philips<br \/>\n<strong>EAN: <\/strong>929003501201<br \/>\n<strong>Producentens varenr.:<\/strong> 929003501201<\/p>\n<p><strong>P.S.<\/strong><br \/>\nTilmeld dig til &#8220;Opret Gratis Prisfald Alarm&#8221;, og bliv underrettet med det samme om prisfald p\u00e5 PHILIPS LEDClassic 25W T25S E14 klar ikke d\u00e6mpbar 1 pak, og f\u00e5 den billigste pris!<\/p>\n<p>&nbsp;<\/p>\n<p>&nbsp;<\/p>\n","protected":false},"excerpt":{"rendered":"<p>K\u00f8b billig PHILIPS LEDClassic 25W T25S E14 klar ikke d\u00e6mpbar 1 pak! Philips LEDClassic 25W T25S E14 p\u00e6ren udsender et smukt, varmt hvidt lys og skaber en indbydende atmosf\u00e6re i dit hjem. Med sit klare glas og rene, elegante design er denne LED-p\u00e6re en perfekt erstatning for traditionelle klare gl\u00f8dep\u00e6rer.P\u00e6ren har en klassisk T25S stearinlysform, [&hellip;]<\/p>\n","protected":false},"featured_media":999980000004473900,"template":"","meta":[],"store":[1272516],"product_brand":[1272519],"product_cat":[1272407],"product_tag":[1272697,1275180],"class_list":{"0":"post-447390","1":"product","2":"type-product","3":"status-publish","4":"has-post-thumbnail","6":"store-butik24","7":"product_brand-philips","8":"product_cat-belysning-2","9":"product_tag-belysning","10":"product_tag-philips","11":"pa_maerke-philips","13":"first","14":"instock","15":"product-type-external"},"_links":{"self":[{"href":"https:\/\/www.pricetornado.com\/da\/wp-json\/wp\/v2\/product\/447390","targetHints":{"allow":["GET"]}}],"collection":[{"href":"https:\/\/www.pricetornado.com\/da\/wp-json\/wp\/v2\/product"}],"about":[{"href":"https:\/\/www.pricetornado.com\/da\/wp-json\/wp\/v2\/types\/product"}],"wp:featuredmedia":[{"embeddable":true,"href":"https:\/\/www.pricetornado.com\/da\/wp-json\/"}],"wp:attachment":[{"href":"https:\/\/www.pricetornado.com\/da\/wp-json\/wp\/v2\/media?parent=447390"}],"wp:term":[{"taxonomy":"store","embeddable":true,"href":"https:\/\/www.pricetornado.com\/da\/wp-json\/wp\/v2\/store?post=447390"},{"taxonomy":"product_brand","embeddable":true,"href":"https:\/\/www.pricetornado.com\/da\/wp-json\/wp\/v2\/product_brand?post=447390"},{"taxonomy":"product_cat","embeddable":true,"href":"https:\/\/www.pricetornado.com\/da\/wp-json\/wp\/v2\/product_cat?post=447390"},{"taxonomy":"product_tag","embeddable":true,"href":"https:\/\/www.pricetornado.com\/da\/wp-json\/wp\/v2\/product_tag?post=447390"}],"curies":[{"name":"wp","href":"https:\/\/api.w.org\/{rel}","templated":true}]}}