{"id":447386,"date":"2025-02-24T01:15:01","date_gmt":"2025-02-24T00:15:01","guid":{"rendered":"https:\/\/www.pricetornado.com\/da\/produkt\/nedis-htpa20ebk-terrassevarmer\/"},"modified":"2026-04-20T10:40:47","modified_gmt":"2026-04-20T08:40:47","slug":"nedis-htpa20ebk-terrassevarmer","status":"publish","type":"product","link":"https:\/\/www.pricetornado.com\/da\/produkt\/nedis-htpa20ebk-terrassevarmer\/","title":{"rendered":"Nedis HTPA20EBK Terrassevarmer"},"content":{"rendered":"<p>K\u00f8b billig Nedis HTPA20EBK Terrassevarmer!<br \/>\nNyd de sene sommeraftener eller de k\u00f8ligere dage p\u00e5 terrassen med denne moderne og elegante Nedis terrassevarmer. Varmeren m\u00e5ler 82 cm i h\u00f8jden og har en bunddiameter p\u00e5 kun 27 cm, hvilket g\u00f8r den nem at placere uden at optage un\u00f8dig plads. Den effektive kulfiberlampe sikrer hurtig og behagelig varme, selv i \u00e5bne omr\u00e5der, hvor der kan v\u00e6re en smule vind.Terrassevarmeren er udstyret med to varmeindstillinger \u2013 600 W og 1200 W \u2013 s\u00e5 du nemt kan tilpasse varmen efter behov. Den praktiske oscillationsfunktion s\u00f8rger for, at varmen fordeles j\u00e6vnt omkring varmeren, hvilket er ideelt, hvis flere personer opholder sig p\u00e5 terrassen.For ekstra sikkerhed er terrassevarmeren udstyret med v\u00e6ltebeskyttelse, som automatisk slukker enheden, hvis den v\u00e6lter. Med IP24-klassificering er den beskyttet mod vandspr\u00f8jt, s\u00e5 du trygt kan anvende den i overd\u00e6kkede udend\u00f8rsomr\u00e5der. Dette g\u00f8r den til et sikkert valg til terrassen eller altanen under tag.Med Nedis terrassevarmer f\u00e5r du en stilfuld og effektiv l\u00f8sning til at forl\u00e6nge udend\u00f8rss\u00e6sonen og skabe behagelige rammer hele \u00e5ret. Udforsk flere l\u00f8sninger fra og find de bedste produkter til b\u00e5de komfort og sikkerhed p\u00e5 terrassen.<\/p>\n<p>Sammenlign priser p\u00e5 Nedis HTPA20EBK Terrassevarmer og k\u00f8b online til den billigste pris, samt p\u00e5 tilbud!\u00a0\u00a0Tjek den bedste pris, produkt beskrivelse, video, test, anmeldelser osv.<\/p>\n<p><strong>Brand: <\/strong>Nedis<br \/>\n<strong>EAN: <\/strong>5412810336005<br \/>\n<strong>Producentens varenr.:<\/strong> 5412810336005<\/p>\n<p><strong>P.S.<\/strong><br \/>\nTilmeld dig til &#8220;Opret Gratis Prisfald Alarm&#8221;, og bliv underrettet med det samme om prisfald p\u00e5 Nedis HTPA20EBK Terrassevarmer, og f\u00e5 den billigste pris!<\/p>\n<p>&nbsp;<\/p>\n<p>&nbsp;<\/p>\n","protected":false},"excerpt":{"rendered":"<p>K\u00f8b billig Nedis HTPA20EBK Terrassevarmer! Nyd de sene sommeraftener eller de k\u00f8ligere dage p\u00e5 terrassen med denne moderne og elegante Nedis terrassevarmer. Varmeren m\u00e5ler 82 cm i h\u00f8jden og har en bunddiameter p\u00e5 kun 27 cm, hvilket g\u00f8r den nem at placere uden at optage un\u00f8dig plads. Den effektive kulfiberlampe sikrer hurtig og behagelig varme, [&hellip;]<\/p>\n","protected":false},"featured_media":999980000004473860,"template":"","meta":[],"store":[1272516],"product_brand":[1272517],"product_cat":[1272461],"product_tag":[1272817,1275178],"class_list":{"0":"post-447386","1":"product","2":"type-product","3":"status-publish","4":"has-post-thumbnail","6":"store-butik24","7":"product_brand-nedis","8":"product_cat-hjemmet","9":"product_tag-hjemmet","10":"product_tag-nedis","11":"pa_maerke-nedis","13":"first","14":"instock","15":"product-type-external"},"_links":{"self":[{"href":"https:\/\/www.pricetornado.com\/da\/wp-json\/wp\/v2\/product\/447386","targetHints":{"allow":["GET"]}}],"collection":[{"href":"https:\/\/www.pricetornado.com\/da\/wp-json\/wp\/v2\/product"}],"about":[{"href":"https:\/\/www.pricetornado.com\/da\/wp-json\/wp\/v2\/types\/product"}],"wp:featuredmedia":[{"embeddable":true,"href":"https:\/\/www.pricetornado.com\/da\/wp-json\/"}],"wp:attachment":[{"href":"https:\/\/www.pricetornado.com\/da\/wp-json\/wp\/v2\/media?parent=447386"}],"wp:term":[{"taxonomy":"store","embeddable":true,"href":"https:\/\/www.pricetornado.com\/da\/wp-json\/wp\/v2\/store?post=447386"},{"taxonomy":"product_brand","embeddable":true,"href":"https:\/\/www.pricetornado.com\/da\/wp-json\/wp\/v2\/product_brand?post=447386"},{"taxonomy":"product_cat","embeddable":true,"href":"https:\/\/www.pricetornado.com\/da\/wp-json\/wp\/v2\/product_cat?post=447386"},{"taxonomy":"product_tag","embeddable":true,"href":"https:\/\/www.pricetornado.com\/da\/wp-json\/wp\/v2\/product_tag?post=447386"}],"curies":[{"name":"wp","href":"https:\/\/api.w.org\/{rel}","templated":true}]}}