{"id":447380,"date":"2025-02-27T18:17:46","date_gmt":"2025-02-27T17:17:46","guid":{"rendered":"https:\/\/www.pricetornado.com\/da\/produkt\/laven-pd-6w-27k-bl-hv-06\/"},"modified":"2026-04-18T03:21:07","modified_gmt":"2026-04-18T01:21:07","slug":"laven-pd-6w-27k-bl-hv-06","status":"publish","type":"product","link":"https:\/\/www.pricetornado.com\/da\/produkt\/laven-pd-6w-27k-bl-hv-06\/","title":{"rendered":"Laven PD 6W 27K BL HV 06"},"content":{"rendered":"<p>K\u00f8b billig Laven PD 6W 27K BL HV 06!<br \/>\nDenne udend\u00f8rslampe er designet efter de nyeste trends og livsstile og hj\u00e6lper dig med at skabe den stemning, du altid har \u00f8nsket i dit udend\u00f8rsomr\u00e5de. Lampen udsender et behageligt, varmt hvidt lys med en farvetemperatur p\u00e5 2700K og en lysstyrke p\u00e5 720 lumen, hvilket giver et ensartet og hyggeligt lys i haven, indk\u00f8rslen eller p\u00e5 stier.Lampen er fremstillet med materialer og overflader, der modst\u00e5r vejrets p\u00e5virkninger, herunder rustfrit st\u00e5l og vejrbestandige finish for optimal korrosionsbeskyttelse og lang holdbarhed i udend\u00f8rs milj\u00f8er. Med IP44-klassificering er lampen beskyttet mod st\u00f8v og vandst\u00e6nk, hvilket sikrer p\u00e5lidelig drift \u00e5ret rundt.Ikke-d\u00e6mpbar LED-teknologi med op til 25.000 timers levetidMed denne udend\u00f8rslampe f\u00e5r du b\u00e5de funktionalitet og et moderne design, der let kan integreres i forskellige udend\u00f8rsomr\u00e5der. Oplev mere udend\u00f8rsbelysning og andre produkter fra for at finde den bedste l\u00f8sning til dit hjem.<\/p>\n<p>Sammenlign priser p\u00e5 Laven PD 6W 27K BL HV 06 og k\u00f8b online til den billigste pris, samt p\u00e5 tilbud!\u00a0\u00a0Tjek den bedste pris, produkt beskrivelse, video, test, anmeldelser osv.<\/p>\n<p><strong>Brand: <\/strong>Philips<br \/>\n<strong>EAN: <\/strong>8720169266674<br \/>\n<strong>Producentens varenr.:<\/strong> 8720169266674<\/p>\n<p><strong>P.S.<\/strong><br \/>\nTilmeld dig til &#8220;Opret Gratis Prisfald Alarm&#8221;, og bliv underrettet med det samme om prisfald p\u00e5 Laven PD 6W 27K BL HV 06, og f\u00e5 den billigste pris!<\/p>\n<p>&nbsp;<\/p>\n<p>&nbsp;<\/p>\n","protected":false},"excerpt":{"rendered":"<p>K\u00f8b billig Laven PD 6W 27K BL HV 06! Denne udend\u00f8rslampe er designet efter de nyeste trends og livsstile og hj\u00e6lper dig med at skabe den stemning, du altid har \u00f8nsket i dit udend\u00f8rsomr\u00e5de. Lampen udsender et behageligt, varmt hvidt lys med en farvetemperatur p\u00e5 2700K og en lysstyrke p\u00e5 720 lumen, hvilket giver et [&hellip;]<\/p>\n","protected":false},"featured_media":999980000004473800,"template":"","meta":[],"store":[1272516],"product_brand":[1272519],"product_cat":[1272407],"product_tag":[1272697,1275180],"class_list":{"0":"post-447380","1":"product","2":"type-product","3":"status-publish","4":"has-post-thumbnail","6":"store-butik24","7":"product_brand-philips","8":"product_cat-belysning-2","9":"product_tag-belysning","10":"product_tag-philips","11":"pa_maerke-philips","13":"first","14":"instock","15":"product-type-external"},"_links":{"self":[{"href":"https:\/\/www.pricetornado.com\/da\/wp-json\/wp\/v2\/product\/447380","targetHints":{"allow":["GET"]}}],"collection":[{"href":"https:\/\/www.pricetornado.com\/da\/wp-json\/wp\/v2\/product"}],"about":[{"href":"https:\/\/www.pricetornado.com\/da\/wp-json\/wp\/v2\/types\/product"}],"wp:featuredmedia":[{"embeddable":true,"href":"https:\/\/www.pricetornado.com\/da\/wp-json\/"}],"wp:attachment":[{"href":"https:\/\/www.pricetornado.com\/da\/wp-json\/wp\/v2\/media?parent=447380"}],"wp:term":[{"taxonomy":"store","embeddable":true,"href":"https:\/\/www.pricetornado.com\/da\/wp-json\/wp\/v2\/store?post=447380"},{"taxonomy":"product_brand","embeddable":true,"href":"https:\/\/www.pricetornado.com\/da\/wp-json\/wp\/v2\/product_brand?post=447380"},{"taxonomy":"product_cat","embeddable":true,"href":"https:\/\/www.pricetornado.com\/da\/wp-json\/wp\/v2\/product_cat?post=447380"},{"taxonomy":"product_tag","embeddable":true,"href":"https:\/\/www.pricetornado.com\/da\/wp-json\/wp\/v2\/product_tag?post=447380"}],"curies":[{"name":"wp","href":"https:\/\/api.w.org\/{rel}","templated":true}]}}