{"id":447369,"date":"2025-02-24T07:03:46","date_gmt":"2025-02-24T06:03:46","guid":{"rendered":"https:\/\/www.pricetornado.com\/da\/produkt\/alecto-ekstra-babyenhed-til-dbx80bk-sort-dbx80bkbu\/"},"modified":"2026-04-16T10:30:15","modified_gmt":"2026-04-16T08:30:15","slug":"alecto-ekstra-babyenhed-til-dbx80bk-sort-dbx80bkbu","status":"publish","type":"product","link":"https:\/\/www.pricetornado.com\/da\/produkt\/alecto-ekstra-babyenhed-til-dbx80bk-sort-dbx80bkbu\/","title":{"rendered":"Alecto &#8211; Ekstra babyenhed til DBX80BK Sort &#8211; DBX80BKBU"},"content":{"rendered":"<p>K\u00f8b billig Alecto &#8211; Ekstra babyenhed til DBX80BK Sort &#8211; DBX80BKBU!<br \/>\nUdvid dit Alecto DBX80BK babyalarmsystem med denne ekstra babyenhed i h\u00f8j kvalitet \u2013 perfekt til familier med flere b\u00f8rn eller store hjem, hvor overv\u00e5gning af flere rum er n\u00f8dvendigt. Babyenheden g\u00f8r det muligt at overv\u00e5ge to eller flere rum med \u00e9n babyalarm, hvilket giver \u00f8get fleksibilitet og tryghed i dagligdagen.Babyenheden tilsluttes direkte i en standard 230V stikkontakt \u2013 helt uden brug af kabler. Dette g\u00f8r ops\u00e6tningen hurtig og enkel samt bidrager til en p\u00e6n og sikker placering i hjemmet. Det robuste plastkabinet er designet med fokus p\u00e5 sikker og kontinuerlig brug.Med en imponerende r\u00e6kkevidde p\u00e5 op til 3.000 meter (ca. 10.000 fod) f\u00e5r du frihed til at bev\u00e6ge dig rundt b\u00e5de inde og ude, mens du stadig har kontakt til dit barn. Den avancerede Walkie Talkie-teknologi sikrer stabil og p\u00e5lidelig kommunikation mellem enhederne.Just\u00e9rbar VOX-funktion, s\u00e5 babyalarmen kun aktiveres ved lyd, hvilket sparer energi og mindsker un\u00f8dvendig st\u00f8j.Auto monitor-funktion for automatisk og kontinuerlig overv\u00e5gning uden manuel indstilling.Mulighed for valg af forskellige kanaler og underkoder for at undg\u00e5 interferens med andre babyalarmer.Indbygget natlys, der kan t\u00e6ndes og slukkes efter behov \u2013 praktisk ved opv\u00e5gninger om natten.Alecto DBX80BKBU er udviklet som en dedikeret udvidelsesenhed til DBX80BK-babyalarmen. Enheden overholder EU\u2019s radioforordning 2014\/53\/EU og sikrer, at du f\u00e5r et produkt, der lever op til de europ\u00e6iske standarder for sikkerhed og elektromagnetisk kompatibilitet.Opn\u00e5 maksimal fleksibilitet og tryghed i b\u00f8rneoverv\u00e5gningen med denne ekstra babyenhed til Alecto DBX80BK. En brugervenlig, sikker og energieffektiv l\u00f8sning til moderne familier.<\/p>\n<p>Sammenlign priser p\u00e5 Alecto &#8211; Ekstra babyenhed til DBX80BK Sort &#8211; DBX80BKBU og k\u00f8b online til den billigste pris, samt p\u00e5 tilbud!\u00a0\u00a0Tjek den bedste pris, produkt beskrivelse, video, test, anmeldelser osv.<\/p>\n<p><strong>Brand: <\/strong>Alecto<br \/>\n<strong>EAN: <\/strong>8712412595945<br \/>\n<strong>Producentens varenr.:<\/strong> 8712412595945<\/p>\n<p><strong>P.S.<\/strong><br \/>\nTilmeld dig til &#8220;Opret Gratis Prisfald Alarm&#8221;, og bliv underrettet med det samme om prisfald p\u00e5 Alecto &#8211; Ekstra babyenhed til DBX80BK Sort &#8211; DBX80BKBU, og f\u00e5 den billigste pris!<\/p>\n<p>&nbsp;<\/p>\n<p>&nbsp;<\/p>\n","protected":false},"excerpt":{"rendered":"<p>K\u00f8b billig Alecto &#8211; Ekstra babyenhed til DBX80BK Sort &#8211; DBX80BKBU! Udvid dit Alecto DBX80BK babyalarmsystem med denne ekstra babyenhed i h\u00f8j kvalitet \u2013 perfekt til familier med flere b\u00f8rn eller store hjem, hvor overv\u00e5gning af flere rum er n\u00f8dvendigt. Babyenheden g\u00f8r det muligt at overv\u00e5ge to eller flere rum med \u00e9n babyalarm, hvilket giver [&hellip;]<\/p>\n","protected":false},"featured_media":999980000004473690,"template":"","meta":[],"store":[1272516],"product_brand":[1272518],"product_cat":[1272510],"product_tag":[1275186,1272728],"class_list":{"0":"post-447369","1":"product","2":"type-product","3":"status-publish","4":"has-post-thumbnail","6":"store-butik24","7":"product_brand-alecto","8":"product_cat-babypleje","9":"product_tag-alecto","10":"product_tag-babypleje","11":"pa_maerke-alecto","13":"first","14":"instock","15":"product-type-external"},"_links":{"self":[{"href":"https:\/\/www.pricetornado.com\/da\/wp-json\/wp\/v2\/product\/447369","targetHints":{"allow":["GET"]}}],"collection":[{"href":"https:\/\/www.pricetornado.com\/da\/wp-json\/wp\/v2\/product"}],"about":[{"href":"https:\/\/www.pricetornado.com\/da\/wp-json\/wp\/v2\/types\/product"}],"wp:featuredmedia":[{"embeddable":true,"href":"https:\/\/www.pricetornado.com\/da\/wp-json\/"}],"wp:attachment":[{"href":"https:\/\/www.pricetornado.com\/da\/wp-json\/wp\/v2\/media?parent=447369"}],"wp:term":[{"taxonomy":"store","embeddable":true,"href":"https:\/\/www.pricetornado.com\/da\/wp-json\/wp\/v2\/store?post=447369"},{"taxonomy":"product_brand","embeddable":true,"href":"https:\/\/www.pricetornado.com\/da\/wp-json\/wp\/v2\/product_brand?post=447369"},{"taxonomy":"product_cat","embeddable":true,"href":"https:\/\/www.pricetornado.com\/da\/wp-json\/wp\/v2\/product_cat?post=447369"},{"taxonomy":"product_tag","embeddable":true,"href":"https:\/\/www.pricetornado.com\/da\/wp-json\/wp\/v2\/product_tag?post=447369"}],"curies":[{"name":"wp","href":"https:\/\/api.w.org\/{rel}","templated":true}]}}