{"id":447368,"date":"2025-02-24T00:23:33","date_gmt":"2025-02-23T23:23:33","guid":{"rendered":"https:\/\/www.pricetornado.com\/da\/produkt\/alecto-hoerevaern-til-boern-groen-bv73gr\/"},"modified":"2026-04-18T05:50:41","modified_gmt":"2026-04-18T03:50:41","slug":"alecto-hoerevaern-til-boern-groen-bv73gr","status":"publish","type":"product","link":"https:\/\/www.pricetornado.com\/da\/produkt\/alecto-hoerevaern-til-boern-groen-bv73gr\/","title":{"rendered":"Alecto &#8211; H\u00f8rev\u00e6rn til b\u00f8rn Gr\u00f8n &#8211; BV73GR"},"content":{"rendered":"<p>K\u00f8b billig Alecto &#8211; H\u00f8rev\u00e6rn til b\u00f8rn Gr\u00f8n &#8211; BV73GR!<br \/>\nAlecto b\u00f8rneh\u00f8rev\u00e6rn i gr\u00f8n beskytter effektivt dit barns h\u00f8relse i st\u00f8jende omgivelser s\u00e5som festivaler og events. Med en dokumenteret st\u00f8jreduktion p\u00e5 25 dB d\u00e6mpes skadelig lyd, samtidig med at barnet oplever maksimal komfort under brug.H\u00f8rev\u00e6rnet er udstyret med et bl\u00f8dt, justerbart hovedb\u00e5nd, der sikrer en behagelig pasform, ogs\u00e5 ved l\u00e6ngere tids brug. Den lette og polstrede konstruktion g\u00f8r produktet behageligt at b\u00e6re og forhindrer un\u00f8digt pres mod hovedet.Med det smarte foldbare design er h\u00f8rev\u00e6rnet nemt at tage med og opbevare i tasken, n\u00e5r det ikke er i brug. Den b\u00f8rnevenlige gr\u00f8nne farve g\u00f8r det ekstra attraktivt for b\u00f8rn og \u00f8ger chancen for regelm\u00e6ssig anvendelse.Alecto h\u00f8rev\u00e6rn til b\u00f8rn fokuserer p\u00e5 effektiv h\u00f8rev\u00e6rnsbeskyttelse, komfort og nem h\u00e5ndtering uden avancerede tekniske funktioner \u2013 alt for at g\u00f8re st\u00f8jbeskyttelse til en naturlig og behagelig del af barnets hverdag.<\/p>\n<p>Sammenlign priser p\u00e5 Alecto &#8211; H\u00f8rev\u00e6rn til b\u00f8rn Gr\u00f8n &#8211; BV73GR og k\u00f8b online til den billigste pris, samt p\u00e5 tilbud!\u00a0\u00a0Tjek den bedste pris, produkt beskrivelse, video, test, anmeldelser osv.<\/p>\n<p><strong>Brand: <\/strong>Alecto<br \/>\n<strong>EAN: <\/strong>8711902087786<br \/>\n<strong>Producentens varenr.:<\/strong> 8711902087786<\/p>\n<p><strong>P.S.<\/strong><br \/>\nTilmeld dig til &#8220;Opret Gratis Prisfald Alarm&#8221;, og bliv underrettet med det samme om prisfald p\u00e5 Alecto &#8211; H\u00f8rev\u00e6rn til b\u00f8rn Gr\u00f8n &#8211; BV73GR, og f\u00e5 den billigste pris!<\/p>\n<p>&nbsp;<\/p>\n<p>&nbsp;<\/p>\n","protected":false},"excerpt":{"rendered":"<p>K\u00f8b billig Alecto &#8211; H\u00f8rev\u00e6rn til b\u00f8rn Gr\u00f8n &#8211; BV73GR! Alecto b\u00f8rneh\u00f8rev\u00e6rn i gr\u00f8n beskytter effektivt dit barns h\u00f8relse i st\u00f8jende omgivelser s\u00e5som festivaler og events. Med en dokumenteret st\u00f8jreduktion p\u00e5 25 dB d\u00e6mpes skadelig lyd, samtidig med at barnet oplever maksimal komfort under brug.H\u00f8rev\u00e6rnet er udstyret med et bl\u00f8dt, justerbart hovedb\u00e5nd, der sikrer en [&hellip;]<\/p>\n","protected":false},"featured_media":999980000004473680,"template":"","meta":[],"store":[1272516],"product_brand":[1272518],"product_cat":[1272434],"product_tag":[1275186,1272843],"class_list":{"0":"post-447368","1":"product","2":"type-product","3":"status-publish","4":"has-post-thumbnail","6":"store-butik24","7":"product_brand-alecto","8":"product_cat-hovedtelefoner","9":"product_tag-alecto","10":"product_tag-hovedtelefoner","11":"pa_maerke-alecto","13":"first","14":"instock","15":"product-type-external"},"_links":{"self":[{"href":"https:\/\/www.pricetornado.com\/da\/wp-json\/wp\/v2\/product\/447368","targetHints":{"allow":["GET"]}}],"collection":[{"href":"https:\/\/www.pricetornado.com\/da\/wp-json\/wp\/v2\/product"}],"about":[{"href":"https:\/\/www.pricetornado.com\/da\/wp-json\/wp\/v2\/types\/product"}],"wp:featuredmedia":[{"embeddable":true,"href":"https:\/\/www.pricetornado.com\/da\/wp-json\/"}],"wp:attachment":[{"href":"https:\/\/www.pricetornado.com\/da\/wp-json\/wp\/v2\/media?parent=447368"}],"wp:term":[{"taxonomy":"store","embeddable":true,"href":"https:\/\/www.pricetornado.com\/da\/wp-json\/wp\/v2\/store?post=447368"},{"taxonomy":"product_brand","embeddable":true,"href":"https:\/\/www.pricetornado.com\/da\/wp-json\/wp\/v2\/product_brand?post=447368"},{"taxonomy":"product_cat","embeddable":true,"href":"https:\/\/www.pricetornado.com\/da\/wp-json\/wp\/v2\/product_cat?post=447368"},{"taxonomy":"product_tag","embeddable":true,"href":"https:\/\/www.pricetornado.com\/da\/wp-json\/wp\/v2\/product_tag?post=447368"}],"curies":[{"name":"wp","href":"https:\/\/api.w.org\/{rel}","templated":true}]}}