{"id":447366,"date":"2025-02-23T17:23:13","date_gmt":"2025-02-23T16:23:13","guid":{"rendered":"https:\/\/www.pricetornado.com\/da\/produkt\/nedis-fast-tv-vaegbeslag-42-70-maksimal-vaegt-60-kg-minimum-vaegafstand-29-mm-staal-sort-tvwm2050bk\/"},"modified":"2026-04-20T06:00:28","modified_gmt":"2026-04-20T04:00:28","slug":"nedis-fast-tv-vaegbeslag-42-70-maksimal-vaegt-60-kg-minimum-vaegafstand-29-mm-staal-sort-tvwm2050bk","status":"publish","type":"product","link":"https:\/\/www.pricetornado.com\/da\/produkt\/nedis-fast-tv-vaegbeslag-42-70-maksimal-vaegt-60-kg-minimum-vaegafstand-29-mm-staal-sort-tvwm2050bk\/","title":{"rendered":"Nedis &#8211; Fast TV V\u00e6gbeslag | 42 &#8211; 70 &quot; | Maksimal v\u00e6gt: 60 kg | Minimum v\u00e6gafstand: 29 mm | St\u00e5l | Sort &#8211; TVWM2050BK"},"content":{"rendered":"<p>K\u00f8b billig Nedis &#8211; Fast TV V\u00e6gbeslag | 42 &#8211; 70 &quot; | Maksimal v\u00e6gt: 60 kg | Minimum v\u00e6gafstand: 29 mm | St\u00e5l | Sort &#8211; TVWM2050BK!<br \/>\nMont\u00e9r dit tv sikkert og stilfuldt med dette Nedis TV-v\u00e6gbeslag i robust st\u00e5l. Beslaget er designet til at b\u00e6re sk\u00e6rme mellem 42&quot; og 70&quot; og underst\u00f8tter en maksimal v\u00e6gt p\u00e5 60 kg, hvilket g\u00f8r det ideelt til b\u00e5de hjemme- og erhvervsbrug. St\u00e5lmaterialet giver ekstra holdbarhed og s\u00f8rger for, at dit tv h\u00e6nger sikkert og stabilt p\u00e5 v\u00e6ggen.Med det faste design holdes tv\u2019et t\u00e6t til v\u00e6ggen med en minimumsavstand p\u00e5 kun 29 mm. Denne pladsbesparende l\u00f8sning giver et elegant og diskret udtryk i stuen, sovev\u00e6relset eller m\u00f8delokalet, hvor \u00e6stetik og funktionalitet g\u00e5r h\u00e5nd i h\u00e5nd.Installationen er hurtig og enkel ved hj\u00e6lp af de medf\u00f8lgende monteringsanvisninger og alt n\u00f8dvendigt monteringsmateriale. Et vaterpas medf\u00f8lger, s\u00e5 du nemt kan sikre, at beslaget monteres helt lige for et flot finish.V\u00e6lg dette Nedis TV-v\u00e6gbeslag for en stabil, sikker og \u00e6stetisk l\u00f8sning til oph\u00e6ngning af dit tv. Opdag flere smarte l\u00f8sninger fra hos Butik24.<\/p>\n<p>Sammenlign priser p\u00e5 Nedis &#8211; Fast TV V\u00e6gbeslag | 42 &#8211; 70 &quot; | Maksimal v\u00e6gt: 60 kg | Minimum v\u00e6gafstand: 29 mm | St\u00e5l | Sort &#8211; TVWM2050BK og k\u00f8b online til den billigste pris, samt p\u00e5 tilbud!\u00a0\u00a0Tjek den bedste pris, produkt beskrivelse, video, test, anmeldelser osv.<\/p>\n<p><strong>Brand: <\/strong>Nedis<br \/>\n<strong>EAN: <\/strong>5412810268764<br \/>\n<strong>Producentens varenr.:<\/strong> 5412810268764<\/p>\n<p><strong>P.S.<\/strong><br \/>\nTilmeld dig til &#8220;Opret Gratis Prisfald Alarm&#8221;, og bliv underrettet med det samme om prisfald p\u00e5 Nedis &#8211; Fast TV V\u00e6gbeslag | 42 &#8211; 70 &quot; | Maksimal v\u00e6gt: 60 kg | Minimum v\u00e6gafstand: 29 mm | St\u00e5l | Sort &#8211; TVWM2050BK, og f\u00e5 den billigste pris!<\/p>\n<p>&nbsp;<\/p>\n<p>&nbsp;<\/p>\n","protected":false},"excerpt":{"rendered":"<p>K\u00f8b billig Nedis &#8211; Fast TV V\u00e6gbeslag | 42 &#8211; 70 &quot; | Maksimal v\u00e6gt: 60 kg | Minimum v\u00e6gafstand: 29 mm | St\u00e5l | Sort &#8211; TVWM2050BK! Mont\u00e9r dit tv sikkert og stilfuldt med dette Nedis TV-v\u00e6gbeslag i robust st\u00e5l. Beslaget er designet til at b\u00e6re sk\u00e6rme mellem 42&quot; og 70&quot; og underst\u00f8tter en [&hellip;]<\/p>\n","protected":false},"featured_media":999980000004473660,"template":"","meta":[],"store":[1272516],"product_brand":[1272517],"product_cat":[1272427],"product_tag":[1272678,1275178],"class_list":{"0":"post-447366","1":"product","2":"type-product","3":"status-publish","4":"has-post-thumbnail","6":"store-butik24","7":"product_brand-nedis","8":"product_cat-beslag","9":"product_tag-beslag","10":"product_tag-nedis","11":"pa_maerke-nedis","13":"first","14":"instock","15":"product-type-external"},"_links":{"self":[{"href":"https:\/\/www.pricetornado.com\/da\/wp-json\/wp\/v2\/product\/447366","targetHints":{"allow":["GET"]}}],"collection":[{"href":"https:\/\/www.pricetornado.com\/da\/wp-json\/wp\/v2\/product"}],"about":[{"href":"https:\/\/www.pricetornado.com\/da\/wp-json\/wp\/v2\/types\/product"}],"wp:featuredmedia":[{"embeddable":true,"href":"https:\/\/www.pricetornado.com\/da\/wp-json\/"}],"wp:attachment":[{"href":"https:\/\/www.pricetornado.com\/da\/wp-json\/wp\/v2\/media?parent=447366"}],"wp:term":[{"taxonomy":"store","embeddable":true,"href":"https:\/\/www.pricetornado.com\/da\/wp-json\/wp\/v2\/store?post=447366"},{"taxonomy":"product_brand","embeddable":true,"href":"https:\/\/www.pricetornado.com\/da\/wp-json\/wp\/v2\/product_brand?post=447366"},{"taxonomy":"product_cat","embeddable":true,"href":"https:\/\/www.pricetornado.com\/da\/wp-json\/wp\/v2\/product_cat?post=447366"},{"taxonomy":"product_tag","embeddable":true,"href":"https:\/\/www.pricetornado.com\/da\/wp-json\/wp\/v2\/product_tag?post=447366"}],"curies":[{"name":"wp","href":"https:\/\/api.w.org\/{rel}","templated":true}]}}