{"id":447365,"date":"2025-02-22T07:21:05","date_gmt":"2025-02-22T06:21:05","guid":{"rendered":"https:\/\/www.pricetornado.com\/da\/produkt\/nedis-tvsm2040bk-fast-tv-stand-37-70-maksimal-vaegt-40-kg-justerbare-forudfastsatte-hoejder-haerdet-glas-staal-sort\/"},"modified":"2026-05-01T11:10:19","modified_gmt":"2026-05-01T09:10:19","slug":"nedis-tvsm2040bk-fast-tv-stand-37-70-maksimal-vaegt-40-kg-justerbare-forudfastsatte-hoejder-haerdet-glas-staal-sort","status":"publish","type":"product","link":"https:\/\/www.pricetornado.com\/da\/produkt\/nedis-tvsm2040bk-fast-tv-stand-37-70-maksimal-vaegt-40-kg-justerbare-forudfastsatte-hoejder-haerdet-glas-staal-sort\/","title":{"rendered":"Nedis TVSM2040BK Fast TV Stand 37 &#8211; 70 &quot; | Maksimal v\u00e6gt: 40 kg | Justerbare forudfastsatte h\u00f8jder | H\u00e6rdet Glas \/ St\u00e5l | Sort"},"content":{"rendered":"<p>K\u00f8b billig Nedis TVSM2040BK Fast TV Stand 37 &#8211; 70 &quot; | Maksimal v\u00e6gt: 40 kg | Justerbare forudfastsatte h\u00f8jder | H\u00e6rdet Glas \/ St\u00e5l | Sort!<br \/>\nDette Nedis universal drejelige tv-bord er designet til at levere en stilfuld, funktionel og robust l\u00f8sning til dine underholdningsbehov. TV-stativet er konstrueret af st\u00e6rkt st\u00e5l og udstyret med en solid base af h\u00e6rdet glas, hvilket giver optimal stabilitet og langtidsholdbar st\u00f8tte til b\u00e5de tv og store sk\u00e6rme.Med muligheden for lodret h\u00f8jdejustering i tre positioner kan du tilpasse sk\u00e6rmens placering, s\u00e5 du f\u00e5r den bedste ergonomiske oplevelse. Den smarte drejefunktion g\u00f8r det desuden muligt at rotere tv\u2019et \u00b135\u00b0, hvilket sikrer fleksibilitet og den perfekte vinkel i ethvert rum.Stativet er betrukket med en 8 mm h\u00e6rdet glasbase, som er ridsefast og t\u00e5ler belastning op til 40 kg \u2013 mere end nok til n\u00e6sten enhver fladsk\u00e6rm mellem 37 og 70 tommer. Det sorte, slanke design passer elegant ind i b\u00e5de hjemmet og p\u00e5 kontoret.Nedis tv-bordet er kompatibelt med flere VESA-standarder: 200&#215;200, 300&#215;200, 400&#215;200, 300&#215;300, 400&#215;300, 400&#215;400 og 600&#215;400 mm. Installationen g\u00e5r hurtigt og nemt, s\u00e5 dit tv er klar til brug p\u00e5 under 20 minutter.Det integrerede kabelstyringssystem bidrager til et organiseret og ryddeligt setup, s\u00e5 du slipper for sammenfiltrede ledninger bag dit tv.L\u00f8ft din tv-oplevelse med Nedis universal tv-bord \u2013 hvor robusthed, fleksibilitet og moderne design m\u00f8des.<\/p>\n<p>Sammenlign priser p\u00e5 Nedis TVSM2040BK Fast TV Stand 37 &#8211; 70 &quot; | Maksimal v\u00e6gt: 40 kg | Justerbare forudfastsatte h\u00f8jder | H\u00e6rdet Glas \/ St\u00e5l | Sort og k\u00f8b online til den billigste pris, samt p\u00e5 tilbud!\u00a0\u00a0Tjek den bedste pris, produkt beskrivelse, video, test, anmeldelser osv.<\/p>\n<p><strong>Brand: <\/strong>NEDIS<br \/>\n<strong>EAN: <\/strong>5412810450336<br \/>\n<strong>Producentens varenr.:<\/strong> 5412810450336<\/p>\n<p><strong>P.S.<\/strong><br \/>\nTilmeld dig til &#8220;Opret Gratis Prisfald Alarm&#8221;, og bliv underrettet med det samme om prisfald p\u00e5 Nedis TVSM2040BK Fast TV Stand 37 &#8211; 70 &quot; | Maksimal v\u00e6gt: 40 kg | Justerbare forudfastsatte h\u00f8jder | H\u00e6rdet Glas \/ St\u00e5l | Sort, og f\u00e5 den billigste pris!<\/p>\n<p>&nbsp;<\/p>\n<p>&nbsp;<\/p>\n","protected":false},"excerpt":{"rendered":"<p>K\u00f8b billig Nedis TVSM2040BK Fast TV Stand 37 &#8211; 70 &quot; | Maksimal v\u00e6gt: 40 kg | Justerbare forudfastsatte h\u00f8jder | H\u00e6rdet Glas \/ St\u00e5l | Sort! Dette Nedis universal drejelige tv-bord er designet til at levere en stilfuld, funktionel og robust l\u00f8sning til dine underholdningsbehov. TV-stativet er konstrueret af st\u00e6rkt st\u00e5l og udstyret med [&hellip;]<\/p>\n","protected":false},"featured_media":999980000004473650,"template":"","meta":[],"store":[1272516],"product_brand":[1272517],"product_cat":[1272432],"product_tag":[1275178,1272789],"class_list":{"0":"post-447365","1":"product","2":"type-product","3":"status-publish","4":"has-post-thumbnail","6":"store-butik24","7":"product_brand-nedis","8":"product_cat-tv-tilbehoer","9":"product_tag-nedis","10":"product_tag-tv-tilbehoer","11":"pa_maerke-nedis","13":"first","14":"instock","15":"product-type-external"},"_links":{"self":[{"href":"https:\/\/www.pricetornado.com\/da\/wp-json\/wp\/v2\/product\/447365","targetHints":{"allow":["GET"]}}],"collection":[{"href":"https:\/\/www.pricetornado.com\/da\/wp-json\/wp\/v2\/product"}],"about":[{"href":"https:\/\/www.pricetornado.com\/da\/wp-json\/wp\/v2\/types\/product"}],"wp:featuredmedia":[{"embeddable":true,"href":"https:\/\/www.pricetornado.com\/da\/wp-json\/"}],"wp:attachment":[{"href":"https:\/\/www.pricetornado.com\/da\/wp-json\/wp\/v2\/media?parent=447365"}],"wp:term":[{"taxonomy":"store","embeddable":true,"href":"https:\/\/www.pricetornado.com\/da\/wp-json\/wp\/v2\/store?post=447365"},{"taxonomy":"product_brand","embeddable":true,"href":"https:\/\/www.pricetornado.com\/da\/wp-json\/wp\/v2\/product_brand?post=447365"},{"taxonomy":"product_cat","embeddable":true,"href":"https:\/\/www.pricetornado.com\/da\/wp-json\/wp\/v2\/product_cat?post=447365"},{"taxonomy":"product_tag","embeddable":true,"href":"https:\/\/www.pricetornado.com\/da\/wp-json\/wp\/v2\/product_tag?post=447365"}],"curies":[{"name":"wp","href":"https:\/\/api.w.org\/{rel}","templated":true}]}}