{"id":447364,"date":"2025-02-25T11:41:17","date_gmt":"2025-02-25T10:41:17","guid":{"rendered":"https:\/\/www.pricetornado.com\/da\/produkt\/gastronoma-low-fat-fryer-8l-med-tilbehoer-med-keramisk-belaegning\/"},"modified":"2026-04-20T03:00:16","modified_gmt":"2026-04-20T01:00:16","slug":"gastronoma-low-fat-fryer-8l-med-tilbehoer-med-keramisk-belaegning","status":"publish","type":"product","link":"https:\/\/www.pricetornado.com\/da\/produkt\/gastronoma-low-fat-fryer-8l-med-tilbehoer-med-keramisk-belaegning\/","title":{"rendered":"Gastronoma Low fat fryer 8L med tilbeh\u00f8r med keramisk bel\u00e6gning"},"content":{"rendered":"<p>K\u00f8b billig Gastronoma Low fat fryer 8L med tilbeh\u00f8r med keramisk bel\u00e6gning!<br \/>\nGastronoma airfryer kombinerer moderne design med robuste materialer som rustfrit st\u00e5l og ABS-plast, hvilket sikrer varmeresistens og lang holdbarhed \u2013 selv ved h\u00f8je temperaturer fra 80\u00b0C til 200\u00b0C. Den rummelige madkurv p\u00e5 8 liter har en PFAS-fri keramisk non-stick bel\u00e6gning, der g\u00f8r den ideel til familieportioner og giver dig mulighed for at tilberede spr\u00f8de pommes frites, saftigt k\u00f8d og gr\u00f8ntsager med op til 80 % mindre olie sammenlignet med traditionel friturestegning. Alle aftagelige dele t\u00e5ler opvaskemaskine, hvilket g\u00f8r reng\u00f8ringen b\u00e5de hurtig og nem.Airfryeren er udstyret med en justerbar termostat, der kan indstilles fra 80\u00b0C til 200\u00b0C, og en 60-minutters timer med akustisk alarmsignal, s\u00e5 du let kan styre tilberedningstiden. Med det brugervenlige digitale touchscreen og LED-display f\u00e5r du adgang til hele 8 forudindstillede programmer \u2013 inklusive pommes frites, spareribs, skaldyr, kager, fjerkr\u00e6, steak, fisk samt genopvarmning\/opt\u00f8ning. Under tilberedningen stopper maskinen automatisk, hvis madkurven \u00e5bnes, hvilket \u00f8ger brugersikkerheden og beskytter mod forbr\u00e6ndinger.For at sikre en tryg oplevelse i k\u00f8kkenet er airfryeren forsynet med overophedningsbeskyttelse, cool touch-kabinet og h\u00e5ndtag, der beskytter dig mod forbr\u00e6ndinger. De skridsikre f\u00f8dder s\u00f8rger for, at maskinen st\u00e5r stabilt p\u00e5 k\u00f8kkenbordet og minimerer risikoen for uheld, mens de aftagelige dele g\u00f8r reng\u00f8ringen ekstra enkel.Airfryeren kan bruges ikke blot til airfrying, men ogs\u00e5 til opt\u00f8ning, genopvarmning, bagning og grillning, hvilket g\u00f8r den s\u00e6rligt alsidig. Medf\u00f8lgende tilbeh\u00f8r omfatter en kageform, en pizzaform, en h\u00f8j grillrist samt fire spyd, s\u00e5 du let kan eksperimentere med forskellige retter og tilberedningsformer.Gastronoma airfryer er et praktisk og sikkert valg for dig, der \u00f8nsker sundere madlavning med minimal olie og uden at g\u00e5 p\u00e5 kompromis med smag eller tekstur. Oplev alsidighed, brugervenlighed og energibesparelse \u2013 bestil din airfryer hos Butik24 allerede i dag.<\/p>\n<p>Sammenlign priser p\u00e5 Gastronoma Low fat fryer 8L med tilbeh\u00f8r med keramisk bel\u00e6gning og k\u00f8b online til den billigste pris, samt p\u00e5 tilbud!\u00a0\u00a0Tjek den bedste pris, produkt beskrivelse, video, test, anmeldelser osv.<\/p>\n<p><strong>Brand: <\/strong>Gastronoma<br \/>\n<strong>EAN: <\/strong>8711902085317<br \/>\n<strong>Producentens varenr.:<\/strong> 8711902085317<\/p>\n<p><strong>P.S.<\/strong><br \/>\nTilmeld dig til &#8220;Opret Gratis Prisfald Alarm&#8221;, og bliv underrettet med det samme om prisfald p\u00e5 Gastronoma Low fat fryer 8L med tilbeh\u00f8r med keramisk bel\u00e6gning, og f\u00e5 den billigste pris!<\/p>\n<p>&nbsp;<\/p>\n<p>&nbsp;<\/p>\n","protected":false},"excerpt":{"rendered":"<p>K\u00f8b billig Gastronoma Low fat fryer 8L med tilbeh\u00f8r med keramisk bel\u00e6gning! Gastronoma airfryer kombinerer moderne design med robuste materialer som rustfrit st\u00e5l og ABS-plast, hvilket sikrer varmeresistens og lang holdbarhed \u2013 selv ved h\u00f8je temperaturer fra 80\u00b0C til 200\u00b0C. Den rummelige madkurv p\u00e5 8 liter har en PFAS-fri keramisk non-stick bel\u00e6gning, der g\u00f8r den [&hellip;]<\/p>\n","protected":false},"featured_media":999980000004473640,"template":"","meta":[],"store":[1272516],"product_brand":[1272524],"product_cat":[1272418],"product_tag":[1275185,1272757],"class_list":{"0":"post-447364","1":"product","2":"type-product","3":"status-publish","4":"has-post-thumbnail","6":"store-butik24","7":"product_brand-gastronoma","8":"product_cat-koekkenmaskiner","9":"product_tag-gastronoma","10":"product_tag-koekkenmaskiner","11":"pa_maerke-gastronoma","13":"first","14":"instock","15":"product-type-external"},"_links":{"self":[{"href":"https:\/\/www.pricetornado.com\/da\/wp-json\/wp\/v2\/product\/447364","targetHints":{"allow":["GET"]}}],"collection":[{"href":"https:\/\/www.pricetornado.com\/da\/wp-json\/wp\/v2\/product"}],"about":[{"href":"https:\/\/www.pricetornado.com\/da\/wp-json\/wp\/v2\/types\/product"}],"wp:featuredmedia":[{"embeddable":true,"href":"https:\/\/www.pricetornado.com\/da\/wp-json\/"}],"wp:attachment":[{"href":"https:\/\/www.pricetornado.com\/da\/wp-json\/wp\/v2\/media?parent=447364"}],"wp:term":[{"taxonomy":"store","embeddable":true,"href":"https:\/\/www.pricetornado.com\/da\/wp-json\/wp\/v2\/store?post=447364"},{"taxonomy":"product_brand","embeddable":true,"href":"https:\/\/www.pricetornado.com\/da\/wp-json\/wp\/v2\/product_brand?post=447364"},{"taxonomy":"product_cat","embeddable":true,"href":"https:\/\/www.pricetornado.com\/da\/wp-json\/wp\/v2\/product_cat?post=447364"},{"taxonomy":"product_tag","embeddable":true,"href":"https:\/\/www.pricetornado.com\/da\/wp-json\/wp\/v2\/product_tag?post=447364"}],"curies":[{"name":"wp","href":"https:\/\/api.w.org\/{rel}","templated":true}]}}