{"id":447363,"date":"2025-02-23T05:43:44","date_gmt":"2025-02-23T04:43:44","guid":{"rendered":"https:\/\/www.pricetornado.com\/da\/produkt\/pillivuyt-gourmet-durance-stegepande-24-cm-rustfrit-staal\/"},"modified":"2026-04-20T04:10:27","modified_gmt":"2026-04-20T02:10:27","slug":"pillivuyt-gourmet-durance-stegepande-24-cm-rustfrit-staal","status":"publish","type":"product","link":"https:\/\/www.pricetornado.com\/da\/produkt\/pillivuyt-gourmet-durance-stegepande-24-cm-rustfrit-staal\/","title":{"rendered":"Pillivuyt Gourmet Durance Stegepande 24 cm Rustfrit st\u00e5l"},"content":{"rendered":"<p>K\u00f8b billig Pillivuyt Gourmet Durance Stegepande 24 cm Rustfrit st\u00e5l!<br \/>\nPillivuyt Gourmet Durance stegepande er fremstillet af 18\/10 rustfrit st\u00e5l med en kraftig 2,5 mm 3-lags konstruktion best\u00e5ende af rustfrit st\u00e5l, aluminium og rustfrit st\u00e5l. Mellemlaget af aluminium sikrer en j\u00e6vn og effektiv varmefordeling, hvilket giver stabile tilberedningsresultater og h\u00f8j energieffektivitet. Det rustfrie st\u00e5l g\u00f8r panden korrosionsbestandig og non-reaktiv over for madvarer, s\u00e5 smag og kvalitet bevares ved brug.Ydersiden af stegepanden har en elegant vintage polering, som giver et stilfuldt udtryk i k\u00f8kkenet. Panden er udstyret med p\u00e5nittede, st\u00f8bte st\u00e5lh\u00e5ndtag, der er PVD-forgyldte for ekstra slidstyrke og lang holdbarhed.Passer til alle varmekilder \u2013 inkl. induktionMed Pillivuyt Gourmet Durance stegepanden f\u00e5r du et alsidigt og professionelt k\u00f8kkenredskab, der kombinerer h\u00f8j kvalitet, effektiv varmefordeling og et sofistikeret design.<\/p>\n<p>Sammenlign priser p\u00e5 Pillivuyt Gourmet Durance Stegepande 24 cm Rustfrit st\u00e5l og k\u00f8b online til den billigste pris, samt p\u00e5 tilbud!\u00a0\u00a0Tjek den bedste pris, produkt beskrivelse, video, test, anmeldelser osv.<\/p>\n<p><strong>Brand: <\/strong>Pillivuyt<br \/>\n<strong>EAN: <\/strong>5722000273615<br \/>\n<strong>Producentens varenr.:<\/strong> 5722000273615<\/p>\n<p><strong>P.S.<\/strong><br \/>\nTilmeld dig til &#8220;Opret Gratis Prisfald Alarm&#8221;, og bliv underrettet med det samme om prisfald p\u00e5 Pillivuyt Gourmet Durance Stegepande 24 cm Rustfrit st\u00e5l, og f\u00e5 den billigste pris!<\/p>\n<p>&nbsp;<\/p>\n<p>&nbsp;<\/p>\n","protected":false},"excerpt":{"rendered":"<p>K\u00f8b billig Pillivuyt Gourmet Durance Stegepande 24 cm Rustfrit st\u00e5l! Pillivuyt Gourmet Durance stegepande er fremstillet af 18\/10 rustfrit st\u00e5l med en kraftig 2,5 mm 3-lags konstruktion best\u00e5ende af rustfrit st\u00e5l, aluminium og rustfrit st\u00e5l. Mellemlaget af aluminium sikrer en j\u00e6vn og effektiv varmefordeling, hvilket giver stabile tilberedningsresultater og h\u00f8j energieffektivitet. Det rustfrie st\u00e5l g\u00f8r [&hellip;]<\/p>\n","protected":false},"featured_media":999980000004473630,"template":"","meta":[],"store":[1272516],"product_brand":[1272529],"product_cat":[1272410],"product_tag":[1272681,1275179],"class_list":{"0":"post-447363","1":"product","2":"type-product","3":"status-publish","4":"has-post-thumbnail","6":"store-butik24","7":"product_brand-pillivuyt","8":"product_cat-koekkengrej","9":"product_tag-koekkengrej","10":"product_tag-pillivuyt","11":"pa_maerke-pillivuyt","13":"first","14":"instock","15":"product-type-external"},"_links":{"self":[{"href":"https:\/\/www.pricetornado.com\/da\/wp-json\/wp\/v2\/product\/447363","targetHints":{"allow":["GET"]}}],"collection":[{"href":"https:\/\/www.pricetornado.com\/da\/wp-json\/wp\/v2\/product"}],"about":[{"href":"https:\/\/www.pricetornado.com\/da\/wp-json\/wp\/v2\/types\/product"}],"wp:featuredmedia":[{"embeddable":true,"href":"https:\/\/www.pricetornado.com\/da\/wp-json\/"}],"wp:attachment":[{"href":"https:\/\/www.pricetornado.com\/da\/wp-json\/wp\/v2\/media?parent=447363"}],"wp:term":[{"taxonomy":"store","embeddable":true,"href":"https:\/\/www.pricetornado.com\/da\/wp-json\/wp\/v2\/store?post=447363"},{"taxonomy":"product_brand","embeddable":true,"href":"https:\/\/www.pricetornado.com\/da\/wp-json\/wp\/v2\/product_brand?post=447363"},{"taxonomy":"product_cat","embeddable":true,"href":"https:\/\/www.pricetornado.com\/da\/wp-json\/wp\/v2\/product_cat?post=447363"},{"taxonomy":"product_tag","embeddable":true,"href":"https:\/\/www.pricetornado.com\/da\/wp-json\/wp\/v2\/product_tag?post=447363"}],"curies":[{"name":"wp","href":"https:\/\/api.w.org\/{rel}","templated":true}]}}