{"id":447361,"date":"2025-02-20T13:55:30","date_gmt":"2025-02-20T12:55:30","guid":{"rendered":"https:\/\/www.pricetornado.com\/da\/produkt\/pillivuyt-gourmet-durance-kasserolle-med-laag-15-liter-16-cm-rustfrit-staa\/"},"modified":"2026-04-17T07:00:39","modified_gmt":"2026-04-17T05:00:39","slug":"pillivuyt-gourmet-durance-kasserolle-med-laag-15-liter-16-cm-rustfrit-staa","status":"publish","type":"product","link":"https:\/\/www.pricetornado.com\/da\/produkt\/pillivuyt-gourmet-durance-kasserolle-med-laag-15-liter-16-cm-rustfrit-staa\/","title":{"rendered":"Pillivuyt Gourmet Durance Kasserolle med l\u00e5g 1,5 liter 16 cm Rustfrit st\u00e5"},"content":{"rendered":"<p>K\u00f8b billig Pillivuyt Gourmet Durance Kasserolle med l\u00e5g 1,5 liter 16 cm Rustfrit st\u00e5!<br \/>\nPillivuyt Gourmet Durance kasserollen er fremstillet af 18\/10 rustfrit st\u00e5l med en kraftig 2,5 mm 3-lags konstruktion, best\u00e5ende af rustfrit st\u00e5l, aluminium og rustfrit st\u00e5l. Det indvendige mellemlag af aluminium sikrer en j\u00e6vn og effektiv varmefordeling, hvilket giver ensartet tilberedning ved alle typer madlavning.Kasserollen er designet til at v\u00e6re ekstra holdbar og modstandsdygtig over for daglig slitage takket v\u00e6re den solide konstruktion. De p\u00e5nittede st\u00f8bte st\u00e5lh\u00e5ndtag, som er PVD-forgyldte, giver et sikkert greb og tilf\u00f8jer et elegant finish. Ydersiden har en flot vintage polering, der fuldender det klassiske udseende.Leveres med glasl\u00e5g med damphul, som giver god kontrol over tilberedningen.Indvendige m\u00e5lestreger i kasseroller og gryder g\u00f8r det nemt at m\u00e5le og dosere v\u00e6sker pr\u00e6cist.Kasserollen passer til alle varmekilder, inklusiv induktion, hvilket g\u00f8r den yderst alsidig.H\u00e5ndopvask anbefales for at bevare overfladen og funktionaliteten bedst muligt.Kombinationen af robusthed, optimal varmefordeling og praktiske detaljer g\u00f8r Pillivuyt Gourmet Durance kasserollen til et uundv\u00e6rligt redskab i ethvert k\u00f8kken.<\/p>\n<p>Sammenlign priser p\u00e5 Pillivuyt Gourmet Durance Kasserolle med l\u00e5g 1,5 liter 16 cm Rustfrit st\u00e5 og k\u00f8b online til den billigste pris, samt p\u00e5 tilbud!\u00a0\u00a0Tjek den bedste pris, produkt beskrivelse, video, test, anmeldelser osv.<\/p>\n<p><strong>Brand: <\/strong>Pillivuyt<br \/>\n<strong>EAN: <\/strong>5722000273561<br \/>\n<strong>Producentens varenr.:<\/strong> 5722000273561<\/p>\n<p><strong>P.S.<\/strong><br \/>\nTilmeld dig til &#8220;Opret Gratis Prisfald Alarm&#8221;, og bliv underrettet med det samme om prisfald p\u00e5 Pillivuyt Gourmet Durance Kasserolle med l\u00e5g 1,5 liter 16 cm Rustfrit st\u00e5, og f\u00e5 den billigste pris!<\/p>\n<p>&nbsp;<\/p>\n<p>&nbsp;<\/p>\n","protected":false},"excerpt":{"rendered":"<p>K\u00f8b billig Pillivuyt Gourmet Durance Kasserolle med l\u00e5g 1,5 liter 16 cm Rustfrit st\u00e5! Pillivuyt Gourmet Durance kasserollen er fremstillet af 18\/10 rustfrit st\u00e5l med en kraftig 2,5 mm 3-lags konstruktion, best\u00e5ende af rustfrit st\u00e5l, aluminium og rustfrit st\u00e5l. Det indvendige mellemlag af aluminium sikrer en j\u00e6vn og effektiv varmefordeling, hvilket giver ensartet tilberedning ved [&hellip;]<\/p>\n","protected":false},"featured_media":999980000004473610,"template":"","meta":[],"store":[1272516],"product_brand":[1272529],"product_cat":[1272410],"product_tag":[1272681,1275179],"class_list":{"0":"post-447361","1":"product","2":"type-product","3":"status-publish","4":"has-post-thumbnail","6":"store-butik24","7":"product_brand-pillivuyt","8":"product_cat-koekkengrej","9":"product_tag-koekkengrej","10":"product_tag-pillivuyt","11":"pa_maerke-pillivuyt","13":"first","14":"instock","15":"product-type-external"},"_links":{"self":[{"href":"https:\/\/www.pricetornado.com\/da\/wp-json\/wp\/v2\/product\/447361","targetHints":{"allow":["GET"]}}],"collection":[{"href":"https:\/\/www.pricetornado.com\/da\/wp-json\/wp\/v2\/product"}],"about":[{"href":"https:\/\/www.pricetornado.com\/da\/wp-json\/wp\/v2\/types\/product"}],"wp:featuredmedia":[{"embeddable":true,"href":"https:\/\/www.pricetornado.com\/da\/wp-json\/"}],"wp:attachment":[{"href":"https:\/\/www.pricetornado.com\/da\/wp-json\/wp\/v2\/media?parent=447361"}],"wp:term":[{"taxonomy":"store","embeddable":true,"href":"https:\/\/www.pricetornado.com\/da\/wp-json\/wp\/v2\/store?post=447361"},{"taxonomy":"product_brand","embeddable":true,"href":"https:\/\/www.pricetornado.com\/da\/wp-json\/wp\/v2\/product_brand?post=447361"},{"taxonomy":"product_cat","embeddable":true,"href":"https:\/\/www.pricetornado.com\/da\/wp-json\/wp\/v2\/product_cat?post=447361"},{"taxonomy":"product_tag","embeddable":true,"href":"https:\/\/www.pricetornado.com\/da\/wp-json\/wp\/v2\/product_tag?post=447361"}],"curies":[{"name":"wp","href":"https:\/\/api.w.org\/{rel}","templated":true}]}}