{"id":447360,"date":"2025-02-24T02:49:07","date_gmt":"2025-02-24T01:49:07","guid":{"rendered":"https:\/\/www.pricetornado.com\/da\/produkt\/pillivuyt-gourmet-roya-kasserolle-med-glaslaag-dia-16-cm-15-liter-staal\/"},"modified":"2026-04-17T10:40:14","modified_gmt":"2026-04-17T08:40:14","slug":"pillivuyt-gourmet-roya-kasserolle-med-glaslaag-dia-16-cm-15-liter-staal","status":"publish","type":"product","link":"https:\/\/www.pricetornado.com\/da\/produkt\/pillivuyt-gourmet-roya-kasserolle-med-glaslaag-dia-16-cm-15-liter-staal\/","title":{"rendered":"Pillivuyt Gourmet Roya Kasserolle med glasl\u00e5g Dia 16 cm 1,5 liter St\u00e5l"},"content":{"rendered":"<p>K\u00f8b billig Pillivuyt Gourmet Roya Kasserolle med glasl\u00e5g Dia 16 cm 1,5 liter St\u00e5l!<br \/>\nOplev alsidighed og p\u00e5lidelighed i k\u00f8kkenet med Roya-kasserollen fra Pillivuyt Gourmet. Uanset om du er nybegynder eller erfaren, f\u00e5r du fremragende resultater takket v\u00e6re kasserollens gennemt\u00e6nkte design. Kasserollens krop best\u00e5r af 90 % genanvendt rustfrit st\u00e5l, hvilket sikrer b\u00e5de langvarig holdbarhed og modstandsdygtighed mod deformation og korrosion. Den smukke, matte yderside giver et moderne og stilrent udtryk, der kl\u00e6der ethvert k\u00f8kken.En 4,1 mm sandwichbund af rustfrit st\u00e5l s\u00f8rger for en ensartet og effektiv varmefordeling uden hotspots. Dette giver dig bedre kontrol over tilberedningen af dine retter og bidrager til et optimalt madlavningsresultat.Kasserollen leveres med et robust glasl\u00e5g, som g\u00f8r det let at holde \u00f8je med madlavningen, uden at du beh\u00f8ver at l\u00f8fte l\u00e5get. Dampudslippet i l\u00e5get sikrer sikker tilberedning og modvirker, at maden koger over. Bem\u00e6rk, at l\u00e5get ikke t\u00e5ler ovnbrug.Roya-kasserollen er velegnet til alle varmekilder, herunder induktion. Den t\u00e5ler ovn op til 240 grader, hvilket g\u00f8r det muligt at tilberede retter direkte fra komfur til ovn og \u00e5bner op for flere kulinariske muligheder. \u2013 s\u00e5 du nemt kan finde det perfekte k\u00f8kkenudstyr til dine behov.<\/p>\n<p>Sammenlign priser p\u00e5 Pillivuyt Gourmet Roya Kasserolle med glasl\u00e5g Dia 16 cm 1,5 liter St\u00e5l og k\u00f8b online til den billigste pris, samt p\u00e5 tilbud!\u00a0\u00a0Tjek den bedste pris, produkt beskrivelse, video, test, anmeldelser osv.<\/p>\n<p><strong>Brand: <\/strong>Pillivuyt<br \/>\n<strong>EAN: <\/strong>5722000306290<br \/>\n<strong>Producentens varenr.:<\/strong> 5722000306290<\/p>\n<p><strong>P.S.<\/strong><br \/>\nTilmeld dig til &#8220;Opret Gratis Prisfald Alarm&#8221;, og bliv underrettet med det samme om prisfald p\u00e5 Pillivuyt Gourmet Roya Kasserolle med glasl\u00e5g Dia 16 cm 1,5 liter St\u00e5l, og f\u00e5 den billigste pris!<\/p>\n<p>&nbsp;<\/p>\n<p>&nbsp;<\/p>\n","protected":false},"excerpt":{"rendered":"<p>K\u00f8b billig Pillivuyt Gourmet Roya Kasserolle med glasl\u00e5g Dia 16 cm 1,5 liter St\u00e5l! Oplev alsidighed og p\u00e5lidelighed i k\u00f8kkenet med Roya-kasserollen fra Pillivuyt Gourmet. Uanset om du er nybegynder eller erfaren, f\u00e5r du fremragende resultater takket v\u00e6re kasserollens gennemt\u00e6nkte design. Kasserollens krop best\u00e5r af 90 % genanvendt rustfrit st\u00e5l, hvilket sikrer b\u00e5de langvarig holdbarhed [&hellip;]<\/p>\n","protected":false},"featured_media":999980000004473600,"template":"","meta":[],"store":[1272516],"product_brand":[1272529],"product_cat":[1272410],"product_tag":[1272681,1275179],"class_list":{"0":"post-447360","1":"product","2":"type-product","3":"status-publish","4":"has-post-thumbnail","6":"store-butik24","7":"product_brand-pillivuyt","8":"product_cat-koekkengrej","9":"product_tag-koekkengrej","10":"product_tag-pillivuyt","11":"pa_maerke-pillivuyt","13":"first","14":"instock","15":"product-type-external"},"_links":{"self":[{"href":"https:\/\/www.pricetornado.com\/da\/wp-json\/wp\/v2\/product\/447360","targetHints":{"allow":["GET"]}}],"collection":[{"href":"https:\/\/www.pricetornado.com\/da\/wp-json\/wp\/v2\/product"}],"about":[{"href":"https:\/\/www.pricetornado.com\/da\/wp-json\/wp\/v2\/types\/product"}],"wp:featuredmedia":[{"embeddable":true,"href":"https:\/\/www.pricetornado.com\/da\/wp-json\/"}],"wp:attachment":[{"href":"https:\/\/www.pricetornado.com\/da\/wp-json\/wp\/v2\/media?parent=447360"}],"wp:term":[{"taxonomy":"store","embeddable":true,"href":"https:\/\/www.pricetornado.com\/da\/wp-json\/wp\/v2\/store?post=447360"},{"taxonomy":"product_brand","embeddable":true,"href":"https:\/\/www.pricetornado.com\/da\/wp-json\/wp\/v2\/product_brand?post=447360"},{"taxonomy":"product_cat","embeddable":true,"href":"https:\/\/www.pricetornado.com\/da\/wp-json\/wp\/v2\/product_cat?post=447360"},{"taxonomy":"product_tag","embeddable":true,"href":"https:\/\/www.pricetornado.com\/da\/wp-json\/wp\/v2\/product_tag?post=447360"}],"curies":[{"name":"wp","href":"https:\/\/api.w.org\/{rel}","templated":true}]}}