{"id":447358,"date":"2025-02-26T06:48:12","date_gmt":"2025-02-26T05:48:12","guid":{"rendered":"https:\/\/www.pricetornado.com\/da\/produkt\/pillivuyt-gourmet-roya-gryde-med-glaslaag-dia-24-cm-52-liter-staal\/"},"modified":"2026-04-17T11:20:18","modified_gmt":"2026-04-17T09:20:18","slug":"pillivuyt-gourmet-roya-gryde-med-glaslaag-dia-24-cm-52-liter-staal","status":"publish","type":"product","link":"https:\/\/www.pricetornado.com\/da\/produkt\/pillivuyt-gourmet-roya-gryde-med-glaslaag-dia-24-cm-52-liter-staal\/","title":{"rendered":"Pillivuyt Gourmet Roya Gryde med glasl\u00e5g Dia 24 cm 5,2 liter St\u00e5l"},"content":{"rendered":"<p>K\u00f8b billig Pillivuyt Gourmet Roya Gryde med glasl\u00e5g Dia 24 cm 5,2 liter St\u00e5l!<br \/>\nRoya-serien fra Pillivuyt Gourmet er skabt til at give dig de bedste resultater i k\u00f8kkenet, uanset om du er nybegynder eller erfaren. Denne gryde har en kapacitet p\u00e5 5,2 liter og en diameter p\u00e5 24 cm, hvilket g\u00f8r den velegnet til b\u00e5de mindre og st\u00f8rre portioner.Gryden er fremstillet af 90 % genanvendt rustfrit st\u00e5l, hvilket bidrager til b\u00e5de b\u00e6redygtighed og holdbarhed. Greb og bund er lavet af rustfrit st\u00e5l, og den 4,1 mm tykke sandwichbund sikrer en ensartet og effektiv varmefordeling under madlavningen og reducerer risikoen for hotspots.Smuk, mat yderside, som b\u00e5de ser stilfuld ud og er nem at reng\u00f8re.Nittede h\u00e5ndtag, der mindsker varmeoverf\u00f8rslen og sikrer et solidt greb.Indvendige m\u00e5l for nem, pr\u00e6cis dosering af r\u00e5varer og v\u00e6sker.Glasl\u00e5g med dampudslip, s\u00e5 du nemt kan f\u00f8lge madlavningen uden at fjerne l\u00e5get.Velegnet til alle varmekilder, inklusiv induktion, og t\u00e5ler ovn op til 240 grader (glasl\u00e5get m\u00e5 dog ikke komme i ovnen).H\u00e5ndopvask anbefales for at bevare gryden bedst muligt.Med Roya-serien f\u00e5r du ikke bare et k\u00f8kkenredskab i flot design og h\u00f8j kvalitet \u2013 du v\u00e6lger ogs\u00e5 en gryde, hvor der er t\u00e6nkt p\u00e5 b\u00e6redygtighed gennem brug af genanvendt rustfrit st\u00e5l. Gryden er udviklet til daglig brug og holder til mange \u00e5rs madlavning.<\/p>\n<p>Sammenlign priser p\u00e5 Pillivuyt Gourmet Roya Gryde med glasl\u00e5g Dia 24 cm 5,2 liter St\u00e5l og k\u00f8b online til den billigste pris, samt p\u00e5 tilbud!\u00a0\u00a0Tjek den bedste pris, produkt beskrivelse, video, test, anmeldelser osv.<\/p>\n<p><strong>Brand: <\/strong>Pillivuyt<br \/>\n<strong>EAN: <\/strong>5722000306320<br \/>\n<strong>Producentens varenr.:<\/strong> 5722000306320<\/p>\n<p><strong>P.S.<\/strong><br \/>\nTilmeld dig til &#8220;Opret Gratis Prisfald Alarm&#8221;, og bliv underrettet med det samme om prisfald p\u00e5 Pillivuyt Gourmet Roya Gryde med glasl\u00e5g Dia 24 cm 5,2 liter St\u00e5l, og f\u00e5 den billigste pris!<\/p>\n<p>&nbsp;<\/p>\n<p>&nbsp;<\/p>\n","protected":false},"excerpt":{"rendered":"<p>K\u00f8b billig Pillivuyt Gourmet Roya Gryde med glasl\u00e5g Dia 24 cm 5,2 liter St\u00e5l! Roya-serien fra Pillivuyt Gourmet er skabt til at give dig de bedste resultater i k\u00f8kkenet, uanset om du er nybegynder eller erfaren. Denne gryde har en kapacitet p\u00e5 5,2 liter og en diameter p\u00e5 24 cm, hvilket g\u00f8r den velegnet til [&hellip;]<\/p>\n","protected":false},"featured_media":999980000004473580,"template":"","meta":[],"store":[1272516],"product_brand":[1272529],"product_cat":[1272410],"product_tag":[1272681,1275179],"class_list":{"0":"post-447358","1":"product","2":"type-product","3":"status-publish","4":"has-post-thumbnail","6":"store-butik24","7":"product_brand-pillivuyt","8":"product_cat-koekkengrej","9":"product_tag-koekkengrej","10":"product_tag-pillivuyt","11":"pa_maerke-pillivuyt","13":"first","14":"instock","15":"product-type-external"},"_links":{"self":[{"href":"https:\/\/www.pricetornado.com\/da\/wp-json\/wp\/v2\/product\/447358","targetHints":{"allow":["GET"]}}],"collection":[{"href":"https:\/\/www.pricetornado.com\/da\/wp-json\/wp\/v2\/product"}],"about":[{"href":"https:\/\/www.pricetornado.com\/da\/wp-json\/wp\/v2\/types\/product"}],"wp:featuredmedia":[{"embeddable":true,"href":"https:\/\/www.pricetornado.com\/da\/wp-json\/"}],"wp:attachment":[{"href":"https:\/\/www.pricetornado.com\/da\/wp-json\/wp\/v2\/media?parent=447358"}],"wp:term":[{"taxonomy":"store","embeddable":true,"href":"https:\/\/www.pricetornado.com\/da\/wp-json\/wp\/v2\/store?post=447358"},{"taxonomy":"product_brand","embeddable":true,"href":"https:\/\/www.pricetornado.com\/da\/wp-json\/wp\/v2\/product_brand?post=447358"},{"taxonomy":"product_cat","embeddable":true,"href":"https:\/\/www.pricetornado.com\/da\/wp-json\/wp\/v2\/product_cat?post=447358"},{"taxonomy":"product_tag","embeddable":true,"href":"https:\/\/www.pricetornado.com\/da\/wp-json\/wp\/v2\/product_tag?post=447358"}],"curies":[{"name":"wp","href":"https:\/\/api.w.org\/{rel}","templated":true}]}}