{"id":447356,"date":"2025-02-24T13:40:35","date_gmt":"2025-02-24T12:40:35","guid":{"rendered":"https:\/\/www.pricetornado.com\/da\/produkt\/scanpan-22-cm-stegepande-i-omslag-black-iron\/"},"modified":"2026-04-18T10:20:29","modified_gmt":"2026-04-18T08:20:29","slug":"scanpan-22-cm-stegepande-i-omslag-black-iron","status":"publish","type":"product","link":"https:\/\/www.pricetornado.com\/da\/produkt\/scanpan-22-cm-stegepande-i-omslag-black-iron\/","title":{"rendered":"Scanpan 22 cm stegepande i omslag &#8211; Black Iron"},"content":{"rendered":"<p>K\u00f8b billig Scanpan 22 cm stegepande i omslag &#8211; Black Iron!<br \/>\nBlack Iron stegepanden fra Scanpan er omhyggeligt fremstillet af f\u00f8rsteklasses sort kulstofst\u00e5l, hvilket giver dig et holdbart og robust kogegrej designet til lang levetid. Panden t\u00e5ler ekstremt h\u00f8je temperaturer og er velegnet til b\u00e5de komfur, ovn, grill og b\u00e5l. Den er yderst alsidig og leverer ensartede og pr\u00e6cise resultater, uanset om du svitser, bager eller steger.Stegepandens brede, vinklede sider giver dig god plads til at vende maden nemt \u2013 is\u00e6r nyttigt til sarte ingredienser som fisk. De buede sider g\u00f8r det lettere for maden at slippe panden, hvilket bidrager til optimal og l\u00e6kker stegning. Det ekstra lange h\u00e5ndtag i rustfrit st\u00e5l er fastgjort med solide st\u00e5lnitter og sikrer et behageligt, sikkert og ergonomisk greb. H\u00e5ndtaget forbliver k\u00f8ligere end selve pandens krop under brug for \u00f8get sikkerhed og komfort.Fremstillet af st\u00e6rkt sort kulstofst\u00e5l, der t\u00e5ler ekstrem varme og intensiv brug.Forbehandlet overflade med vegetabilsk olie giver forbedret non-stick effekt og ekstra modstandsdygtighed mod korrosion.Velegnet til induktionskomfur og opvarmes hurtigt og effektivt.For at bevare pandens kvalitet skal den vaskes i varmt vand med en stiv b\u00f8rste. Undlad at bruge opvaskemaskine, metalrense-svampe eller opvaskemidler, da disse kan beskadige overfladen. Forvarm altid panden med olie eller sm\u00f8r, og reduc\u00e9r varmen efter den \u00f8nskede stegeskorpe er opn\u00e5et.Black Iron stegepanden fra Scanpan er et alsidigt redskab i ethvert k\u00f8kken. Den klarer nemt tilberedningen af alt fra sarte fisk til kraftige b\u00f8ffer, uanset om du bruger komfur, ovn eller grill. F\u00e5 gl\u00e6de af ensartede resultater, lang holdbarhed og optimalt brugervenligt design. Se ogs\u00e5:<\/p>\n<p>Sammenlign priser p\u00e5 Scanpan 22 cm stegepande i omslag &#8211; Black Iron og k\u00f8b online til den billigste pris, samt p\u00e5 tilbud!\u00a0\u00a0Tjek den bedste pris, produkt beskrivelse, video, test, anmeldelser osv.<\/p>\n<p><strong>Brand: <\/strong>Scanpan<br \/>\n<strong>EAN: <\/strong>0083421209863<br \/>\n<strong>Producentens varenr.:<\/strong> 0083421209863<\/p>\n<p><strong>P.S.<\/strong><br \/>\nTilmeld dig til &#8220;Opret Gratis Prisfald Alarm&#8221;, og bliv underrettet med det samme om prisfald p\u00e5 Scanpan 22 cm stegepande i omslag &#8211; Black Iron, og f\u00e5 den billigste pris!<\/p>\n<p>&nbsp;<\/p>\n<p>&nbsp;<\/p>\n","protected":false},"excerpt":{"rendered":"<p>K\u00f8b billig Scanpan 22 cm stegepande i omslag &#8211; Black Iron! Black Iron stegepanden fra Scanpan er omhyggeligt fremstillet af f\u00f8rsteklasses sort kulstofst\u00e5l, hvilket giver dig et holdbart og robust kogegrej designet til lang levetid. Panden t\u00e5ler ekstremt h\u00f8je temperaturer og er velegnet til b\u00e5de komfur, ovn, grill og b\u00e5l. Den er yderst alsidig og [&hellip;]<\/p>\n","protected":false},"featured_media":999980000004473560,"template":"","meta":[],"store":[1272516],"product_brand":[1272521],"product_cat":[1272410],"product_tag":[1272681,1275184],"class_list":{"0":"post-447356","1":"product","2":"type-product","3":"status-publish","4":"has-post-thumbnail","6":"store-butik24","7":"product_brand-scanpan","8":"product_cat-koekkengrej","9":"product_tag-koekkengrej","10":"product_tag-scanpan","11":"pa_maerke-scanpan","13":"first","14":"instock","15":"product-type-external"},"_links":{"self":[{"href":"https:\/\/www.pricetornado.com\/da\/wp-json\/wp\/v2\/product\/447356","targetHints":{"allow":["GET"]}}],"collection":[{"href":"https:\/\/www.pricetornado.com\/da\/wp-json\/wp\/v2\/product"}],"about":[{"href":"https:\/\/www.pricetornado.com\/da\/wp-json\/wp\/v2\/types\/product"}],"wp:featuredmedia":[{"embeddable":true,"href":"https:\/\/www.pricetornado.com\/da\/wp-json\/"}],"wp:attachment":[{"href":"https:\/\/www.pricetornado.com\/da\/wp-json\/wp\/v2\/media?parent=447356"}],"wp:term":[{"taxonomy":"store","embeddable":true,"href":"https:\/\/www.pricetornado.com\/da\/wp-json\/wp\/v2\/store?post=447356"},{"taxonomy":"product_brand","embeddable":true,"href":"https:\/\/www.pricetornado.com\/da\/wp-json\/wp\/v2\/product_brand?post=447356"},{"taxonomy":"product_cat","embeddable":true,"href":"https:\/\/www.pricetornado.com\/da\/wp-json\/wp\/v2\/product_cat?post=447356"},{"taxonomy":"product_tag","embeddable":true,"href":"https:\/\/www.pricetornado.com\/da\/wp-json\/wp\/v2\/product_tag?post=447356"}],"curies":[{"name":"wp","href":"https:\/\/api.w.org\/{rel}","templated":true}]}}