{"id":447352,"date":"2025-02-23T01:39:27","date_gmt":"2025-02-23T00:39:27","guid":{"rendered":"https:\/\/www.pricetornado.com\/da\/produkt\/scanpan-31-cm-grydeske-karboniseret-ask\/"},"modified":"2026-04-17T10:00:26","modified_gmt":"2026-04-17T08:00:26","slug":"scanpan-31-cm-grydeske-karboniseret-ask","status":"publish","type":"product","link":"https:\/\/www.pricetornado.com\/da\/produkt\/scanpan-31-cm-grydeske-karboniseret-ask\/","title":{"rendered":"Scanpan 31 cm Grydeske &#8211; Karboniseret Ask"},"content":{"rendered":"<p>K\u00f8b billig Scanpan 31 cm Grydeske &#8211; Karboniseret Ask!<br \/>\nScanpans 31 cm grydeske er et multifunktionelt k\u00f8kkenredskab, der er designet til at klare de fleste opgaver i k\u00f8kkenet. Med et ergonomisk greb udf\u00f8rt i karboniseret ask i en varm, gylden farve f\u00e5r du b\u00e5de holdbarhed, et eksklusivt udtryk og et behageligt h\u00e5ndtag under madlavningen. Skeens hoved er fremstillet i mat, m\u00f8rkegr\u00e5 silikone, som ikke kun er slidst\u00e6rkt, men ogs\u00e5 t\u00e5ler h\u00f8je temperaturer p\u00e5 op til 230\u00b0C. Det g\u00f8r grydeskeen s\u00e6rdeles velegnet b\u00e5de til omr\u00f8ring, servering og til brug sammen med non-stick gryder og pander.Grydeskeen er designet med fokus p\u00e5 brugervenlighed og hygiejne. Takket v\u00e6re det aftagelige hoved kan du let reng\u00f8re b\u00e5de silikonehoved og tr\u00e6greb separat, hvilket g\u00f8r reng\u00f8ringen mere effektiv. Vedligehold grebet med Scanpans tr\u00e6olie for at bevare askens smukke, varme gl\u00f8d og sikre lang levetid.Scanpan er anerkendt for innovative og funktionelle l\u00f8sninger til k\u00f8kkenet, og denne grydeske er ingen undtagelse. Kombinationen af moderne materialer og klassisk tr\u00e6 skaber et holdbart, praktisk og \u00e6stetisk redskab, der passer perfekt til daglig brug.<\/p>\n<p>Sammenlign priser p\u00e5 Scanpan 31 cm Grydeske &#8211; Karboniseret Ask og k\u00f8b online til den billigste pris, samt p\u00e5 tilbud!\u00a0\u00a0Tjek den bedste pris, produkt beskrivelse, video, test, anmeldelser osv.<\/p>\n<p><strong>Brand: <\/strong>Scanpan<br \/>\n<strong>EAN: <\/strong>083421207111<br \/>\n<strong>Producentens varenr.:<\/strong> 083421207111<\/p>\n<p><strong>P.S.<\/strong><br \/>\nTilmeld dig til &#8220;Opret Gratis Prisfald Alarm&#8221;, og bliv underrettet med det samme om prisfald p\u00e5 Scanpan 31 cm Grydeske &#8211; Karboniseret Ask, og f\u00e5 den billigste pris!<\/p>\n<p>&nbsp;<\/p>\n<p>&nbsp;<\/p>\n","protected":false},"excerpt":{"rendered":"<p>K\u00f8b billig Scanpan 31 cm Grydeske &#8211; Karboniseret Ask! Scanpans 31 cm grydeske er et multifunktionelt k\u00f8kkenredskab, der er designet til at klare de fleste opgaver i k\u00f8kkenet. Med et ergonomisk greb udf\u00f8rt i karboniseret ask i en varm, gylden farve f\u00e5r du b\u00e5de holdbarhed, et eksklusivt udtryk og et behageligt h\u00e5ndtag under madlavningen. Skeens [&hellip;]<\/p>\n","protected":false},"featured_media":999980000004473520,"template":"","meta":[],"store":[1272516],"product_brand":[1272521],"product_cat":[1272410],"product_tag":[1272681,1275184],"class_list":{"0":"post-447352","1":"product","2":"type-product","3":"status-publish","4":"has-post-thumbnail","6":"store-butik24","7":"product_brand-scanpan","8":"product_cat-koekkengrej","9":"product_tag-koekkengrej","10":"product_tag-scanpan","11":"pa_maerke-scanpan","13":"first","14":"instock","15":"product-type-external"},"_links":{"self":[{"href":"https:\/\/www.pricetornado.com\/da\/wp-json\/wp\/v2\/product\/447352","targetHints":{"allow":["GET"]}}],"collection":[{"href":"https:\/\/www.pricetornado.com\/da\/wp-json\/wp\/v2\/product"}],"about":[{"href":"https:\/\/www.pricetornado.com\/da\/wp-json\/wp\/v2\/types\/product"}],"wp:featuredmedia":[{"embeddable":true,"href":"https:\/\/www.pricetornado.com\/da\/wp-json\/"}],"wp:attachment":[{"href":"https:\/\/www.pricetornado.com\/da\/wp-json\/wp\/v2\/media?parent=447352"}],"wp:term":[{"taxonomy":"store","embeddable":true,"href":"https:\/\/www.pricetornado.com\/da\/wp-json\/wp\/v2\/store?post=447352"},{"taxonomy":"product_brand","embeddable":true,"href":"https:\/\/www.pricetornado.com\/da\/wp-json\/wp\/v2\/product_brand?post=447352"},{"taxonomy":"product_cat","embeddable":true,"href":"https:\/\/www.pricetornado.com\/da\/wp-json\/wp\/v2\/product_cat?post=447352"},{"taxonomy":"product_tag","embeddable":true,"href":"https:\/\/www.pricetornado.com\/da\/wp-json\/wp\/v2\/product_tag?post=447352"}],"curies":[{"name":"wp","href":"https:\/\/api.w.org\/{rel}","templated":true}]}}