{"id":447346,"date":"2025-02-22T23:38:31","date_gmt":"2025-02-22T22:38:31","guid":{"rendered":"https:\/\/www.pricetornado.com\/da\/produkt\/scanpan-24-cm-sauterpande-m-laag-classic-induction\/"},"modified":"2026-05-01T07:20:17","modified_gmt":"2026-05-01T05:20:17","slug":"scanpan-24-cm-sauterpande-m-laag-classic-induction","status":"publish","type":"product","link":"https:\/\/www.pricetornado.com\/da\/produkt\/scanpan-24-cm-sauterpande-m-laag-classic-induction\/","title":{"rendered":"Scanpan 24 cm sauterpande m. l\u00e5g &#8211; Classic Induction"},"content":{"rendered":"<p>K\u00f8b billig Scanpan 24 cm sauterpande m. l\u00e5g &#8211; Classic Induction!<br \/>\nClassic sauterpande fra Scanpan er en multifunktionel pande til den entusiastiske hjemmekok, der \u00f8nsker professionelle resultater hjemme i k\u00f8kkenet. De h\u00f8je sider g\u00f8r det let at omr\u00f8re retter, tils\u00e6tte fond og langtids-simre, hvilket giver dig fuld fleksibilitet til b\u00e5de stegning, kogning og bagning. V\u00e6lg SCANPAN Classic for uanede anvendelsesmuligheder og perfekte resultater \u2013 uanset om du steger, koger, bager eller griller.Panden er h\u00e5ndst\u00f8bt i genbrugt aluminium, hvilket g\u00f8r den til et milj\u00f8venligt valg. Aluminium er kendt for sin evne til hurtigt at lede og fordele varmen j\u00e6vnt, s\u00e5 du f\u00e5r en ensartet tilberedning. En integreret st\u00e5lplade i bunden g\u00f8r panden kompatibel med induktionskomfur og sikrer optimal ydeevne p\u00e5 alle varmekilder.Denne sauterpande er udstyret med Stratanium non-stick bel\u00e6gning, der t\u00e5ler brug af metalredskaber og sikrer nem reng\u00f8ring. Takket v\u00e6re det ergonomiske h\u00e5ndtag og den lette konstruktion er panden nem at h\u00e5ndtere i daglig brug. L\u00e5get, som f\u00f8lger med, beskytter dine retter under tilberedning og g\u00f8r det let at simre eller dampe maden \u2013 b\u00e5de p\u00e5 komfuret og i ovnen.Pande, l\u00e5g og h\u00e5ndtag t\u00e5ler ovnvarme op til 250\u00b0C, s\u00e5 du ubesv\u00e6ret kan flytte din ret fra komfur til ovn. Scanpan sauterpanden er desuden velegnet til alle komfurtyper: glaskeramisk, gas, halogen, induktion, spiralkomfur og masseplade.Kompatibel med alle komfurtyper, inkl. induktionFor at sikre din non-stick overflades lange levetid, anbefales det altid at reng\u00f8re panden med opvaskemiddel og undg\u00e5 hurtig opvarmning eller nedk\u00f8ling. Selvom den t\u00e5ler opvaskemaskine, forl\u00e6nger h\u00e5ndvask med mildt opvaskemiddel holdbarheden p\u00e5 bel\u00e6gningen..<\/p>\n<p>Sammenlign priser p\u00e5 Scanpan 24 cm sauterpande m. l\u00e5g &#8211; Classic Induction og k\u00f8b online til den billigste pris, samt p\u00e5 tilbud!\u00a0\u00a0Tjek den bedste pris, produkt beskrivelse, video, test, anmeldelser osv.<\/p>\n<p><strong>Brand: <\/strong>Scanpan<br \/>\n<strong>EAN: <\/strong>083421122520<br \/>\n<strong>Producentens varenr.:<\/strong> 083421122520<\/p>\n<p><strong>P.S.<\/strong><br \/>\nTilmeld dig til &#8220;Opret Gratis Prisfald Alarm&#8221;, og bliv underrettet med det samme om prisfald p\u00e5 Scanpan 24 cm sauterpande m. l\u00e5g &#8211; Classic Induction, og f\u00e5 den billigste pris!<\/p>\n<p>&nbsp;<\/p>\n<p>&nbsp;<\/p>\n","protected":false},"excerpt":{"rendered":"<p>K\u00f8b billig Scanpan 24 cm sauterpande m. l\u00e5g &#8211; Classic Induction! Classic sauterpande fra Scanpan er en multifunktionel pande til den entusiastiske hjemmekok, der \u00f8nsker professionelle resultater hjemme i k\u00f8kkenet. De h\u00f8je sider g\u00f8r det let at omr\u00f8re retter, tils\u00e6tte fond og langtids-simre, hvilket giver dig fuld fleksibilitet til b\u00e5de stegning, kogning og bagning. V\u00e6lg [&hellip;]<\/p>\n","protected":false},"featured_media":999980000004473460,"template":"","meta":[],"store":[1272516],"product_brand":[1272521],"product_cat":[1272410],"product_tag":[1272681,1275184],"class_list":{"0":"post-447346","1":"product","2":"type-product","3":"status-publish","4":"has-post-thumbnail","6":"store-butik24","7":"product_brand-scanpan","8":"product_cat-koekkengrej","9":"product_tag-koekkengrej","10":"product_tag-scanpan","11":"pa_maerke-scanpan","13":"first","14":"instock","15":"product-type-external"},"_links":{"self":[{"href":"https:\/\/www.pricetornado.com\/da\/wp-json\/wp\/v2\/product\/447346","targetHints":{"allow":["GET"]}}],"collection":[{"href":"https:\/\/www.pricetornado.com\/da\/wp-json\/wp\/v2\/product"}],"about":[{"href":"https:\/\/www.pricetornado.com\/da\/wp-json\/wp\/v2\/types\/product"}],"wp:featuredmedia":[{"embeddable":true,"href":"https:\/\/www.pricetornado.com\/da\/wp-json\/"}],"wp:attachment":[{"href":"https:\/\/www.pricetornado.com\/da\/wp-json\/wp\/v2\/media?parent=447346"}],"wp:term":[{"taxonomy":"store","embeddable":true,"href":"https:\/\/www.pricetornado.com\/da\/wp-json\/wp\/v2\/store?post=447346"},{"taxonomy":"product_brand","embeddable":true,"href":"https:\/\/www.pricetornado.com\/da\/wp-json\/wp\/v2\/product_brand?post=447346"},{"taxonomy":"product_cat","embeddable":true,"href":"https:\/\/www.pricetornado.com\/da\/wp-json\/wp\/v2\/product_cat?post=447346"},{"taxonomy":"product_tag","embeddable":true,"href":"https:\/\/www.pricetornado.com\/da\/wp-json\/wp\/v2\/product_tag?post=447346"}],"curies":[{"name":"wp","href":"https:\/\/api.w.org\/{rel}","templated":true}]}}