{"id":447345,"date":"2025-02-25T00:39:36","date_gmt":"2025-02-24T23:39:36","guid":{"rendered":"https:\/\/www.pricetornado.com\/da\/produkt\/scanpan-75-l-32-cm-suppe-stegegryde-m-laag-classic-induction\/"},"modified":"2026-04-30T02:00:28","modified_gmt":"2026-04-30T00:00:28","slug":"scanpan-75-l-32-cm-suppe-stegegryde-m-laag-classic-induction","status":"publish","type":"product","link":"https:\/\/www.pricetornado.com\/da\/produkt\/scanpan-75-l-32-cm-suppe-stegegryde-m-laag-classic-induction\/","title":{"rendered":"Scanpan 7,5 l\/32 cm suppe-\/stegegryde m. l\u00e5g &#8211; Classic Induction"},"content":{"rendered":"<p>K\u00f8b billig Scanpan 7,5 l\/32 cm suppe-\/stegegryde m. l\u00e5g &#8211; Classic Induction!<br \/>\nScanpan 7,5 l\/32 cm suppe- og stegegryden fra Classic Induction-serien er ideel til madlavning, der kr\u00e6ver lidt ekstra tid og plads. Den relativt lille bund i forhold til det store rumindhold g\u00f8r det lettere at skumme overfladen og sparer samtidig energi. Gryden leveres med l\u00e5g og kan bruges til en lang r\u00e6kke retter, hvor plads og funktionalitet er afg\u00f8rende.Gryden er fremstillet af genanvendt st\u00f8bt aluminium, som sikrer en fremragende varmefordeling og robusthed. Den er udstyret med Scanpans keramiske titanium non-stick bel\u00e6gning, som er ekstra slidst\u00e6rk og ridsefast. Dette g\u00f8r madlavning og reng\u00f8ring let, da maden slipper nemt, og bel\u00e6gningen t\u00e5ler daglig brug.Scanpan gryden er kompatibel med alle komfurtyper: induktion, glaskeramisk, gas, halogen, spiralkomfur og masseplade. Gryden samt l\u00e5g og h\u00e5ndtag t\u00e5ler ovnvarme op til 250\u00b0C, hvilket giver dig mulighed for at anvende mange forskellige madlavningsmetoder \u2013 ogs\u00e5 i ovn.For at sikre non-stick bel\u00e6gningens lange levetid b\u00f8r gryden altid reng\u00f8res med opvaskemiddel, og hurtig opvarmning samt nedk\u00f8ling b\u00f8r undg\u00e5s.N\u00f8gleordene for Classic-universet er funktionalitet og holdbarhed. Kombinationen af kvalitetsmaterialer og gennemt\u00e6nkt design g\u00f8r denne gryde ideel b\u00e5de til daglig madlavning og til mere kr\u00e6vende retter, hvor funktionalitet i k\u00f8kkenet er i fokus..<\/p>\n<p>Sammenlign priser p\u00e5 Scanpan 7,5 l\/32 cm suppe-\/stegegryde m. l\u00e5g &#8211; Classic Induction og k\u00f8b online til den billigste pris, samt p\u00e5 tilbud!\u00a0\u00a0Tjek den bedste pris, produkt beskrivelse, video, test, anmeldelser osv.<\/p>\n<p><strong>Brand: <\/strong>Scanpan<br \/>\n<strong>EAN: <\/strong>083421186225<br \/>\n<strong>Producentens varenr.:<\/strong> 083421186225<\/p>\n<p><strong>P.S.<\/strong><br \/>\nTilmeld dig til &#8220;Opret Gratis Prisfald Alarm&#8221;, og bliv underrettet med det samme om prisfald p\u00e5 Scanpan 7,5 l\/32 cm suppe-\/stegegryde m. l\u00e5g &#8211; Classic Induction, og f\u00e5 den billigste pris!<\/p>\n<p>&nbsp;<\/p>\n<p>&nbsp;<\/p>\n","protected":false},"excerpt":{"rendered":"<p>K\u00f8b billig Scanpan 7,5 l\/32 cm suppe-\/stegegryde m. l\u00e5g &#8211; Classic Induction! Scanpan 7,5 l\/32 cm suppe- og stegegryden fra Classic Induction-serien er ideel til madlavning, der kr\u00e6ver lidt ekstra tid og plads. Den relativt lille bund i forhold til det store rumindhold g\u00f8r det lettere at skumme overfladen og sparer samtidig energi. Gryden leveres [&hellip;]<\/p>\n","protected":false},"featured_media":999980000004473450,"template":"","meta":[],"store":[1272516],"product_brand":[1272521],"product_cat":[1272410],"product_tag":[1272681,1275184],"class_list":{"0":"post-447345","1":"product","2":"type-product","3":"status-publish","4":"has-post-thumbnail","6":"store-butik24","7":"product_brand-scanpan","8":"product_cat-koekkengrej","9":"product_tag-koekkengrej","10":"product_tag-scanpan","11":"pa_maerke-scanpan","13":"first","14":"instock","15":"product-type-external"},"_links":{"self":[{"href":"https:\/\/www.pricetornado.com\/da\/wp-json\/wp\/v2\/product\/447345","targetHints":{"allow":["GET"]}}],"collection":[{"href":"https:\/\/www.pricetornado.com\/da\/wp-json\/wp\/v2\/product"}],"about":[{"href":"https:\/\/www.pricetornado.com\/da\/wp-json\/wp\/v2\/types\/product"}],"wp:featuredmedia":[{"embeddable":true,"href":"https:\/\/www.pricetornado.com\/da\/wp-json\/"}],"wp:attachment":[{"href":"https:\/\/www.pricetornado.com\/da\/wp-json\/wp\/v2\/media?parent=447345"}],"wp:term":[{"taxonomy":"store","embeddable":true,"href":"https:\/\/www.pricetornado.com\/da\/wp-json\/wp\/v2\/store?post=447345"},{"taxonomy":"product_brand","embeddable":true,"href":"https:\/\/www.pricetornado.com\/da\/wp-json\/wp\/v2\/product_brand?post=447345"},{"taxonomy":"product_cat","embeddable":true,"href":"https:\/\/www.pricetornado.com\/da\/wp-json\/wp\/v2\/product_cat?post=447345"},{"taxonomy":"product_tag","embeddable":true,"href":"https:\/\/www.pricetornado.com\/da\/wp-json\/wp\/v2\/product_tag?post=447345"}],"curies":[{"name":"wp","href":"https:\/\/api.w.org\/{rel}","templated":true}]}}