{"id":447344,"date":"2025-02-25T00:12:13","date_gmt":"2025-02-24T23:12:13","guid":{"rendered":"https:\/\/www.pricetornado.com\/da\/produkt\/scanpan-32-cm-chefpande-m-laag-impact\/"},"modified":"2026-04-21T06:40:11","modified_gmt":"2026-04-21T04:40:11","slug":"scanpan-32-cm-chefpande-m-laag-impact","status":"publish","type":"product","link":"https:\/\/www.pricetornado.com\/da\/produkt\/scanpan-32-cm-chefpande-m-laag-impact\/","title":{"rendered":"Scanpan 32 cm chefpande m. l\u00e5g &#8211; Impact"},"content":{"rendered":"<p>K\u00f8b billig Scanpan 32 cm chefpande m. l\u00e5g &#8211; Impact!<br \/>\nScanpan Impact chefpande p\u00e5 32 cm forener funktionalitet og holdbarhed gennem fremstillingen i h\u00f8j kvalitet 18\/10 rustfrit st\u00e5l. Denne chefpande kan det samme som en sauterpande, men er udstyret med to korte, solide h\u00e5ndtag, der g\u00f8r den ideel som b\u00e5de sauter- og serveringspande. Panden leveres med et tempereret glasl\u00e5g, s\u00e5 du let kan holde \u00f8je med maden under tilberedningen og bevare b\u00e5de varme og fugtighed.Det rustfri st\u00e5l er let at reng\u00f8re, og panden holder sig flot og modstandsdygtig over for korrosion i mange \u00e5r.Scanpan Impact chefpanden leveres med 10 \u00e5rs garanti mod fabrikationsfejl, hvilket understreger den h\u00f8je kvalitet og holdbarhed i produktet.<\/p>\n<p>Sammenlign priser p\u00e5 Scanpan 32 cm chefpande m. l\u00e5g &#8211; Impact og k\u00f8b online til den billigste pris, samt p\u00e5 tilbud!\u00a0\u00a0Tjek den bedste pris, produkt beskrivelse, video, test, anmeldelser osv.<\/p>\n<p><strong>Brand: <\/strong>Scanpan<br \/>\n<strong>EAN: <\/strong>083421711120<br \/>\n<strong>Producentens varenr.:<\/strong> 083421711120<\/p>\n<p><strong>P.S.<\/strong><br \/>\nTilmeld dig til &#8220;Opret Gratis Prisfald Alarm&#8221;, og bliv underrettet med det samme om prisfald p\u00e5 Scanpan 32 cm chefpande m. l\u00e5g &#8211; Impact, og f\u00e5 den billigste pris!<\/p>\n<p>&nbsp;<\/p>\n<p>&nbsp;<\/p>\n","protected":false},"excerpt":{"rendered":"<p>K\u00f8b billig Scanpan 32 cm chefpande m. l\u00e5g &#8211; Impact! Scanpan Impact chefpande p\u00e5 32 cm forener funktionalitet og holdbarhed gennem fremstillingen i h\u00f8j kvalitet 18\/10 rustfrit st\u00e5l. Denne chefpande kan det samme som en sauterpande, men er udstyret med to korte, solide h\u00e5ndtag, der g\u00f8r den ideel som b\u00e5de sauter- og serveringspande. Panden leveres [&hellip;]<\/p>\n","protected":false},"featured_media":999980000004473440,"template":"","meta":[],"store":[1272516],"product_brand":[1272521],"product_cat":[1272410],"product_tag":[1272681,1275184],"class_list":{"0":"post-447344","1":"product","2":"type-product","3":"status-publish","4":"has-post-thumbnail","6":"store-butik24","7":"product_brand-scanpan","8":"product_cat-koekkengrej","9":"product_tag-koekkengrej","10":"product_tag-scanpan","11":"pa_maerke-scanpan","13":"first","14":"instock","15":"product-type-external"},"_links":{"self":[{"href":"https:\/\/www.pricetornado.com\/da\/wp-json\/wp\/v2\/product\/447344","targetHints":{"allow":["GET"]}}],"collection":[{"href":"https:\/\/www.pricetornado.com\/da\/wp-json\/wp\/v2\/product"}],"about":[{"href":"https:\/\/www.pricetornado.com\/da\/wp-json\/wp\/v2\/types\/product"}],"wp:featuredmedia":[{"embeddable":true,"href":"https:\/\/www.pricetornado.com\/da\/wp-json\/"}],"wp:attachment":[{"href":"https:\/\/www.pricetornado.com\/da\/wp-json\/wp\/v2\/media?parent=447344"}],"wp:term":[{"taxonomy":"store","embeddable":true,"href":"https:\/\/www.pricetornado.com\/da\/wp-json\/wp\/v2\/store?post=447344"},{"taxonomy":"product_brand","embeddable":true,"href":"https:\/\/www.pricetornado.com\/da\/wp-json\/wp\/v2\/product_brand?post=447344"},{"taxonomy":"product_cat","embeddable":true,"href":"https:\/\/www.pricetornado.com\/da\/wp-json\/wp\/v2\/product_cat?post=447344"},{"taxonomy":"product_tag","embeddable":true,"href":"https:\/\/www.pricetornado.com\/da\/wp-json\/wp\/v2\/product_tag?post=447344"}],"curies":[{"name":"wp","href":"https:\/\/api.w.org\/{rel}","templated":true}]}}