{"id":447343,"date":"2025-02-27T13:37:27","date_gmt":"2025-02-27T12:37:27","guid":{"rendered":"https:\/\/www.pricetornado.com\/da\/produkt\/scanpan-26-cm-stegepande-impact\/"},"modified":"2026-04-21T08:20:42","modified_gmt":"2026-04-21T06:20:42","slug":"scanpan-26-cm-stegepande-impact","status":"publish","type":"product","link":"https:\/\/www.pricetornado.com\/da\/produkt\/scanpan-26-cm-stegepande-impact\/","title":{"rendered":"Scanpan 26 cm stegepande &#8211; Impact"},"content":{"rendered":"<p>K\u00f8b billig Scanpan 26 cm stegepande &#8211; Impact!<br \/>\nScanpan Impact stegepanden p\u00e5 26 cm er udf\u00f8rt i holdbart 18\/10 rustfrit st\u00e5l med en kraftig 6,4 mm sandwichbund, der har en kerne af aluminium. Dette giver b\u00e5de suver\u00e6n holdbarhed og en optimal varmefordeling, s\u00e5 panden bliver hurtigt klar til alle typer madlavning. Grebene er lavet af st\u00f8bt, rustfrit st\u00e5l og fastgjort med indvendige nitter, hvilket sikrer permanent fastsiddende h\u00e5ndtag, der forbliver k\u00f8lige l\u00e6ngere under brug.Kompatibel med alle komfurtyper, inkl. induktion, gas, glaskeramisk, halogen, masseplade og spiralkomfurImpact-serien kombinerer for\u00e6dlet st\u00e5l og en aluminiums-kerne for maksimal styrke, holdbarhed og effektiv varmeledning. Panden er designet til at modst\u00e5 daglig brug og er velegnet til det professionelle s\u00e5vel som det private k\u00f8kken.Stegepanden er d\u00e6kket af en 10-\u00e5rs garanti mod fabrikationsfejl og konstrueret til langvarig brug. De indvendige nitter i rustfrit st\u00e5l sikrer, at grebet forbliver stabilt og sikkert, selv efter mange \u00e5rs brug.<\/p>\n<p>Sammenlign priser p\u00e5 Scanpan 26 cm stegepande &#8211; Impact og k\u00f8b online til den billigste pris, samt p\u00e5 tilbud!\u00a0\u00a0Tjek den bedste pris, produkt beskrivelse, video, test, anmeldelser osv.<\/p>\n<p><strong>Brand: <\/strong>Scanpan<br \/>\n<strong>EAN: <\/strong>083421710000<br \/>\n<strong>Producentens varenr.:<\/strong> 083421710000<\/p>\n<p><strong>P.S.<\/strong><br \/>\nTilmeld dig til &#8220;Opret Gratis Prisfald Alarm&#8221;, og bliv underrettet med det samme om prisfald p\u00e5 Scanpan 26 cm stegepande &#8211; Impact, og f\u00e5 den billigste pris!<\/p>\n<p>&nbsp;<\/p>\n<p>&nbsp;<\/p>\n","protected":false},"excerpt":{"rendered":"<p>K\u00f8b billig Scanpan 26 cm stegepande &#8211; Impact! Scanpan Impact stegepanden p\u00e5 26 cm er udf\u00f8rt i holdbart 18\/10 rustfrit st\u00e5l med en kraftig 6,4 mm sandwichbund, der har en kerne af aluminium. Dette giver b\u00e5de suver\u00e6n holdbarhed og en optimal varmefordeling, s\u00e5 panden bliver hurtigt klar til alle typer madlavning. Grebene er lavet af [&hellip;]<\/p>\n","protected":false},"featured_media":999980000004473430,"template":"","meta":[],"store":[1272516],"product_brand":[1272521],"product_cat":[1272410],"product_tag":[1272681,1275184],"class_list":{"0":"post-447343","1":"product","2":"type-product","3":"status-publish","4":"has-post-thumbnail","6":"store-butik24","7":"product_brand-scanpan","8":"product_cat-koekkengrej","9":"product_tag-koekkengrej","10":"product_tag-scanpan","11":"pa_maerke-scanpan","13":"first","14":"instock","15":"product-type-external"},"_links":{"self":[{"href":"https:\/\/www.pricetornado.com\/da\/wp-json\/wp\/v2\/product\/447343","targetHints":{"allow":["GET"]}}],"collection":[{"href":"https:\/\/www.pricetornado.com\/da\/wp-json\/wp\/v2\/product"}],"about":[{"href":"https:\/\/www.pricetornado.com\/da\/wp-json\/wp\/v2\/types\/product"}],"wp:featuredmedia":[{"embeddable":true,"href":"https:\/\/www.pricetornado.com\/da\/wp-json\/"}],"wp:attachment":[{"href":"https:\/\/www.pricetornado.com\/da\/wp-json\/wp\/v2\/media?parent=447343"}],"wp:term":[{"taxonomy":"store","embeddable":true,"href":"https:\/\/www.pricetornado.com\/da\/wp-json\/wp\/v2\/store?post=447343"},{"taxonomy":"product_brand","embeddable":true,"href":"https:\/\/www.pricetornado.com\/da\/wp-json\/wp\/v2\/product_brand?post=447343"},{"taxonomy":"product_cat","embeddable":true,"href":"https:\/\/www.pricetornado.com\/da\/wp-json\/wp\/v2\/product_cat?post=447343"},{"taxonomy":"product_tag","embeddable":true,"href":"https:\/\/www.pricetornado.com\/da\/wp-json\/wp\/v2\/product_tag?post=447343"}],"curies":[{"name":"wp","href":"https:\/\/api.w.org\/{rel}","templated":true}]}}