{"id":447340,"date":"2025-02-23T06:42:35","date_gmt":"2025-02-23T05:42:35","guid":{"rendered":"https:\/\/www.pricetornado.com\/da\/produkt\/scanpan-ctx-gryde-pandesaet-10-dele\/"},"modified":"2026-04-29T03:20:31","modified_gmt":"2026-04-29T01:20:31","slug":"scanpan-ctx-gryde-pandesaet-10-dele","status":"publish","type":"product","link":"https:\/\/www.pricetornado.com\/da\/produkt\/scanpan-ctx-gryde-pandesaet-10-dele\/","title":{"rendered":"Scanpan CTX gryde\/Pandes\u00e6t 10 dele"},"content":{"rendered":"<p>K\u00f8b billig Scanpan CTX gryde\/Pandes\u00e6t 10 dele!<br \/>\nScanpan CTX-serien er kendt for kompromisl\u00f8s kvalitet og funktionalitet, og dette 10-dele s\u00e6t indeholder alt det n\u00f8dvendige udstyr til det moderne k\u00f8kken. Alle dele er produceret i Danmark og kan anvendes p\u00e5 alle varmekilder, inklusive induktion. S\u00e6ttet forener elegant design med maksimal holdbarhed og uovertruffen varmeledning, s\u00e5 du f\u00e5r en optimal madoplevelse hver gang.Hvert produkt i CTX-serien er fremstillet med en avanceret femlags konstruktion best\u00e5ende af st\u00f8bt aluminium og rustfrit st\u00e5l. Denne sammens\u00e6tning sikrer en slidst\u00e6rk ydre b\u00f8rstet st\u00e5lfinish og en aluminiumkerne for ypperlig varmeledning. Non-stick bel\u00e6gningen, STRATANIUM, er en keramisk titaniumkomposit, der g\u00f8r b\u00e5de madlavning og reng\u00f8ring let \u2013 og t\u00e5ler brug af metalredskaber uden at tage skade.Velegnet til alle komfurtyper, inklusiv induktion, for energieffektiv madlavning.Ovnfast op til 260\u00b0C (500\u00b0F) \u2013 g\u00e5 direkte fra komfur til ovn uden problemer.Scanpans l\u00e5g passer til alle produkter med samme diameter, hvilket giver ekstra fleksibilitet.T\u00e5ler opvaskemaskine, men h\u00e5ndvask anbefales for at bevare den flotte finish.Fremstillet med genbrugsmaterialer og omfattet af livstidsgaranti mod fabrikationsfejl.Scanpan CTX-serien kombinerer sikkerhed, slidstyrke og \u00e6stetik. Du f\u00e5r b\u00e6redygtigt fremstillet k\u00f8kkengrej designet til at holde, hvilket g\u00f8r madlavningen b\u00e5de lettere og mere forn\u00f8jelig. Udforsk ogs\u00e5 vores udvalg af for mere inspiration til dit k\u00f8kken.<\/p>\n<p>Sammenlign priser p\u00e5 Scanpan CTX gryde\/Pandes\u00e6t 10 dele og k\u00f8b online til den billigste pris, samt p\u00e5 tilbud!\u00a0\u00a0Tjek den bedste pris, produkt beskrivelse, video, test, anmeldelser osv.<\/p>\n<p><strong>Brand: <\/strong>Scanpan<br \/>\n<strong>EAN: <\/strong>083421100726<br \/>\n<strong>Producentens varenr.:<\/strong> 083421100726<\/p>\n<p><strong>P.S.<\/strong><br \/>\nTilmeld dig til &#8220;Opret Gratis Prisfald Alarm&#8221;, og bliv underrettet med det samme om prisfald p\u00e5 Scanpan CTX gryde\/Pandes\u00e6t 10 dele, og f\u00e5 den billigste pris!<\/p>\n<p>&nbsp;<\/p>\n<p>&nbsp;<\/p>\n","protected":false},"excerpt":{"rendered":"<p>K\u00f8b billig Scanpan CTX gryde\/Pandes\u00e6t 10 dele! Scanpan CTX-serien er kendt for kompromisl\u00f8s kvalitet og funktionalitet, og dette 10-dele s\u00e6t indeholder alt det n\u00f8dvendige udstyr til det moderne k\u00f8kken. Alle dele er produceret i Danmark og kan anvendes p\u00e5 alle varmekilder, inklusive induktion. S\u00e6ttet forener elegant design med maksimal holdbarhed og uovertruffen varmeledning, s\u00e5 du [&hellip;]<\/p>\n","protected":false},"featured_media":999980000004473400,"template":"","meta":[],"store":[1272516],"product_brand":[1272521],"product_cat":[1272410],"product_tag":[1272681,1275184],"class_list":{"0":"post-447340","1":"product","2":"type-product","3":"status-publish","4":"has-post-thumbnail","6":"store-butik24","7":"product_brand-scanpan","8":"product_cat-koekkengrej","9":"product_tag-koekkengrej","10":"product_tag-scanpan","11":"pa_maerke-scanpan","13":"first","14":"instock","15":"product-type-external"},"_links":{"self":[{"href":"https:\/\/www.pricetornado.com\/da\/wp-json\/wp\/v2\/product\/447340","targetHints":{"allow":["GET"]}}],"collection":[{"href":"https:\/\/www.pricetornado.com\/da\/wp-json\/wp\/v2\/product"}],"about":[{"href":"https:\/\/www.pricetornado.com\/da\/wp-json\/wp\/v2\/types\/product"}],"wp:featuredmedia":[{"embeddable":true,"href":"https:\/\/www.pricetornado.com\/da\/wp-json\/"}],"wp:attachment":[{"href":"https:\/\/www.pricetornado.com\/da\/wp-json\/wp\/v2\/media?parent=447340"}],"wp:term":[{"taxonomy":"store","embeddable":true,"href":"https:\/\/www.pricetornado.com\/da\/wp-json\/wp\/v2\/store?post=447340"},{"taxonomy":"product_brand","embeddable":true,"href":"https:\/\/www.pricetornado.com\/da\/wp-json\/wp\/v2\/product_brand?post=447340"},{"taxonomy":"product_cat","embeddable":true,"href":"https:\/\/www.pricetornado.com\/da\/wp-json\/wp\/v2\/product_cat?post=447340"},{"taxonomy":"product_tag","embeddable":true,"href":"https:\/\/www.pricetornado.com\/da\/wp-json\/wp\/v2\/product_tag?post=447340"}],"curies":[{"name":"wp","href":"https:\/\/api.w.org\/{rel}","templated":true}]}}