{"id":447339,"date":"2025-02-23T02:15:42","date_gmt":"2025-02-23T01:15:42","guid":{"rendered":"https:\/\/www.pricetornado.com\/da\/produkt\/scanpan-knivblok-7-dele-saet-classic\/"},"modified":"2026-04-18T05:30:21","modified_gmt":"2026-04-18T03:30:21","slug":"scanpan-knivblok-7-dele-saet-classic","status":"publish","type":"product","link":"https:\/\/www.pricetornado.com\/da\/produkt\/scanpan-knivblok-7-dele-saet-classic\/","title":{"rendered":"Scanpan Knivblok, 7 dele s\u00e6t &#8211; Classic"},"content":{"rendered":"<p>K\u00f8b billig Scanpan Knivblok, 7 dele s\u00e6t &#8211; Classic!<br \/>\nScanpan knivblok 7 dele fra Classic-serien er udviklet til daglig brug og forener elegant design med h\u00f8j funktionalitet. S\u00e6ttet best\u00e5r af en stilfuld knivblok i egetr\u00e6 og seks forskellige k\u00f8kkenknive, der d\u00e6kker alle behov i det moderne k\u00f8kken.Alle knive er udf\u00f8rt i tysk rustfrit st\u00e5l af h\u00f8jeste kvalitet, hvilket giver en robust og slidst\u00e6rk konstruktion, der modst\u00e5r rust og korrosion. Knivbladene er konisk slebne med en sk\u00e6revinkel p\u00e5 26\u00b0, hvilket sikrer langvarig skarphed og optimal sk\u00e6reevne. H\u00e5rdheden p\u00e5 bladene m\u00e5les til 56-57 Rockwell, hvilket placer dem blandt de h\u00e5rdeste inden for knivst\u00e5l. Hver kniv testes individuelt efter Rockwell\u00ae-metoden for at sikre den optimale h\u00e6rdning og kvalitet.Knivene i Classic-serien har ovale, ergonomiske greb formet med en bue og belagt med skridsikkert kunststof. Dette giver et behageligt og sikkert greb, s\u00e5 du let kan arbejde effektivt og sikkert. Perfekt v\u00e6gtfordeling og balance g\u00f8r knivene lette at kontrollere under alle slags k\u00f8kkenopgaver.For at bibeholde knivenes skarphed anbefales regelm\u00e6ssig slibning med Scanpan Classic Diamond Sharpening Steel. H\u00e5ndvask af knivene forl\u00e6nger deres levetid og beskytter mod skader fra opvaskemaskine.Classic-seriens knivblok i egetr\u00e6 er ikke blot praktisk, men ogs\u00e5 \u00e6stetisk og stabil. Serien kombinerer et enkelt, formfuldendt look med alsidighed og kvalitet til attraktive priser. Oplev holdbare og sikre knive, som g\u00f8r madlavningen nemmere \u2013 uanset om du er amat\u00f8r eller passioneret hobbykok. for flere produkter i samme h\u00f8je kvalitet.<\/p>\n<p>Sammenlign priser p\u00e5 Scanpan Knivblok, 7 dele s\u00e6t &#8211; Classic og k\u00f8b online til den billigste pris, samt p\u00e5 tilbud!\u00a0\u00a0Tjek den bedste pris, produkt beskrivelse, video, test, anmeldelser osv.<\/p>\n<p><strong>Brand: <\/strong>Scanpan<br \/>\n<strong>EAN: <\/strong>083421123794<br \/>\n<strong>Producentens varenr.:<\/strong> 083421123794<\/p>\n<p><strong>P.S.<\/strong><br \/>\nTilmeld dig til &#8220;Opret Gratis Prisfald Alarm&#8221;, og bliv underrettet med det samme om prisfald p\u00e5 Scanpan Knivblok, 7 dele s\u00e6t &#8211; Classic, og f\u00e5 den billigste pris!<\/p>\n<p>&nbsp;<\/p>\n<p>&nbsp;<\/p>\n","protected":false},"excerpt":{"rendered":"<p>K\u00f8b billig Scanpan Knivblok, 7 dele s\u00e6t &#8211; Classic! Scanpan knivblok 7 dele fra Classic-serien er udviklet til daglig brug og forener elegant design med h\u00f8j funktionalitet. S\u00e6ttet best\u00e5r af en stilfuld knivblok i egetr\u00e6 og seks forskellige k\u00f8kkenknive, der d\u00e6kker alle behov i det moderne k\u00f8kken.Alle knive er udf\u00f8rt i tysk rustfrit st\u00e5l af [&hellip;]<\/p>\n","protected":false},"featured_media":999980000004473390,"template":"","meta":[],"store":[1272516],"product_brand":[1272521],"product_cat":[1272410],"product_tag":[1272681,1275184],"class_list":{"0":"post-447339","1":"product","2":"type-product","3":"status-publish","4":"has-post-thumbnail","6":"store-butik24","7":"product_brand-scanpan","8":"product_cat-koekkengrej","9":"product_tag-koekkengrej","10":"product_tag-scanpan","11":"pa_maerke-scanpan","13":"first","14":"instock","15":"product-type-external"},"_links":{"self":[{"href":"https:\/\/www.pricetornado.com\/da\/wp-json\/wp\/v2\/product\/447339","targetHints":{"allow":["GET"]}}],"collection":[{"href":"https:\/\/www.pricetornado.com\/da\/wp-json\/wp\/v2\/product"}],"about":[{"href":"https:\/\/www.pricetornado.com\/da\/wp-json\/wp\/v2\/types\/product"}],"wp:featuredmedia":[{"embeddable":true,"href":"https:\/\/www.pricetornado.com\/da\/wp-json\/"}],"wp:attachment":[{"href":"https:\/\/www.pricetornado.com\/da\/wp-json\/wp\/v2\/media?parent=447339"}],"wp:term":[{"taxonomy":"store","embeddable":true,"href":"https:\/\/www.pricetornado.com\/da\/wp-json\/wp\/v2\/store?post=447339"},{"taxonomy":"product_brand","embeddable":true,"href":"https:\/\/www.pricetornado.com\/da\/wp-json\/wp\/v2\/product_brand?post=447339"},{"taxonomy":"product_cat","embeddable":true,"href":"https:\/\/www.pricetornado.com\/da\/wp-json\/wp\/v2\/product_cat?post=447339"},{"taxonomy":"product_tag","embeddable":true,"href":"https:\/\/www.pricetornado.com\/da\/wp-json\/wp\/v2\/product_tag?post=447339"}],"curies":[{"name":"wp","href":"https:\/\/api.w.org\/{rel}","templated":true}]}}