{"id":447337,"date":"2025-02-23T06:37:35","date_gmt":"2025-02-23T05:37:35","guid":{"rendered":"https:\/\/www.pricetornado.com\/da\/produkt\/scanpan-20-cm-stegepande-fusion-5\/"},"modified":"2026-04-18T02:10:34","modified_gmt":"2026-04-18T00:10:34","slug":"scanpan-20-cm-stegepande-fusion-5","status":"publish","type":"product","link":"https:\/\/www.pricetornado.com\/da\/produkt\/scanpan-20-cm-stegepande-fusion-5\/","title":{"rendered":"Scanpan 20 cm stegepande Fusion 5"},"content":{"rendered":"<p>K\u00f8b billig Scanpan 20 cm stegepande Fusion 5!<br \/>\nScanpan Fusion 5 stegepande p\u00e5 20 cm er designet til dig, der \u00f8nsker en robust og slidst\u00e6rk pande med professionel ydeevne. Stegepanden er fremstillet med en innovativ femlagskonstruktion: 18\/10 rustfrit st\u00e5l p\u00e5 indersiden, en aluminiumskerne der str\u00e6kker sig gennem b\u00e5de bund og sider, samt et ydre lag af 18\/0 rustfrit st\u00e5l. Denne kombination sikrer lynhurtig og j\u00e6vn varmefordeling samt optimal holdbarhed og fuld induktionskompatibilitet.Panden har lave, buede sider uden skarpe vinkler, s\u00e5 du nemt kan anvende k\u00f8kkenredskaber og g\u00f8re reng\u00f8ringen lettere, da madrester ikke samler sig i hj\u00f8rnerne. Den drypfrie kant g\u00f8r det muligt at h\u00e6lde uden at spilde, og de indvendige m\u00e5leangivelser g\u00f8r det hurtigt og nemt at dosere ingredienser direkte i panden.Stegepanden har et ergonomisk h\u00e5ndtag i st\u00f8bt rustfrit st\u00e5l, der holder sig k\u00f8ligt i l\u00e6ngere tid, s\u00e5 du kan h\u00e5ndtere panden sikkert \u2013 ogs\u00e5 under kr\u00e6vende madlavning. Panden er ovnfast op til 250\u00b0C og konstrueret med fokus p\u00e5 sikkerhed: Den induktionsvenlige base minimerer risikoen for at glide under brug. Den spejlblanke, h\u00f8jglanspolerede overflade t\u00e5ler opvaskemaskine, men h\u00e5ndvask anbefales for at bevare den flotte finish l\u00e6ngst muligt.Scanpan Fusion 5 stegepanden er det ideelle valg til dig, der vil kombinere funktionalitet, smukt design og lang holdbarhed i k\u00f8kkenet. Spar tid og energi, og nyd at lave mad med et alsidigt kvalitetsredskab.<\/p>\n<p>Sammenlign priser p\u00e5 Scanpan 20 cm stegepande Fusion 5 og k\u00f8b online til den billigste pris, samt p\u00e5 tilbud!\u00a0\u00a0Tjek den bedste pris, produkt beskrivelse, video, test, anmeldelser osv.<\/p>\n<p><strong>Brand: <\/strong>Scanpan<br \/>\n<strong>EAN: <\/strong>083421740007<br \/>\n<strong>Producentens varenr.:<\/strong> 083421740007<\/p>\n<p><strong>P.S.<\/strong><br \/>\nTilmeld dig til &#8220;Opret Gratis Prisfald Alarm&#8221;, og bliv underrettet med det samme om prisfald p\u00e5 Scanpan 20 cm stegepande Fusion 5, og f\u00e5 den billigste pris!<\/p>\n<p>&nbsp;<\/p>\n<p>&nbsp;<\/p>\n","protected":false},"excerpt":{"rendered":"<p>K\u00f8b billig Scanpan 20 cm stegepande Fusion 5! Scanpan Fusion 5 stegepande p\u00e5 20 cm er designet til dig, der \u00f8nsker en robust og slidst\u00e6rk pande med professionel ydeevne. Stegepanden er fremstillet med en innovativ femlagskonstruktion: 18\/10 rustfrit st\u00e5l p\u00e5 indersiden, en aluminiumskerne der str\u00e6kker sig gennem b\u00e5de bund og sider, samt et ydre lag [&hellip;]<\/p>\n","protected":false},"featured_media":999980000004473370,"template":"","meta":[],"store":[1272516],"product_brand":[1272521],"product_cat":[1272410],"product_tag":[1272681,1275184],"class_list":{"0":"post-447337","1":"product","2":"type-product","3":"status-publish","4":"has-post-thumbnail","6":"store-butik24","7":"product_brand-scanpan","8":"product_cat-koekkengrej","9":"product_tag-koekkengrej","10":"product_tag-scanpan","11":"pa_maerke-scanpan","13":"first","14":"instock","15":"product-type-external"},"_links":{"self":[{"href":"https:\/\/www.pricetornado.com\/da\/wp-json\/wp\/v2\/product\/447337","targetHints":{"allow":["GET"]}}],"collection":[{"href":"https:\/\/www.pricetornado.com\/da\/wp-json\/wp\/v2\/product"}],"about":[{"href":"https:\/\/www.pricetornado.com\/da\/wp-json\/wp\/v2\/types\/product"}],"wp:featuredmedia":[{"embeddable":true,"href":"https:\/\/www.pricetornado.com\/da\/wp-json\/"}],"wp:attachment":[{"href":"https:\/\/www.pricetornado.com\/da\/wp-json\/wp\/v2\/media?parent=447337"}],"wp:term":[{"taxonomy":"store","embeddable":true,"href":"https:\/\/www.pricetornado.com\/da\/wp-json\/wp\/v2\/store?post=447337"},{"taxonomy":"product_brand","embeddable":true,"href":"https:\/\/www.pricetornado.com\/da\/wp-json\/wp\/v2\/product_brand?post=447337"},{"taxonomy":"product_cat","embeddable":true,"href":"https:\/\/www.pricetornado.com\/da\/wp-json\/wp\/v2\/product_cat?post=447337"},{"taxonomy":"product_tag","embeddable":true,"href":"https:\/\/www.pricetornado.com\/da\/wp-json\/wp\/v2\/product_tag?post=447337"}],"curies":[{"name":"wp","href":"https:\/\/api.w.org\/{rel}","templated":true}]}}