{"id":447336,"date":"2025-02-25T20:46:39","date_gmt":"2025-02-25T19:46:39","guid":{"rendered":"https:\/\/www.pricetornado.com\/da\/produkt\/pillivuyt-gourmet-somme-stegepande-non-stick-dia-28-cm-staal\/"},"modified":"2026-04-21T10:30:34","modified_gmt":"2026-04-21T08:30:34","slug":"pillivuyt-gourmet-somme-stegepande-non-stick-dia-28-cm-staal","status":"publish","type":"product","link":"https:\/\/www.pricetornado.com\/da\/produkt\/pillivuyt-gourmet-somme-stegepande-non-stick-dia-28-cm-staal\/","title":{"rendered":"Pillivuyt Gourmet Somme Stegepande non-stick Dia 28 cm St\u00e5l"},"content":{"rendered":"<p>K\u00f8b billig Pillivuyt Gourmet Somme Stegepande non-stick Dia 28 cm St\u00e5l!<br \/>\nPillivuyt Gourmet Somme stegepande er fremstillet i slidst\u00e6rkt 18\/10 rustfrit st\u00e5l, som sikrer b\u00e5de lang holdbarhed og ensartet varmefordeling. Dette giver dig optimale betingelser for at skabe perfekte madlavningsresultater \u2013 uanset om det er til hverdag eller fest.3-lags opbygning af rustfrit st\u00e5l, aluminium og rustfrit st\u00e5l sikrer styrke og effektiv varmeledning.3-lags Quantanium non-stick bel\u00e6gning, der g\u00f8r det nemt at tilberede mad med minimalt brug af fedtstof og letter reng\u00f8ringen.Svejset non-heat st\u00e5lh\u00e5ndtag, som mindsker varmeoverf\u00f8rsel og giver sikker h\u00e5ndtering.Velegnet til alle komfurtyper, inklusive induktion.Den robuste konstruktion og non-stick bel\u00e6gning g\u00f8r stegepanden yderst modstandsdygtig over for dagligt slid, samtidig med at det reducerer risikoen for maden br\u00e6nder p\u00e5. Den ensartede varmefordeling sikrer, at dine retter bliver j\u00e6vnt tilberedt og nemmere at kontrollere \u2013 for et perfekt resultat hver gang. p\u00e5 webshoppen.<\/p>\n<p>Sammenlign priser p\u00e5 Pillivuyt Gourmet Somme Stegepande non-stick Dia 28 cm St\u00e5l og k\u00f8b online til den billigste pris, samt p\u00e5 tilbud!\u00a0\u00a0Tjek den bedste pris, produkt beskrivelse, video, test, anmeldelser osv.<\/p>\n<p><strong>Brand: <\/strong>Pillivuyt<br \/>\n<strong>EAN: <\/strong>3108837134381<br \/>\n<strong>Producentens varenr.:<\/strong> 3108837134381<\/p>\n<p><strong>P.S.<\/strong><br \/>\nTilmeld dig til &#8220;Opret Gratis Prisfald Alarm&#8221;, og bliv underrettet med det samme om prisfald p\u00e5 Pillivuyt Gourmet Somme Stegepande non-stick Dia 28 cm St\u00e5l, og f\u00e5 den billigste pris!<\/p>\n<p>&nbsp;<\/p>\n<p>&nbsp;<\/p>\n","protected":false},"excerpt":{"rendered":"<p>K\u00f8b billig Pillivuyt Gourmet Somme Stegepande non-stick Dia 28 cm St\u00e5l! Pillivuyt Gourmet Somme stegepande er fremstillet i slidst\u00e6rkt 18\/10 rustfrit st\u00e5l, som sikrer b\u00e5de lang holdbarhed og ensartet varmefordeling. Dette giver dig optimale betingelser for at skabe perfekte madlavningsresultater \u2013 uanset om det er til hverdag eller fest.3-lags opbygning af rustfrit st\u00e5l, aluminium og [&hellip;]<\/p>\n","protected":false},"featured_media":999980000004473360,"template":"","meta":[],"store":[1272516],"product_brand":[1272529],"product_cat":[1272410],"product_tag":[1272681,1275179],"class_list":{"0":"post-447336","1":"product","2":"type-product","3":"status-publish","4":"has-post-thumbnail","6":"store-butik24","7":"product_brand-pillivuyt","8":"product_cat-koekkengrej","9":"product_tag-koekkengrej","10":"product_tag-pillivuyt","11":"pa_maerke-pillivuyt","13":"first","14":"instock","15":"product-type-external"},"_links":{"self":[{"href":"https:\/\/www.pricetornado.com\/da\/wp-json\/wp\/v2\/product\/447336","targetHints":{"allow":["GET"]}}],"collection":[{"href":"https:\/\/www.pricetornado.com\/da\/wp-json\/wp\/v2\/product"}],"about":[{"href":"https:\/\/www.pricetornado.com\/da\/wp-json\/wp\/v2\/types\/product"}],"wp:featuredmedia":[{"embeddable":true,"href":"https:\/\/www.pricetornado.com\/da\/wp-json\/"}],"wp:attachment":[{"href":"https:\/\/www.pricetornado.com\/da\/wp-json\/wp\/v2\/media?parent=447336"}],"wp:term":[{"taxonomy":"store","embeddable":true,"href":"https:\/\/www.pricetornado.com\/da\/wp-json\/wp\/v2\/store?post=447336"},{"taxonomy":"product_brand","embeddable":true,"href":"https:\/\/www.pricetornado.com\/da\/wp-json\/wp\/v2\/product_brand?post=447336"},{"taxonomy":"product_cat","embeddable":true,"href":"https:\/\/www.pricetornado.com\/da\/wp-json\/wp\/v2\/product_cat?post=447336"},{"taxonomy":"product_tag","embeddable":true,"href":"https:\/\/www.pricetornado.com\/da\/wp-json\/wp\/v2\/product_tag?post=447336"}],"curies":[{"name":"wp","href":"https:\/\/api.w.org\/{rel}","templated":true}]}}