{"id":447335,"date":"2025-02-24T00:06:17","date_gmt":"2025-02-23T23:06:17","guid":{"rendered":"https:\/\/www.pricetornado.com\/da\/produkt\/pillivuyt-gourmet-somme-gryde-med-laag-dia-24-cm-5-liter-staal\/"},"modified":"2026-04-29T08:50:02","modified_gmt":"2026-04-29T06:50:02","slug":"pillivuyt-gourmet-somme-gryde-med-laag-dia-24-cm-5-liter-staal","status":"publish","type":"product","link":"https:\/\/www.pricetornado.com\/da\/produkt\/pillivuyt-gourmet-somme-gryde-med-laag-dia-24-cm-5-liter-staal\/","title":{"rendered":"Pillivuyt Gourmet Somme Gryde med l\u00e5g Dia 24 cm 5 liter St\u00e5l"},"content":{"rendered":"<p>K\u00f8b billig Pillivuyt Gourmet Somme Gryde med l\u00e5g Dia 24 cm 5 liter St\u00e5l!<br \/>\nSomme gryden fra Pillivuyt Gourmet er designet til at levere b\u00e5de holdbarhed og funktionalitet, hvilket g\u00f8r den ideel til alle dine madlavningsbehov. Fremstillet i rustfrit 18\/10 st\u00e5l, er gryden modstandsdygtig over for korrosion og sikrer lang levetid. Med en kapacitet p\u00e5 5 liter og en diameter p\u00e5 24 cm er gryden perfekt til tilberedning af store portioner til familien eller g\u00e6ster.3-lags konstruktion: Rustfrit st\u00e5l, aluminium og rustfrit st\u00e5l sikrer j\u00e6vn varmefordeling og hurtig opvarmning.Svejsede non-heat st\u00e5lh\u00e5ndtag: Mindsker varmeoverf\u00f8rsel, s\u00e5 gryden er sikker og behagelig at h\u00e5ndtere under madlavning.Indvendige m\u00e5lestreger: G\u00f8r det nemt at dosere ingredienser og v\u00e6ske pr\u00e6cist.Praktisk l\u00e5g med damphuller: Fastholder varme og fugt, forbedrer smag og kan forkorte tilberedningstiden.Velegnet til alle komfurtyper, herunder induktion.T\u00e5ler opvaskemaskine for nem reng\u00f8ring.Den rustfri st\u00e5lkonstruktion g\u00f8r gryden ekstra robust og nem at vedligeholde. Materialet er korrosionsbestandigt og sikrer gryden optimal stand i mange \u00e5r frem. for at finde det helt rigtige k\u00f8kkenudstyr til dit behov.G\u00f8r madlavningen lettere, mere effektiv og nyd fordelene ved en p\u00e5lidelig gryde fra Pillivuyt Gourmet \u2013 perfekt til b\u00e5de hverdag og gastronomiske eventyr.<\/p>\n<p>Sammenlign priser p\u00e5 Pillivuyt Gourmet Somme Gryde med l\u00e5g Dia 24 cm 5 liter St\u00e5l og k\u00f8b online til den billigste pris, samt p\u00e5 tilbud!\u00a0\u00a0Tjek den bedste pris, produkt beskrivelse, video, test, anmeldelser osv.<\/p>\n<p><strong>Brand: <\/strong>Pillivuyt<br \/>\n<strong>EAN: <\/strong>3108837134435<br \/>\n<strong>Producentens varenr.:<\/strong> 3108837134435<\/p>\n<p><strong>P.S.<\/strong><br \/>\nTilmeld dig til &#8220;Opret Gratis Prisfald Alarm&#8221;, og bliv underrettet med det samme om prisfald p\u00e5 Pillivuyt Gourmet Somme Gryde med l\u00e5g Dia 24 cm 5 liter St\u00e5l, og f\u00e5 den billigste pris!<\/p>\n<p>&nbsp;<\/p>\n<p>&nbsp;<\/p>\n","protected":false},"excerpt":{"rendered":"<p>K\u00f8b billig Pillivuyt Gourmet Somme Gryde med l\u00e5g Dia 24 cm 5 liter St\u00e5l! Somme gryden fra Pillivuyt Gourmet er designet til at levere b\u00e5de holdbarhed og funktionalitet, hvilket g\u00f8r den ideel til alle dine madlavningsbehov. Fremstillet i rustfrit 18\/10 st\u00e5l, er gryden modstandsdygtig over for korrosion og sikrer lang levetid. Med en kapacitet p\u00e5 [&hellip;]<\/p>\n","protected":false},"featured_media":999980000004473350,"template":"","meta":[],"store":[1272516],"product_brand":[1272529],"product_cat":[1272410],"product_tag":[1272681,1275179],"class_list":{"0":"post-447335","1":"product","2":"type-product","3":"status-publish","4":"has-post-thumbnail","6":"store-butik24","7":"product_brand-pillivuyt","8":"product_cat-koekkengrej","9":"product_tag-koekkengrej","10":"product_tag-pillivuyt","11":"pa_maerke-pillivuyt","13":"first","14":"instock","15":"product-type-external"},"_links":{"self":[{"href":"https:\/\/www.pricetornado.com\/da\/wp-json\/wp\/v2\/product\/447335","targetHints":{"allow":["GET"]}}],"collection":[{"href":"https:\/\/www.pricetornado.com\/da\/wp-json\/wp\/v2\/product"}],"about":[{"href":"https:\/\/www.pricetornado.com\/da\/wp-json\/wp\/v2\/types\/product"}],"wp:featuredmedia":[{"embeddable":true,"href":"https:\/\/www.pricetornado.com\/da\/wp-json\/"}],"wp:attachment":[{"href":"https:\/\/www.pricetornado.com\/da\/wp-json\/wp\/v2\/media?parent=447335"}],"wp:term":[{"taxonomy":"store","embeddable":true,"href":"https:\/\/www.pricetornado.com\/da\/wp-json\/wp\/v2\/store?post=447335"},{"taxonomy":"product_brand","embeddable":true,"href":"https:\/\/www.pricetornado.com\/da\/wp-json\/wp\/v2\/product_brand?post=447335"},{"taxonomy":"product_cat","embeddable":true,"href":"https:\/\/www.pricetornado.com\/da\/wp-json\/wp\/v2\/product_cat?post=447335"},{"taxonomy":"product_tag","embeddable":true,"href":"https:\/\/www.pricetornado.com\/da\/wp-json\/wp\/v2\/product_tag?post=447335"}],"curies":[{"name":"wp","href":"https:\/\/api.w.org\/{rel}","templated":true}]}}