{"id":447334,"date":"2025-02-26T19:37:47","date_gmt":"2025-02-26T18:37:47","guid":{"rendered":"https:\/\/www.pricetornado.com\/da\/produkt\/pillivuyt-gourmet-somme-sauterpande-med-laag-dia-26-cm-staal\/"},"modified":"2026-04-29T04:22:58","modified_gmt":"2026-04-29T02:22:58","slug":"pillivuyt-gourmet-somme-sauterpande-med-laag-dia-26-cm-staal","status":"publish","type":"product","link":"https:\/\/www.pricetornado.com\/da\/produkt\/pillivuyt-gourmet-somme-sauterpande-med-laag-dia-26-cm-staal\/","title":{"rendered":"Pillivuyt Gourmet Somme Sauterpande med l\u00e5g Dia 26 cm St\u00e5l"},"content":{"rendered":"<p>K\u00f8b billig Pillivuyt Gourmet Somme Sauterpande med l\u00e5g Dia 26 cm St\u00e5l!<br \/>\nPillivuyt Gourmet Somme sauteerpande med l\u00e5g, diameter 26 cm, er en alsidig og robust l\u00f8sning til det daglige k\u00f8kken. Panden er udf\u00f8rt i 18\/10 rustfrit st\u00e5l og har en avanceret 3-lags konstruktion med aluminiumskerne, som sikrer optimal varmeledning og slidstyrke. Med Quantanium non-stick bel\u00e6gning opn\u00e5r du let madfrigivelse, nem reng\u00f8ring og mulighed for madlavning med minimalt fedtstof.Sauteerpanden fra Pillivuyt Gourmet er designet til kr\u00e6vende og alsidig brug. Den rustfri st\u00e5lkonstruktion sikrer lang levetid, mens non-stick overfladen g\u00f8r det let at tilberede alt fra gr\u00f8ntsager til k\u00f8d uden besv\u00e6r. Perfekt til b\u00e5de hverdagsmad og n\u00e5r du vil kr\u00e6se ekstra om dine retter..<\/p>\n<p>Sammenlign priser p\u00e5 Pillivuyt Gourmet Somme Sauterpande med l\u00e5g Dia 26 cm St\u00e5l og k\u00f8b online til den billigste pris, samt p\u00e5 tilbud!\u00a0\u00a0Tjek den bedste pris, produkt beskrivelse, video, test, anmeldelser osv.<\/p>\n<p><strong>Brand: <\/strong>Pillivuyt<br \/>\n<strong>EAN: <\/strong>5722000245063<br \/>\n<strong>Producentens varenr.:<\/strong> 5722000245063<\/p>\n<p><strong>P.S.<\/strong><br \/>\nTilmeld dig til &#8220;Opret Gratis Prisfald Alarm&#8221;, og bliv underrettet med det samme om prisfald p\u00e5 Pillivuyt Gourmet Somme Sauterpande med l\u00e5g Dia 26 cm St\u00e5l, og f\u00e5 den billigste pris!<\/p>\n<p>&nbsp;<\/p>\n<p>&nbsp;<\/p>\n","protected":false},"excerpt":{"rendered":"<p>K\u00f8b billig Pillivuyt Gourmet Somme Sauterpande med l\u00e5g Dia 26 cm St\u00e5l! Pillivuyt Gourmet Somme sauteerpande med l\u00e5g, diameter 26 cm, er en alsidig og robust l\u00f8sning til det daglige k\u00f8kken. Panden er udf\u00f8rt i 18\/10 rustfrit st\u00e5l og har en avanceret 3-lags konstruktion med aluminiumskerne, som sikrer optimal varmeledning og slidstyrke. Med Quantanium non-stick [&hellip;]<\/p>\n","protected":false},"featured_media":999980000004473340,"template":"","meta":[],"store":[1272516],"product_brand":[1272529],"product_cat":[1272410],"product_tag":[1272681,1275179],"class_list":{"0":"post-447334","1":"product","2":"type-product","3":"status-publish","4":"has-post-thumbnail","6":"store-butik24","7":"product_brand-pillivuyt","8":"product_cat-koekkengrej","9":"product_tag-koekkengrej","10":"product_tag-pillivuyt","11":"pa_maerke-pillivuyt","13":"first","14":"instock","15":"product-type-external"},"_links":{"self":[{"href":"https:\/\/www.pricetornado.com\/da\/wp-json\/wp\/v2\/product\/447334","targetHints":{"allow":["GET"]}}],"collection":[{"href":"https:\/\/www.pricetornado.com\/da\/wp-json\/wp\/v2\/product"}],"about":[{"href":"https:\/\/www.pricetornado.com\/da\/wp-json\/wp\/v2\/types\/product"}],"wp:featuredmedia":[{"embeddable":true,"href":"https:\/\/www.pricetornado.com\/da\/wp-json\/"}],"wp:attachment":[{"href":"https:\/\/www.pricetornado.com\/da\/wp-json\/wp\/v2\/media?parent=447334"}],"wp:term":[{"taxonomy":"store","embeddable":true,"href":"https:\/\/www.pricetornado.com\/da\/wp-json\/wp\/v2\/store?post=447334"},{"taxonomy":"product_brand","embeddable":true,"href":"https:\/\/www.pricetornado.com\/da\/wp-json\/wp\/v2\/product_brand?post=447334"},{"taxonomy":"product_cat","embeddable":true,"href":"https:\/\/www.pricetornado.com\/da\/wp-json\/wp\/v2\/product_cat?post=447334"},{"taxonomy":"product_tag","embeddable":true,"href":"https:\/\/www.pricetornado.com\/da\/wp-json\/wp\/v2\/product_tag?post=447334"}],"curies":[{"name":"wp","href":"https:\/\/api.w.org\/{rel}","templated":true}]}}