{"id":447332,"date":"2025-02-25T05:03:00","date_gmt":"2025-02-25T04:03:00","guid":{"rendered":"https:\/\/www.pricetornado.com\/da\/produkt\/scanpan-27x27-cm-grillpande-classic-induction\/"},"modified":"2026-04-30T02:57:50","modified_gmt":"2026-04-30T00:57:50","slug":"scanpan-27x27-cm-grillpande-classic-induction","status":"publish","type":"product","link":"https:\/\/www.pricetornado.com\/da\/produkt\/scanpan-27x27-cm-grillpande-classic-induction\/","title":{"rendered":"Scanpan 27&#215;27 cm grillpande &#8211; Classic Induction"},"content":{"rendered":"<p>K\u00f8b billig Scanpan 27&#215;27 cm grillpande &#8211; Classic Induction!<br \/>\nScanpan 27&#215;27 cm grillpande fra Classic Induction-serien er designet med h\u00f8je, spidse grillribber, der skaber flotte, spr\u00f8de grillstriber og effektivt lader fedtet l\u00f8be v\u00e6k under madlavningen. Grillpanden er det ideelle alternativ til havegrillen, n\u00e5r vejret ikke tillader udend\u00f8rs madlavning, eller n\u00e5r tiden er knap.Panden er fremstillet af genbrugte aluminium, som b\u00e5de sikrer en let h\u00e5ndtering og fremragende varmeledning. Samtidig g\u00f8r aluminium, at grillpanden er v\u00e6sentligt lettere end alternativer i eksempelvis st\u00f8bejern. For at sk\u00e5ne milj\u00f8et er der udelukkende anvendt genbrugsaluminium.Overfladen er belagt med Scanpans patenterede STRATANIUM non-stick bel\u00e6gning, der t\u00e5ler brug af metalredskaber, er slidst\u00e6rk og meget nem at reng\u00f8re. Denne bel\u00e6gning sikrer samtidig, at maden nemt slipper, og g\u00f8r pandeplejen enkel.H\u00e5ndtaget er fremstillet af varmebestandig og slidst\u00e6rk bakelit. Det er monteret med Scanpans patenterede l\u00e5sesystem helt uden skruer eller nitter, hvilket sikrer, at h\u00e5ndtaget aldrig bliver l\u00f8st over tid.Takket v\u00e6re en s\u00e6rlig st\u00f8beteknik er der indst\u00f8bt en st\u00e5lplade i bunden, hvilket sikrer en optimal og ensartet varmefordeling samt kompatibilitet med alle typer komfurer \u2013 inklusiv induktion. Grillpanden kan bruges i ovnen ved temperaturer op til 250\u00b0C, hvilket g\u00f8r den velegnet til retter, som skal f\u00e6rdigg\u00f8res i ovnen.Grillpanden t\u00e5ler opvaskemaskine, s\u00e5 reng\u00f8ringen er hurtig og nem uden at bel\u00e6gningen tager skade.Livstidsgaranti p\u00e5 STRATANIUM non-stick bel\u00e6gningen for ekstra tryghed.Classic Induction-serien fra Scanpan er skabt med fokus p\u00e5 funktionalitet og holdbarhed, s\u00e5 du f\u00e5r gl\u00e6de af din grillpande i mange \u00e5r fremover. B\u00e6redygtighed, daglig brugervenlighed og nem vedligeholdelse er i centrum for serien \u2013 perfekt til dig, der \u00f8nsker kvalitet i hverdagen..<\/p>\n<p>Sammenlign priser p\u00e5 Scanpan 27&#215;27 cm grillpande &#8211; Classic Induction og k\u00f8b online til den billigste pris, samt p\u00e5 tilbud!\u00a0\u00a0Tjek den bedste pris, produkt beskrivelse, video, test, anmeldelser osv.<\/p>\n<p><strong>Brand: <\/strong>Scanpan<br \/>\n<strong>EAN: <\/strong>083421122506<br \/>\n<strong>Producentens varenr.:<\/strong> 083421122506<\/p>\n<p><strong>P.S.<\/strong><br \/>\nTilmeld dig til &#8220;Opret Gratis Prisfald Alarm&#8221;, og bliv underrettet med det samme om prisfald p\u00e5 Scanpan 27&#215;27 cm grillpande &#8211; Classic Induction, og f\u00e5 den billigste pris!<\/p>\n<p>&nbsp;<\/p>\n<p>&nbsp;<\/p>\n","protected":false},"excerpt":{"rendered":"<p>K\u00f8b billig Scanpan 27&#215;27 cm grillpande &#8211; Classic Induction! Scanpan 27&#215;27 cm grillpande fra Classic Induction-serien er designet med h\u00f8je, spidse grillribber, der skaber flotte, spr\u00f8de grillstriber og effektivt lader fedtet l\u00f8be v\u00e6k under madlavningen. Grillpanden er det ideelle alternativ til havegrillen, n\u00e5r vejret ikke tillader udend\u00f8rs madlavning, eller n\u00e5r tiden er knap.Panden er fremstillet [&hellip;]<\/p>\n","protected":false},"featured_media":999980000004473320,"template":"","meta":[],"store":[1272516],"product_brand":[1272521],"product_cat":[1272410],"product_tag":[1272681,1275184],"class_list":{"0":"post-447332","1":"product","2":"type-product","3":"status-publish","4":"has-post-thumbnail","6":"store-butik24","7":"product_brand-scanpan","8":"product_cat-koekkengrej","9":"product_tag-koekkengrej","10":"product_tag-scanpan","11":"pa_maerke-scanpan","13":"first","14":"instock","15":"product-type-external"},"_links":{"self":[{"href":"https:\/\/www.pricetornado.com\/da\/wp-json\/wp\/v2\/product\/447332","targetHints":{"allow":["GET"]}}],"collection":[{"href":"https:\/\/www.pricetornado.com\/da\/wp-json\/wp\/v2\/product"}],"about":[{"href":"https:\/\/www.pricetornado.com\/da\/wp-json\/wp\/v2\/types\/product"}],"wp:featuredmedia":[{"embeddable":true,"href":"https:\/\/www.pricetornado.com\/da\/wp-json\/"}],"wp:attachment":[{"href":"https:\/\/www.pricetornado.com\/da\/wp-json\/wp\/v2\/media?parent=447332"}],"wp:term":[{"taxonomy":"store","embeddable":true,"href":"https:\/\/www.pricetornado.com\/da\/wp-json\/wp\/v2\/store?post=447332"},{"taxonomy":"product_brand","embeddable":true,"href":"https:\/\/www.pricetornado.com\/da\/wp-json\/wp\/v2\/product_brand?post=447332"},{"taxonomy":"product_cat","embeddable":true,"href":"https:\/\/www.pricetornado.com\/da\/wp-json\/wp\/v2\/product_cat?post=447332"},{"taxonomy":"product_tag","embeddable":true,"href":"https:\/\/www.pricetornado.com\/da\/wp-json\/wp\/v2\/product_tag?post=447332"}],"curies":[{"name":"wp","href":"https:\/\/api.w.org\/{rel}","templated":true}]}}