{"id":447326,"date":"2025-02-26T05:44:44","date_gmt":"2025-02-26T04:44:44","guid":{"rendered":"https:\/\/www.pricetornado.com\/da\/produkt\/scanpan-65-l-26-cm-gryde-m-laag-haptiq\/"},"modified":"2026-04-17T09:30:22","modified_gmt":"2026-04-17T07:30:22","slug":"scanpan-65-l-26-cm-gryde-m-laag-haptiq","status":"publish","type":"product","link":"https:\/\/www.pricetornado.com\/da\/produkt\/scanpan-65-l-26-cm-gryde-m-laag-haptiq\/","title":{"rendered":"Scanpan 6,5 l\/26 cm gryde m. l\u00e5g &#8211; HaptIQ"},"content":{"rendered":"<p>K\u00f8b billig Scanpan 6,5 l\/26 cm gryde m. l\u00e5g &#8211; HaptIQ!<br \/>\ner designet til dig, der kr\u00e6ver det bedste i dit k\u00f8kken. Serien henvender sig til den passionerede og kr\u00e6sne madentusiast, som s\u00e6tter pris p\u00e5 b\u00e5de sublime designdetaljer og et elegant, eksklusivt udtryk.De blankpolerede, rustfrie st\u00e5loverflader giver gryden og resten af HaptIQ-serien et karakteristisk, stilrent look, der udstr\u00e5ler overskud og klasse. Gryden er b\u00e5de dekorativ og funktionel \u2013 perfekt, n\u00e5r den st\u00e5r fremme eller h\u00e6nger i dit k\u00f8kken.HaptIQ-serien d\u00e6kker ethvert behov og kan bruges til alle typer madlavning \u2013 fra supper og gryderetter til braiserede retter og ovnbagte kasseroller. Serien er kompatibel med alle varmekilder, inklusive induktion, og t\u00e5ler ovnvarme op til 260\u00b0C.Indersiden er belagt med Scanpans unikke STRATANIUM+ nonstick, udviklet i samarbejde med internationale gourmetkokke. Bel\u00e6gningen har:Chefkokke fremh\u00e6ver, at STRATANIUM+ g\u00f8r det muligt at opn\u00e5 stegeoplevelser og smagsnuancer, som er sv\u00e6re at skabe p\u00e5 traditionelle nonstick-overflader.HaptIQ-gryden har ergonomiske h\u00e5ndtag af rustfrit st\u00e5l for et sikkert og behageligt greb. Gryden t\u00e5ler opvaskemaskine, men h\u00e5ndvask anbefales for at bevare den flotte spejlpolerede finish.Scanpan HaptIQ gryden leveres med livstidsgaranti, som sikrer dig et produkt af h\u00f8jeste kvalitet og mange \u00e5rs gl\u00e6de i k\u00f8kkenet., og g\u00f8r dit k\u00f8kken komplet med de bedste l\u00f8sninger.<\/p>\n<p>Sammenlign priser p\u00e5 Scanpan 6,5 l\/26 cm gryde m. l\u00e5g &#8211; HaptIQ og k\u00f8b online til den billigste pris, samt p\u00e5 tilbud!\u00a0\u00a0Tjek den bedste pris, produkt beskrivelse, video, test, anmeldelser osv.<\/p>\n<p><strong>Brand: <\/strong>Scanpan<br \/>\n<strong>EAN: <\/strong>083421181008<br \/>\n<strong>Producentens varenr.:<\/strong> 083421181008<\/p>\n<p><strong>P.S.<\/strong><br \/>\nTilmeld dig til &#8220;Opret Gratis Prisfald Alarm&#8221;, og bliv underrettet med det samme om prisfald p\u00e5 Scanpan 6,5 l\/26 cm gryde m. l\u00e5g &#8211; HaptIQ, og f\u00e5 den billigste pris!<\/p>\n<p>&nbsp;<\/p>\n<p>&nbsp;<\/p>\n","protected":false},"excerpt":{"rendered":"<p>K\u00f8b billig Scanpan 6,5 l\/26 cm gryde m. l\u00e5g &#8211; HaptIQ! er designet til dig, der kr\u00e6ver det bedste i dit k\u00f8kken. Serien henvender sig til den passionerede og kr\u00e6sne madentusiast, som s\u00e6tter pris p\u00e5 b\u00e5de sublime designdetaljer og et elegant, eksklusivt udtryk.De blankpolerede, rustfrie st\u00e5loverflader giver gryden og resten af HaptIQ-serien et karakteristisk, stilrent [&hellip;]<\/p>\n","protected":false},"featured_media":999980000004473260,"template":"","meta":[],"store":[1272516],"product_brand":[1272521],"product_cat":[1272410],"product_tag":[1272681,1275184],"class_list":{"0":"post-447326","1":"product","2":"type-product","3":"status-publish","4":"has-post-thumbnail","6":"store-butik24","7":"product_brand-scanpan","8":"product_cat-koekkengrej","9":"product_tag-koekkengrej","10":"product_tag-scanpan","11":"pa_maerke-scanpan","13":"first","14":"instock","15":"product-type-external"},"_links":{"self":[{"href":"https:\/\/www.pricetornado.com\/da\/wp-json\/wp\/v2\/product\/447326","targetHints":{"allow":["GET"]}}],"collection":[{"href":"https:\/\/www.pricetornado.com\/da\/wp-json\/wp\/v2\/product"}],"about":[{"href":"https:\/\/www.pricetornado.com\/da\/wp-json\/wp\/v2\/types\/product"}],"wp:featuredmedia":[{"embeddable":true,"href":"https:\/\/www.pricetornado.com\/da\/wp-json\/"}],"wp:attachment":[{"href":"https:\/\/www.pricetornado.com\/da\/wp-json\/wp\/v2\/media?parent=447326"}],"wp:term":[{"taxonomy":"store","embeddable":true,"href":"https:\/\/www.pricetornado.com\/da\/wp-json\/wp\/v2\/store?post=447326"},{"taxonomy":"product_brand","embeddable":true,"href":"https:\/\/www.pricetornado.com\/da\/wp-json\/wp\/v2\/product_brand?post=447326"},{"taxonomy":"product_cat","embeddable":true,"href":"https:\/\/www.pricetornado.com\/da\/wp-json\/wp\/v2\/product_cat?post=447326"},{"taxonomy":"product_tag","embeddable":true,"href":"https:\/\/www.pricetornado.com\/da\/wp-json\/wp\/v2\/product_tag?post=447326"}],"curies":[{"name":"wp","href":"https:\/\/api.w.org\/{rel}","templated":true}]}}