{"id":447325,"date":"2025-02-23T17:43:40","date_gmt":"2025-02-23T16:43:40","guid":{"rendered":"https:\/\/www.pricetornado.com\/da\/produkt\/scanpan-modern-stegepande-26cm-techniq\/"},"modified":"2026-04-30T09:51:17","modified_gmt":"2026-04-30T07:51:17","slug":"scanpan-modern-stegepande-26cm-techniq","status":"publish","type":"product","link":"https:\/\/www.pricetornado.com\/da\/produkt\/scanpan-modern-stegepande-26cm-techniq\/","title":{"rendered":"Scanpan Modern Stegepande 26cm &#8211; TechnIQ"},"content":{"rendered":"<p>K\u00f8b billig Scanpan Modern Stegepande 26cm &#8211; TechnIQ!<br \/>\nScanpan Modern Stegepande 26cm fra TechnIQ-serien er meget mere end en almindelig stegepande. Den er skabt i samarbejde med professionelle kokke og udviklet til ambiti\u00f8se hjemmekokke og madentusiaster, der \u00f8nsker det bedste udstyr i k\u00f8kkenet. De lave, skr\u00e5 sider giver ekstra plads til at vende maden \u2013 en klar fordel ved tilberedning af fisk og andre sarte r\u00e5varer. Samtidig hj\u00e6lper de vinklede sider med, at maden nemt glider af panden, og fremmer en ensartet og l\u00e6kker afbruning, fordi damp hurtigt ledes v\u00e6k, s\u00e5 panden forbliver t\u00f8r under stegning.Panden er fremstillet af squeeze-cast genanvendt aluminium, som sikrer en effektiv og j\u00e6vn varmefordeling samt h\u00f8j holdbarhed. Overfladen er udstyret med den innovative Stratanium+ non-stick bel\u00e6gning, udviklet og testet i samarbejde med kokke. Denne bel\u00e6gning forener enest\u00e5ende non-stick egenskaber med styrke og lang levetid og g\u00f8r det muligt at stege med minimal brug af olie \u2013 helt uden at g\u00e5 p\u00e5 kompromis med stegeresultatet. Derudover er Stratanium+ bel\u00e6gningen designet til at kunne modst\u00e5 metalredskaber og intens daglig brug.Det ekstra lange og velafbalancerede h\u00e5ndtag i 18\/10 rustfrit st\u00e5l g\u00f8r det let at arbejde med panden, ogs\u00e5 n\u00e5r der skal rulles omelet eller vendes \u00e6g, og sikrer optimal komfort samt varmebestandighed.TechnIQ 26 cm stegepanden er kompatibel med alle typer kogeplader, inklusive induktion, og kan desuden anvendes i ovn ved temperaturer helt op til 250\u00b0C. Det g\u00f8r panden ideel til b\u00e5de stegning p\u00e5 komfuret og efterf\u00f8lgende tilberedning eller gratinering i ovnen.Velegnet til alle komfurtyper \u2013 inkl. induktion \u2013 og ovnfast op til 250\u00b0CTechnIQ-serien er udviklet med udgangspunkt i dybdeg\u00e5ende analyse af professionelle tilberedningsmetoder og kombinerer innovative vinkler og st\u00f8rrelser for at optimere dit arbejde i k\u00f8kkenet. Hver pande og gryde i serien er omhyggeligt konstrueret for maksimal brugsgl\u00e6de og professionelle resultater hver gang..<\/p>\n<p>Sammenlign priser p\u00e5 Scanpan Modern Stegepande 26cm &#8211; TechnIQ og k\u00f8b online til den billigste pris, samt p\u00e5 tilbud!\u00a0\u00a0Tjek den bedste pris, produkt beskrivelse, video, test, anmeldelser osv.<\/p>\n<p><strong>Brand: <\/strong>Scanpan<br \/>\n<strong>EAN: <\/strong>083421196682<br \/>\n<strong>Producentens varenr.:<\/strong> 083421196682<\/p>\n<p><strong>P.S.<\/strong><br \/>\nTilmeld dig til &#8220;Opret Gratis Prisfald Alarm&#8221;, og bliv underrettet med det samme om prisfald p\u00e5 Scanpan Modern Stegepande 26cm &#8211; TechnIQ, og f\u00e5 den billigste pris!<\/p>\n<p>&nbsp;<\/p>\n<p>&nbsp;<\/p>\n","protected":false},"excerpt":{"rendered":"<p>K\u00f8b billig Scanpan Modern Stegepande 26cm &#8211; TechnIQ! Scanpan Modern Stegepande 26cm fra TechnIQ-serien er meget mere end en almindelig stegepande. Den er skabt i samarbejde med professionelle kokke og udviklet til ambiti\u00f8se hjemmekokke og madentusiaster, der \u00f8nsker det bedste udstyr i k\u00f8kkenet. De lave, skr\u00e5 sider giver ekstra plads til at vende maden \u2013 [&hellip;]<\/p>\n","protected":false},"featured_media":999980000004473250,"template":"","meta":[],"store":[1272516],"product_brand":[1272521],"product_cat":[1272410],"product_tag":[1272681,1275184],"class_list":{"0":"post-447325","1":"product","2":"type-product","3":"status-publish","4":"has-post-thumbnail","6":"store-butik24","7":"product_brand-scanpan","8":"product_cat-koekkengrej","9":"product_tag-koekkengrej","10":"product_tag-scanpan","11":"pa_maerke-scanpan","13":"first","14":"instock","15":"product-type-external"},"_links":{"self":[{"href":"https:\/\/www.pricetornado.com\/da\/wp-json\/wp\/v2\/product\/447325","targetHints":{"allow":["GET"]}}],"collection":[{"href":"https:\/\/www.pricetornado.com\/da\/wp-json\/wp\/v2\/product"}],"about":[{"href":"https:\/\/www.pricetornado.com\/da\/wp-json\/wp\/v2\/types\/product"}],"wp:featuredmedia":[{"embeddable":true,"href":"https:\/\/www.pricetornado.com\/da\/wp-json\/"}],"wp:attachment":[{"href":"https:\/\/www.pricetornado.com\/da\/wp-json\/wp\/v2\/media?parent=447325"}],"wp:term":[{"taxonomy":"store","embeddable":true,"href":"https:\/\/www.pricetornado.com\/da\/wp-json\/wp\/v2\/store?post=447325"},{"taxonomy":"product_brand","embeddable":true,"href":"https:\/\/www.pricetornado.com\/da\/wp-json\/wp\/v2\/product_brand?post=447325"},{"taxonomy":"product_cat","embeddable":true,"href":"https:\/\/www.pricetornado.com\/da\/wp-json\/wp\/v2\/product_cat?post=447325"},{"taxonomy":"product_tag","embeddable":true,"href":"https:\/\/www.pricetornado.com\/da\/wp-json\/wp\/v2\/product_tag?post=447325"}],"curies":[{"name":"wp","href":"https:\/\/api.w.org\/{rel}","templated":true}]}}