{"id":447323,"date":"2025-02-25T19:02:55","date_gmt":"2025-02-25T18:02:55","guid":{"rendered":"https:\/\/www.pricetornado.com\/da\/produkt\/nedis-dtcts20wt-roegalarm-advarsel-ved-lavt-batteriniveau\/"},"modified":"2026-04-17T06:09:55","modified_gmt":"2026-04-17T04:09:55","slug":"nedis-dtcts20wt-roegalarm-advarsel-ved-lavt-batteriniveau","status":"publish","type":"product","link":"https:\/\/www.pricetornado.com\/da\/produkt\/nedis-dtcts20wt-roegalarm-advarsel-ved-lavt-batteriniveau\/","title":{"rendered":"Nedis DTCTS20WT R\u00f8galarm, Advarsel ved lavt batteriniveau"},"content":{"rendered":"<p>K\u00f8b billig Nedis DTCTS20WT R\u00f8galarm, Advarsel ved lavt batteriniveau!<br \/>\nOpn\u00e5 \u00f8get brandsikkerhed med denne Nedis r\u00f8galarm, som er ideel til b\u00e5de hjemmet og kontormilj\u00f8et. N\u00e5r dens f\u00f8lsomme, fotoelektriske sensor registrerer r\u00f8g, aktiveres straks en indbygget sirene med et lydniveau over 85 dB, s\u00e5 du hurtigt bliver advaret om potentiel brandfare.I pakken f\u00e5r du alt, hvad du beh\u00f8ver for en hurtig ops\u00e6tning: r\u00f8galarm med beslag, installationsmateriale, et 9 V-batteri og en lynvejledning. L\u00e6s altid den medf\u00f8lgende manual grundigt for korrekt montering, vedligeholdelse og brug.Detektorens lave str\u00f8mforbrug og selvkontrolfunktion bidrager til driftssikkerhed \u00e5ret rundt. Den integrerede batteriadvarsel og testknap g\u00f8r vedligeholdelsen ligetil, s\u00e5 du uden besv\u00e6r kan sikre, at alarmen altid er funktionsdygtig.<\/p>\n<p>Sammenlign priser p\u00e5 Nedis DTCTS20WT R\u00f8galarm, Advarsel ved lavt batteriniveau og k\u00f8b online til den billigste pris, samt p\u00e5 tilbud!\u00a0\u00a0Tjek den bedste pris, produkt beskrivelse, video, test, anmeldelser osv.<\/p>\n<p><strong>Brand: <\/strong>Nedis<br \/>\n<strong>EAN: <\/strong>5412810274307<br \/>\n<strong>Producentens varenr.:<\/strong> 5412810274307<\/p>\n<p><strong>P.S.<\/strong><br \/>\nTilmeld dig til &#8220;Opret Gratis Prisfald Alarm&#8221;, og bliv underrettet med det samme om prisfald p\u00e5 Nedis DTCTS20WT R\u00f8galarm, Advarsel ved lavt batteriniveau, og f\u00e5 den billigste pris!<\/p>\n<p>&nbsp;<\/p>\n<p>&nbsp;<\/p>\n","protected":false},"excerpt":{"rendered":"<p>K\u00f8b billig Nedis DTCTS20WT R\u00f8galarm, Advarsel ved lavt batteriniveau! Opn\u00e5 \u00f8get brandsikkerhed med denne Nedis r\u00f8galarm, som er ideel til b\u00e5de hjemmet og kontormilj\u00f8et. N\u00e5r dens f\u00f8lsomme, fotoelektriske sensor registrerer r\u00f8g, aktiveres straks en indbygget sirene med et lydniveau over 85 dB, s\u00e5 du hurtigt bliver advaret om potentiel brandfare.I pakken f\u00e5r du alt, hvad [&hellip;]<\/p>\n","protected":false},"featured_media":999980000004473230,"template":"","meta":[],"store":[1272516],"product_brand":[1272517],"product_cat":[1272461],"product_tag":[1272817,1275178],"class_list":{"0":"post-447323","1":"product","2":"type-product","3":"status-publish","4":"has-post-thumbnail","6":"store-butik24","7":"product_brand-nedis","8":"product_cat-hjemmet","9":"product_tag-hjemmet","10":"product_tag-nedis","11":"pa_maerke-nedis","13":"first","14":"instock","15":"product-type-external"},"_links":{"self":[{"href":"https:\/\/www.pricetornado.com\/da\/wp-json\/wp\/v2\/product\/447323","targetHints":{"allow":["GET"]}}],"collection":[{"href":"https:\/\/www.pricetornado.com\/da\/wp-json\/wp\/v2\/product"}],"about":[{"href":"https:\/\/www.pricetornado.com\/da\/wp-json\/wp\/v2\/types\/product"}],"wp:featuredmedia":[{"embeddable":true,"href":"https:\/\/www.pricetornado.com\/da\/wp-json\/"}],"wp:attachment":[{"href":"https:\/\/www.pricetornado.com\/da\/wp-json\/wp\/v2\/media?parent=447323"}],"wp:term":[{"taxonomy":"store","embeddable":true,"href":"https:\/\/www.pricetornado.com\/da\/wp-json\/wp\/v2\/store?post=447323"},{"taxonomy":"product_brand","embeddable":true,"href":"https:\/\/www.pricetornado.com\/da\/wp-json\/wp\/v2\/product_brand?post=447323"},{"taxonomy":"product_cat","embeddable":true,"href":"https:\/\/www.pricetornado.com\/da\/wp-json\/wp\/v2\/product_cat?post=447323"},{"taxonomy":"product_tag","embeddable":true,"href":"https:\/\/www.pricetornado.com\/da\/wp-json\/wp\/v2\/product_tag?post=447323"}],"curies":[{"name":"wp","href":"https:\/\/api.w.org\/{rel}","templated":true}]}}