{"id":447317,"date":"2025-02-21T22:29:04","date_gmt":"2025-02-21T21:29:04","guid":{"rendered":"https:\/\/www.pricetornado.com\/da\/produkt\/alecto-230v-roegalarm-med-5-aars-batteribackup-hvid-sdv10\/"},"modified":"2026-04-30T09:50:50","modified_gmt":"2026-04-30T07:50:50","slug":"alecto-230v-roegalarm-med-5-aars-batteribackup-hvid-sdv10","status":"publish","type":"product","link":"https:\/\/www.pricetornado.com\/da\/produkt\/alecto-230v-roegalarm-med-5-aars-batteribackup-hvid-sdv10\/","title":{"rendered":"Alecto &#8211; 230V R\u00f8galarm med 5 \u00e5rs batteribackup Hvid &#8211; SDV10"},"content":{"rendered":"<p>K\u00f8b billig Alecto &#8211; 230V R\u00f8galarm med 5 \u00e5rs batteribackup Hvid &#8211; SDV10!<br \/>\nS\u00f8rg for hurtig og p\u00e5lidelig branddetektion med Alecto 230V fotoelektrisk r\u00f8galarm. Denne netdrevne r\u00f8galarm er udviklet til langvarig sikkerhed og giver tidlig advarsel mod r\u00f8g og brand, hvilket g\u00f8r den ideel til b\u00e5de boliger og erhvervslokaler.Alecto r\u00f8galarmen er udstyret med en avanceret fotoelektrisk sensor, der reagerer hurtigt p\u00e5 r\u00f8gudvikling og samtidig minimerer risikoen for falske alarmer. Sensoren har en levetid p\u00e5 op til 10 \u00e5r for langvarig, p\u00e5lidelig beskyttelse.Selv i tilf\u00e6lde af str\u00f8msvigt fungerer r\u00f8galarmen takket v\u00e6re det medf\u00f8lgende 9V backup-batteri. Indikation af lavt batteriniveau sikrer, at du altid er opm\u00e6rksom p\u00e5, hvorn\u00e5r batteriet skal udskiftes.Denne model kan forbindes med op til 40 andre r\u00f8galarmer for optimal sikkerhed i hele boligen eller i flere rum og etager.Alecto r\u00f8galarmen leveres med alt n\u00f8dvendigt monteringsmateriale og en ekstra monteringsbase, s\u00e5 du hurtigt og sikkert kan installere alarmen. Den lever op til standarden EN14604:2005\/AC:2008, hvilket garanterer h\u00f8j sikkerhed og kvalitet.<\/p>\n<p>Sammenlign priser p\u00e5 Alecto &#8211; 230V R\u00f8galarm med 5 \u00e5rs batteribackup Hvid &#8211; SDV10 og k\u00f8b online til den billigste pris, samt p\u00e5 tilbud!\u00a0\u00a0Tjek den bedste pris, produkt beskrivelse, video, test, anmeldelser osv.<\/p>\n<p><strong>Brand: <\/strong>Alecto<br \/>\n<strong>EAN: <\/strong>8711902087700<br \/>\n<strong>Producentens varenr.:<\/strong> 8711902087700<\/p>\n<p><strong>P.S.<\/strong><br \/>\nTilmeld dig til &#8220;Opret Gratis Prisfald Alarm&#8221;, og bliv underrettet med det samme om prisfald p\u00e5 Alecto &#8211; 230V R\u00f8galarm med 5 \u00e5rs batteribackup Hvid &#8211; SDV10, og f\u00e5 den billigste pris!<\/p>\n<p>&nbsp;<\/p>\n<p>&nbsp;<\/p>\n","protected":false},"excerpt":{"rendered":"<p>K\u00f8b billig Alecto &#8211; 230V R\u00f8galarm med 5 \u00e5rs batteribackup Hvid &#8211; SDV10! S\u00f8rg for hurtig og p\u00e5lidelig branddetektion med Alecto 230V fotoelektrisk r\u00f8galarm. Denne netdrevne r\u00f8galarm er udviklet til langvarig sikkerhed og giver tidlig advarsel mod r\u00f8g og brand, hvilket g\u00f8r den ideel til b\u00e5de boliger og erhvervslokaler.Alecto r\u00f8galarmen er udstyret med en avanceret [&hellip;]<\/p>\n","protected":false},"featured_media":999980000004473170,"template":"","meta":[],"store":[1272516],"product_brand":[1272518],"product_cat":[1272469],"product_tag":[1275186,1273060],"class_list":{"0":"post-447317","1":"product","2":"type-product","3":"status-publish","4":"has-post-thumbnail","6":"store-butik24","7":"product_brand-alecto","8":"product_cat-detektorer","9":"product_tag-alecto","10":"product_tag-detektorer","11":"pa_maerke-alecto","13":"first","14":"instock","15":"product-type-external"},"_links":{"self":[{"href":"https:\/\/www.pricetornado.com\/da\/wp-json\/wp\/v2\/product\/447317","targetHints":{"allow":["GET"]}}],"collection":[{"href":"https:\/\/www.pricetornado.com\/da\/wp-json\/wp\/v2\/product"}],"about":[{"href":"https:\/\/www.pricetornado.com\/da\/wp-json\/wp\/v2\/types\/product"}],"wp:featuredmedia":[{"embeddable":true,"href":"https:\/\/www.pricetornado.com\/da\/wp-json\/"}],"wp:attachment":[{"href":"https:\/\/www.pricetornado.com\/da\/wp-json\/wp\/v2\/media?parent=447317"}],"wp:term":[{"taxonomy":"store","embeddable":true,"href":"https:\/\/www.pricetornado.com\/da\/wp-json\/wp\/v2\/store?post=447317"},{"taxonomy":"product_brand","embeddable":true,"href":"https:\/\/www.pricetornado.com\/da\/wp-json\/wp\/v2\/product_brand?post=447317"},{"taxonomy":"product_cat","embeddable":true,"href":"https:\/\/www.pricetornado.com\/da\/wp-json\/wp\/v2\/product_cat?post=447317"},{"taxonomy":"product_tag","embeddable":true,"href":"https:\/\/www.pricetornado.com\/da\/wp-json\/wp\/v2\/product_tag?post=447317"}],"curies":[{"name":"wp","href":"https:\/\/api.w.org\/{rel}","templated":true}]}}