{"id":447313,"date":"2025-02-27T16:18:03","date_gmt":"2025-02-27T15:18:03","guid":{"rendered":"https:\/\/www.pricetornado.com\/da\/produkt\/philips-led-classic-spiral-filament-15w-kerte-e14-guld-daempbar-1-pak\/"},"modified":"2026-04-18T01:40:17","modified_gmt":"2026-04-17T23:40:17","slug":"philips-led-classic-spiral-filament-15w-kerte-e14-guld-daempbar-1-pak","status":"publish","type":"product","link":"https:\/\/www.pricetornado.com\/da\/produkt\/philips-led-classic-spiral-filament-15w-kerte-e14-guld-daempbar-1-pak\/","title":{"rendered":"PHILIPS LED Classic Spiral Filament 15W kerte E14, guld d\u00e6mpbar 1 pak"},"content":{"rendered":"<p>K\u00f8b billig PHILIPS LED Classic Spiral Filament 15W kerte E14, guld d\u00e6mpbar 1 pak!<br \/>\nDenne Philips LED p\u00e6re udsender et smukt, s\u00e6rligt varmt gyldent lys med en farvetemperatur p\u00e5 1800K, hvilket skaber en hyggelig og vintage inspireret atmosf\u00e6re i dit hjem. Den flammefarvede belysning er ideel, hvis du \u00f8nsker en behagelig stemning, der indbyder til afslapning.Med et lavt str\u00f8mforbrug p\u00e5 blot 2,5 watt (svarende til en traditionel 15W gl\u00f8dep\u00e6re) bidrager denne LED p\u00e6re straks til m\u00e6rkbare energibesparelser \u2013 op til 90 % mindre str\u00f8mforbrug sammenlignet med konventionelle p\u00e6rer. P\u00e6ren har en levetid p\u00e5 op til 15.000 timer, hvilket mindsker behovet for hyppige udskiftninger og g\u00f8r den \u00f8konomisk attraktiv.P\u00e6ren kan d\u00e6mpes med standard d\u00e6mpere, s\u00e5 du nemt kan justere lysstyrken efter behov og skabe den perfekte belysning til enhver lejlighed. Du f\u00e5r fleksibel belysning uden at g\u00e5 p\u00e5 kompromis med lysets kvalitet.V\u00e6lg denne Philips LED p\u00e6re for at opn\u00e5 en kombination af \u00e6stetik, energieffektivitet og lang levetid. Se flere kvalitetsbelysningsprodukter fra og find inspiration til din bolig.<\/p>\n<p>Sammenlign priser p\u00e5 PHILIPS LED Classic Spiral Filament 15W kerte E14, guld d\u00e6mpbar 1 pak og k\u00f8b online til den billigste pris, samt p\u00e5 tilbud!\u00a0\u00a0Tjek den bedste pris, produkt beskrivelse, video, test, anmeldelser osv.<\/p>\n<p><strong>Brand: <\/strong>Philips<br \/>\n<strong>EAN: <\/strong>8719514315976<br \/>\n<strong>Producentens varenr.:<\/strong> 8719514315976<\/p>\n<p><strong>P.S.<\/strong><br \/>\nTilmeld dig til &#8220;Opret Gratis Prisfald Alarm&#8221;, og bliv underrettet med det samme om prisfald p\u00e5 PHILIPS LED Classic Spiral Filament 15W kerte E14, guld d\u00e6mpbar 1 pak, og f\u00e5 den billigste pris!<\/p>\n<p>&nbsp;<\/p>\n<p>&nbsp;<\/p>\n","protected":false},"excerpt":{"rendered":"<p>K\u00f8b billig PHILIPS LED Classic Spiral Filament 15W kerte E14, guld d\u00e6mpbar 1 pak! Denne Philips LED p\u00e6re udsender et smukt, s\u00e6rligt varmt gyldent lys med en farvetemperatur p\u00e5 1800K, hvilket skaber en hyggelig og vintage inspireret atmosf\u00e6re i dit hjem. Den flammefarvede belysning er ideel, hvis du \u00f8nsker en behagelig stemning, der indbyder til [&hellip;]<\/p>\n","protected":false},"featured_media":999980000004473130,"template":"","meta":[],"store":[1272516],"product_brand":[1272519],"product_cat":[1272407],"product_tag":[1272697,1275180],"class_list":{"0":"post-447313","1":"product","2":"type-product","3":"status-publish","4":"has-post-thumbnail","6":"store-butik24","7":"product_brand-philips","8":"product_cat-belysning-2","9":"product_tag-belysning","10":"product_tag-philips","11":"pa_maerke-philips","13":"first","14":"instock","15":"product-type-external"},"_links":{"self":[{"href":"https:\/\/www.pricetornado.com\/da\/wp-json\/wp\/v2\/product\/447313","targetHints":{"allow":["GET"]}}],"collection":[{"href":"https:\/\/www.pricetornado.com\/da\/wp-json\/wp\/v2\/product"}],"about":[{"href":"https:\/\/www.pricetornado.com\/da\/wp-json\/wp\/v2\/types\/product"}],"wp:featuredmedia":[{"embeddable":true,"href":"https:\/\/www.pricetornado.com\/da\/wp-json\/"}],"wp:attachment":[{"href":"https:\/\/www.pricetornado.com\/da\/wp-json\/wp\/v2\/media?parent=447313"}],"wp:term":[{"taxonomy":"store","embeddable":true,"href":"https:\/\/www.pricetornado.com\/da\/wp-json\/wp\/v2\/store?post=447313"},{"taxonomy":"product_brand","embeddable":true,"href":"https:\/\/www.pricetornado.com\/da\/wp-json\/wp\/v2\/product_brand?post=447313"},{"taxonomy":"product_cat","embeddable":true,"href":"https:\/\/www.pricetornado.com\/da\/wp-json\/wp\/v2\/product_cat?post=447313"},{"taxonomy":"product_tag","embeddable":true,"href":"https:\/\/www.pricetornado.com\/da\/wp-json\/wp\/v2\/product_tag?post=447313"}],"curies":[{"name":"wp","href":"https:\/\/api.w.org\/{rel}","templated":true}]}}