{"id":447312,"date":"2025-02-20T00:37:02","date_gmt":"2025-02-19T23:37:02","guid":{"rendered":"https:\/\/www.pricetornado.com\/da\/produkt\/philips-hue-white-ambiance-filament-globe-g125-e27\/"},"modified":"2026-04-17T02:10:10","modified_gmt":"2026-04-17T00:10:10","slug":"philips-hue-white-ambiance-filament-globe-g125-e27","status":"publish","type":"product","link":"https:\/\/www.pricetornado.com\/da\/produkt\/philips-hue-white-ambiance-filament-globe-g125-e27\/","title":{"rendered":"Philips Hue White Ambiance Filament Globe G125 E27"},"content":{"rendered":"<p>K\u00f8b billig Philips Hue White Ambiance Filament Globe G125 E27!<br \/>\nPhilips Hue G125 filamentp\u00e6ren er den st\u00f8rste og mest dristige intelligente vintage-p\u00e6re i serien. Med sin elegante, snoede LED-filamentteknologi og klare glasglobus kombinerer denne p\u00e6re et stilfuldt retro-look med moderne smart belysning. Den leveres med en standard E27-fatning og justerbart hvidt lys, der kan \u00e6ndres fra varm til k\u00f8lig nuance, s\u00e5 du altid f\u00e5r den perfekte atmosf\u00e6re \u2013 uanset om det er til hygge eller funktionelt lys.Oplev fuld kontrol over din belysning via Philips Hue appen, stemmestyring eller intelligent tilbeh\u00f8r. Du kan nemt t\u00e6nde og slukke, d\u00e6mpe eller forst\u00e6rke lyset med et enkelt tryk samt ops\u00e6tte rutiner og timere direkte i appen. P\u00e6ren kan styres via Bluetooth uden ekstra udstyr, men \u00f8nsker du adgang til alle avancerede funktioner og fuld integration med hjemmets \u00f8vrige Hue-system, kr\u00e6ves Philips Hue Bridge.Lang levetid med op til 15.000 br\u00e6ndetimer og op til 50.000 t\u00e6nd\/sluk-cyklusserKombiner ikonisk vintage-design med moderne teknologi i dit hjem med Philips Hue White Ambiance Filament Globe G125. Perfekt til b\u00e5de stemningsfuld og funktionel belysning. Udforsk flere intelligente l\u00f8sninger i vores .<\/p>\n<p>Sammenlign priser p\u00e5 Philips Hue White Ambiance Filament Globe G125 E27 og k\u00f8b online til den billigste pris, samt p\u00e5 tilbud!\u00a0\u00a0Tjek den bedste pris, produkt beskrivelse, video, test, anmeldelser osv.<\/p>\n<p><strong>Brand: <\/strong>Philips Hue<br \/>\n<strong>EAN: <\/strong>8719514301542<br \/>\n<strong>Producentens varenr.:<\/strong> 8719514301542<\/p>\n<p><strong>P.S.<\/strong><br \/>\nTilmeld dig til &#8220;Opret Gratis Prisfald Alarm&#8221;, og bliv underrettet med det samme om prisfald p\u00e5 Philips Hue White Ambiance Filament Globe G125 E27, og f\u00e5 den billigste pris!<\/p>\n<p>&nbsp;<\/p>\n<p>&nbsp;<\/p>\n","protected":false},"excerpt":{"rendered":"<p>K\u00f8b billig Philips Hue White Ambiance Filament Globe G125 E27! Philips Hue G125 filamentp\u00e6ren er den st\u00f8rste og mest dristige intelligente vintage-p\u00e6re i serien. Med sin elegante, snoede LED-filamentteknologi og klare glasglobus kombinerer denne p\u00e6re et stilfuldt retro-look med moderne smart belysning. Den leveres med en standard E27-fatning og justerbart hvidt lys, der kan \u00e6ndres [&hellip;]<\/p>\n","protected":false},"featured_media":999980000004473120,"template":"","meta":[],"store":[1272516],"product_brand":[1272523],"product_cat":[1272407],"product_tag":[1272697,1272767],"class_list":{"0":"post-447312","1":"product","2":"type-product","3":"status-publish","4":"has-post-thumbnail","6":"store-butik24","7":"product_brand-philips-hue","8":"product_cat-belysning-2","9":"product_tag-belysning","10":"product_tag-philips-hue","11":"pa_maerke-philips-hue","13":"first","14":"instock","15":"product-type-external"},"_links":{"self":[{"href":"https:\/\/www.pricetornado.com\/da\/wp-json\/wp\/v2\/product\/447312","targetHints":{"allow":["GET"]}}],"collection":[{"href":"https:\/\/www.pricetornado.com\/da\/wp-json\/wp\/v2\/product"}],"about":[{"href":"https:\/\/www.pricetornado.com\/da\/wp-json\/wp\/v2\/types\/product"}],"wp:featuredmedia":[{"embeddable":true,"href":"https:\/\/www.pricetornado.com\/da\/wp-json\/"}],"wp:attachment":[{"href":"https:\/\/www.pricetornado.com\/da\/wp-json\/wp\/v2\/media?parent=447312"}],"wp:term":[{"taxonomy":"store","embeddable":true,"href":"https:\/\/www.pricetornado.com\/da\/wp-json\/wp\/v2\/store?post=447312"},{"taxonomy":"product_brand","embeddable":true,"href":"https:\/\/www.pricetornado.com\/da\/wp-json\/wp\/v2\/product_brand?post=447312"},{"taxonomy":"product_cat","embeddable":true,"href":"https:\/\/www.pricetornado.com\/da\/wp-json\/wp\/v2\/product_cat?post=447312"},{"taxonomy":"product_tag","embeddable":true,"href":"https:\/\/www.pricetornado.com\/da\/wp-json\/wp\/v2\/product_tag?post=447312"}],"curies":[{"name":"wp","href":"https:\/\/api.w.org\/{rel}","templated":true}]}}