{"id":447310,"date":"2025-02-24T04:37:19","date_gmt":"2025-02-24T03:37:19","guid":{"rendered":"https:\/\/www.pricetornado.com\/da\/produkt\/philips-tar2509-10-fm-radio\/"},"modified":"2026-04-17T01:30:36","modified_gmt":"2026-04-16T23:30:36","slug":"philips-tar2509-10-fm-radio","status":"publish","type":"product","link":"https:\/\/www.pricetornado.com\/da\/produkt\/philips-tar2509-10-fm-radio\/","title":{"rendered":"Philips TAR2509\/10 FM radio"},"content":{"rendered":"<p>K\u00f8b billig Philips TAR2509\/10 FM radio!<br \/>\nOplev dine yndlingsradiostationer overalt med denne b\u00e6rbare FM\/AM-radio fra Philips. Den har et klassisk og tidl\u00f8st design, et stort analogt indstillingsvindue for nem og pr\u00e6cis indstilling af kanaler samt en praktisk LED-signalindikator, der viser, n\u00e5r signalet er perfekt. Du kan nyde klar lyd i k\u00f8kkenet, garagen, haven eller hvor du \u00f8nsker.Radioen giver dig mulighed for at skifte mellem Musik og Nyheder, s\u00e5 du altid f\u00e5r tilpasset lyd til dine pr\u00e6ferencer. Den store lydstyrkeknap og de ergonomiske kontrolknapper g\u00f8r radioen nem at bruge. Der er et indbygget hovedtelefonstik, s\u00e5 du ogs\u00e5 kan lytte privat, hvis du foretr\u00e6kker det.Philips-radioen kan drives enten med almindelig vekselstr\u00f8m eller med to D-batterier, hvilket g\u00f8r den perfekt til b\u00e5de indend\u00f8rs og udend\u00f8rs brug. Den kompakte og lette konstruktion g\u00f8r den nem at tage med og placere, hvor du vil lytte \u2013 uanset str\u00f8mtilg\u00e6ngelighed.V\u00e6lg Philips&apos; b\u00e6rbare FM\/AM-radio for en enkel, p\u00e5lidelig og fleksibel radiol\u00f8sning med fremragende lydkvalitet \u2013 perfekt til alle steder i og omkring hjemmet. produkter.<\/p>\n<p>Sammenlign priser p\u00e5 Philips TAR2509\/10 FM radio og k\u00f8b online til den billigste pris, samt p\u00e5 tilbud!\u00a0\u00a0Tjek den bedste pris, produkt beskrivelse, video, test, anmeldelser osv.<\/p>\n<p><strong>Brand: <\/strong>Philips<br \/>\n<strong>EAN: <\/strong>4895229144255<br \/>\n<strong>Producentens varenr.:<\/strong> 4895229144255<\/p>\n<p><strong>P.S.<\/strong><br \/>\nTilmeld dig til &#8220;Opret Gratis Prisfald Alarm&#8221;, og bliv underrettet med det samme om prisfald p\u00e5 Philips TAR2509\/10 FM radio, og f\u00e5 den billigste pris!<\/p>\n<p>&nbsp;<\/p>\n<p>&nbsp;<\/p>\n","protected":false},"excerpt":{"rendered":"<p>K\u00f8b billig Philips TAR2509\/10 FM radio! Oplev dine yndlingsradiostationer overalt med denne b\u00e6rbare FM\/AM-radio fra Philips. Den har et klassisk og tidl\u00f8st design, et stort analogt indstillingsvindue for nem og pr\u00e6cis indstilling af kanaler samt en praktisk LED-signalindikator, der viser, n\u00e5r signalet er perfekt. Du kan nyde klar lyd i k\u00f8kkenet, garagen, haven eller hvor [&hellip;]<\/p>\n","protected":false},"featured_media":999980000004473100,"template":"","meta":[],"store":[1272516],"product_brand":[1272519],"product_cat":[1272439],"product_tag":[1275180,1272694],"class_list":{"0":"post-447310","1":"product","2":"type-product","3":"status-publish","4":"has-post-thumbnail","6":"store-butik24","7":"product_brand-philips","8":"product_cat-radio-2","9":"product_tag-philips","10":"product_tag-radio","11":"pa_maerke-philips","13":"first","14":"instock","15":"product-type-external"},"_links":{"self":[{"href":"https:\/\/www.pricetornado.com\/da\/wp-json\/wp\/v2\/product\/447310","targetHints":{"allow":["GET"]}}],"collection":[{"href":"https:\/\/www.pricetornado.com\/da\/wp-json\/wp\/v2\/product"}],"about":[{"href":"https:\/\/www.pricetornado.com\/da\/wp-json\/wp\/v2\/types\/product"}],"wp:featuredmedia":[{"embeddable":true,"href":"https:\/\/www.pricetornado.com\/da\/wp-json\/"}],"wp:attachment":[{"href":"https:\/\/www.pricetornado.com\/da\/wp-json\/wp\/v2\/media?parent=447310"}],"wp:term":[{"taxonomy":"store","embeddable":true,"href":"https:\/\/www.pricetornado.com\/da\/wp-json\/wp\/v2\/store?post=447310"},{"taxonomy":"product_brand","embeddable":true,"href":"https:\/\/www.pricetornado.com\/da\/wp-json\/wp\/v2\/product_brand?post=447310"},{"taxonomy":"product_cat","embeddable":true,"href":"https:\/\/www.pricetornado.com\/da\/wp-json\/wp\/v2\/product_cat?post=447310"},{"taxonomy":"product_tag","embeddable":true,"href":"https:\/\/www.pricetornado.com\/da\/wp-json\/wp\/v2\/product_tag?post=447310"}],"curies":[{"name":"wp","href":"https:\/\/api.w.org\/{rel}","templated":true}]}}