{"id":447309,"date":"2025-02-20T04:51:03","date_gmt":"2025-02-20T03:51:03","guid":{"rendered":"https:\/\/www.pricetornado.com\/da\/produkt\/philips-gc4567-80-azur-dampstrygejern-sort\/"},"modified":"2026-04-18T09:00:34","modified_gmt":"2026-04-18T07:00:34","slug":"philips-gc4567-80-azur-dampstrygejern-sort","status":"publish","type":"product","link":"https:\/\/www.pricetornado.com\/da\/produkt\/philips-gc4567-80-azur-dampstrygejern-sort\/","title":{"rendered":"Philips GC4567\/80 Azur Dampstrygejern &#8211; sort"},"content":{"rendered":"<p>K\u00f8b billig Philips GC4567\/80 Azur Dampstrygejern &#8211; sort!<br \/>\nOplev optimal strygeeffektivitet med Philips Azur dampstrygejern, der kombinerer kraftfuld ydeevne med brugervenlighed. Med en effekt p\u00e5 2600 W opvarmes strygejernet hurtigt og leverer konstant damp p\u00e5 op til 50 g\/min, s\u00e5 du nemt og effektivt fjerner selv vanskelige folder. Det kraftige dampskud p\u00e5 op til 250 g g\u00f8r det let at udglatte genstridige folder p\u00e5 alle tekstiler.Det avancerede SteamGlide Advanced-stryges\u00e5l har et titaniumlag og non-stick bel\u00e6gning, hvilket giver enest\u00e5ende glideevne og h\u00f8j modstandsdygtighed over for ridser. Uanset stoftype glider strygejernet let over materialet og sikrer et flot resultat. Vedligeholdelsen er desuden gjort nem med Quick Calc Release-systemet, hvor en aftagelig kalkbeholder sikrer hurtig og nem afkalkning p\u00e5 under 15 sekunder, s\u00e5 apparatet altid yder sit bedste.Dampstrygejernet er udstyret med et anti-drip system, s\u00e5 du undg\u00e5r vanddryp og beskytter sarte tekstiler mod pletter ved lave temperaturer. Den automatiske sluk-funktion \u00f8ger sikkerheden og slukker for strygejernet efter l\u00e6ngere tids inaktivitet. Et ergonomisk design med en 2 meter lang ledning og lav v\u00e6gt p\u00e5 1,552 kg giver h\u00f8j komfort og fleksibilitet under brug.Forbedr din daglige strygning med Philips Azur dampstrygejern og oplev effektive, brugervenlige l\u00f8sninger til t\u00f8jpleje. Se flere smarte produkter fra hos Butik24.<\/p>\n<p>Sammenlign priser p\u00e5 Philips GC4567\/80 Azur Dampstrygejern &#8211; sort og k\u00f8b online til den billigste pris, samt p\u00e5 tilbud!\u00a0\u00a0Tjek den bedste pris, produkt beskrivelse, video, test, anmeldelser osv.<\/p>\n<p><strong>Brand: <\/strong>Philips<br \/>\n<strong>EAN: <\/strong>8710103901112<br \/>\n<strong>Producentens varenr.:<\/strong> 8710103901112<\/p>\n<p><strong>P.S.<\/strong><br \/>\nTilmeld dig til &#8220;Opret Gratis Prisfald Alarm&#8221;, og bliv underrettet med det samme om prisfald p\u00e5 Philips GC4567\/80 Azur Dampstrygejern &#8211; sort, og f\u00e5 den billigste pris!<\/p>\n<p>&nbsp;<\/p>\n<p>&nbsp;<\/p>\n","protected":false},"excerpt":{"rendered":"<p>K\u00f8b billig Philips GC4567\/80 Azur Dampstrygejern &#8211; sort! Oplev optimal strygeeffektivitet med Philips Azur dampstrygejern, der kombinerer kraftfuld ydeevne med brugervenlighed. Med en effekt p\u00e5 2600 W opvarmes strygejernet hurtigt og leverer konstant damp p\u00e5 op til 50 g\/min, s\u00e5 du nemt og effektivt fjerner selv vanskelige folder. Det kraftige dampskud p\u00e5 op til 250 [&hellip;]<\/p>\n","protected":false},"featured_media":999980000004473090,"template":"","meta":[],"store":[1272516],"product_brand":[1272519],"product_cat":[1272415],"product_tag":[1272724,1275180],"class_list":{"0":"post-447309","1":"product","2":"type-product","3":"status-publish","4":"has-post-thumbnail","6":"store-butik24","7":"product_brand-philips","8":"product_cat-husholdning","9":"product_tag-husholdning","10":"product_tag-philips","11":"pa_maerke-philips","13":"first","14":"instock","15":"product-type-external"},"_links":{"self":[{"href":"https:\/\/www.pricetornado.com\/da\/wp-json\/wp\/v2\/product\/447309","targetHints":{"allow":["GET"]}}],"collection":[{"href":"https:\/\/www.pricetornado.com\/da\/wp-json\/wp\/v2\/product"}],"about":[{"href":"https:\/\/www.pricetornado.com\/da\/wp-json\/wp\/v2\/types\/product"}],"wp:featuredmedia":[{"embeddable":true,"href":"https:\/\/www.pricetornado.com\/da\/wp-json\/"}],"wp:attachment":[{"href":"https:\/\/www.pricetornado.com\/da\/wp-json\/wp\/v2\/media?parent=447309"}],"wp:term":[{"taxonomy":"store","embeddable":true,"href":"https:\/\/www.pricetornado.com\/da\/wp-json\/wp\/v2\/store?post=447309"},{"taxonomy":"product_brand","embeddable":true,"href":"https:\/\/www.pricetornado.com\/da\/wp-json\/wp\/v2\/product_brand?post=447309"},{"taxonomy":"product_cat","embeddable":true,"href":"https:\/\/www.pricetornado.com\/da\/wp-json\/wp\/v2\/product_cat?post=447309"},{"taxonomy":"product_tag","embeddable":true,"href":"https:\/\/www.pricetornado.com\/da\/wp-json\/wp\/v2\/product_tag?post=447309"}],"curies":[{"name":"wp","href":"https:\/\/api.w.org\/{rel}","templated":true}]}}