{"id":447307,"date":"2025-02-20T20:30:32","date_gmt":"2025-02-20T19:30:32","guid":{"rendered":"https:\/\/www.pricetornado.com\/da\/produkt\/projectline-waterproof-120-3400lm-4000k\/"},"modified":"2026-04-19T02:29:59","modified_gmt":"2026-04-19T00:29:59","slug":"projectline-waterproof-120-3400lm-4000k","status":"publish","type":"product","link":"https:\/\/www.pricetornado.com\/da\/produkt\/projectline-waterproof-120-3400lm-4000k\/","title":{"rendered":"Projectline Waterproof 120 3400lm 4000K"},"content":{"rendered":"<p>K\u00f8b billig Projectline Waterproof 120 3400lm 4000K!<br \/>\nProjectline Waterproof 120 3400lm 4000K fra Philips er en st\u00e6rk og holdbar LED-belysning udviklet til udend\u00f8rs og industrielle milj\u00f8er. Med en IP65-klassificering er armaturet effektivt beskyttet mod b\u00e5de st\u00f8v og vand, hvilket sikrer p\u00e5lidelig drift selv under kr\u00e6vende vejrforhold. Den solide konstruktion i metal muligg\u00f8r lang levetid og robusthed, som er ideelt til brug p\u00e5 steder, hvor der stilles h\u00f8je krav til materialernes holdbarhed.Produktet underst\u00f8tter energibesparelse takket v\u00e6re LED-teknologi og har en lang levetid p\u00e5 op til 35.000 timer, hvilket mindsker behovet for udskiftninger. Projekt\u00f8ren kan nemt monteres vandret p\u00e5 v\u00e6g, i loft eller som pendel, hvilket g\u00f8r det muligt at tilpasse placeringen efter behov. Den leverer et naturligt hvidt lys p\u00e5 4000K med en h\u00f8j lysstyrke p\u00e5 3400 lumen, der egner sig til effektiv belysning af omr\u00e5der som parkeringspladser, indk\u00f8rsler, haver eller arbejdssteder.Med Projectline Waterproof f\u00e5r du en energieffektiv, robust og fleksibel LED-belysningsl\u00f8sning, der kombinerer lang levetid, vejrbestandighed og avancerede funktioner til kr\u00e6vende udend\u00f8rs- og industrielle milj\u00f8er. Se hele udvalget af Philips belysning p\u00e5 .<\/p>\n<p>Sammenlign priser p\u00e5 Projectline Waterproof 120 3400lm 4000K og k\u00f8b online til den billigste pris, samt p\u00e5 tilbud!\u00a0\u00a0Tjek den bedste pris, produkt beskrivelse, video, test, anmeldelser osv.<\/p>\n<p><strong>Brand: <\/strong>Philips<br \/>\n<strong>EAN: <\/strong>8719514955424<br \/>\n<strong>Producentens varenr.:<\/strong> 8719514955424<\/p>\n<p><strong>P.S.<\/strong><br \/>\nTilmeld dig til &#8220;Opret Gratis Prisfald Alarm&#8221;, og bliv underrettet med det samme om prisfald p\u00e5 Projectline Waterproof 120 3400lm 4000K, og f\u00e5 den billigste pris!<\/p>\n<p>&nbsp;<\/p>\n<p>&nbsp;<\/p>\n","protected":false},"excerpt":{"rendered":"<p>K\u00f8b billig Projectline Waterproof 120 3400lm 4000K! Projectline Waterproof 120 3400lm 4000K fra Philips er en st\u00e6rk og holdbar LED-belysning udviklet til udend\u00f8rs og industrielle milj\u00f8er. Med en IP65-klassificering er armaturet effektivt beskyttet mod b\u00e5de st\u00f8v og vand, hvilket sikrer p\u00e5lidelig drift selv under kr\u00e6vende vejrforhold. Den solide konstruktion i metal muligg\u00f8r lang levetid og [&hellip;]<\/p>\n","protected":false},"featured_media":999980000004473070,"template":"","meta":[],"store":[1272516],"product_brand":[1272519],"product_cat":[1272407],"product_tag":[1272697,1275180],"class_list":{"0":"post-447307","1":"product","2":"type-product","3":"status-publish","4":"has-post-thumbnail","6":"store-butik24","7":"product_brand-philips","8":"product_cat-belysning-2","9":"product_tag-belysning","10":"product_tag-philips","11":"pa_maerke-philips","13":"first","14":"instock","15":"product-type-external"},"_links":{"self":[{"href":"https:\/\/www.pricetornado.com\/da\/wp-json\/wp\/v2\/product\/447307","targetHints":{"allow":["GET"]}}],"collection":[{"href":"https:\/\/www.pricetornado.com\/da\/wp-json\/wp\/v2\/product"}],"about":[{"href":"https:\/\/www.pricetornado.com\/da\/wp-json\/wp\/v2\/types\/product"}],"wp:featuredmedia":[{"embeddable":true,"href":"https:\/\/www.pricetornado.com\/da\/wp-json\/"}],"wp:attachment":[{"href":"https:\/\/www.pricetornado.com\/da\/wp-json\/wp\/v2\/media?parent=447307"}],"wp:term":[{"taxonomy":"store","embeddable":true,"href":"https:\/\/www.pricetornado.com\/da\/wp-json\/wp\/v2\/store?post=447307"},{"taxonomy":"product_brand","embeddable":true,"href":"https:\/\/www.pricetornado.com\/da\/wp-json\/wp\/v2\/product_brand?post=447307"},{"taxonomy":"product_cat","embeddable":true,"href":"https:\/\/www.pricetornado.com\/da\/wp-json\/wp\/v2\/product_cat?post=447307"},{"taxonomy":"product_tag","embeddable":true,"href":"https:\/\/www.pricetornado.com\/da\/wp-json\/wp\/v2\/product_tag?post=447307"}],"curies":[{"name":"wp","href":"https:\/\/api.w.org\/{rel}","templated":true}]}}