{"id":447304,"date":"2025-02-24T13:31:33","date_gmt":"2025-02-24T12:31:33","guid":{"rendered":"https:\/\/www.pricetornado.com\/da\/produkt\/gastronoma-dobbelt-low-fat-fryer-2x45l-9l-med-keramisk-belaegning\/"},"modified":"2026-04-17T10:10:33","modified_gmt":"2026-04-17T08:10:33","slug":"gastronoma-dobbelt-low-fat-fryer-2x45l-9l-med-keramisk-belaegning","status":"publish","type":"product","link":"https:\/\/www.pricetornado.com\/da\/produkt\/gastronoma-dobbelt-low-fat-fryer-2x45l-9l-med-keramisk-belaegning\/","title":{"rendered":"Gastronoma Dobbelt Low Fat Fryer 2&#215;4,5L &#8211; 9L med keramisk bel\u00e6gning"},"content":{"rendered":"<p>K\u00f8b billig Gastronoma Dobbelt Low Fat Fryer 2&#215;4,5L &#8211; 9L med keramisk bel\u00e6gning!<br \/>\nGastronoma dobbelt low fat fryer er en moderne airfryer i stilrent design, der kombinerer effektivitet, sundhed og brugervenlighed i k\u00f8kkenet. Med to separate tilberedningskurve kan du nemt lave to forskellige retter p\u00e5 samme tid, da hver kurv har individuel temperatur- og tidsstyring. Kurvene har en keramisk non-stick bel\u00e6gning uden PFAS, hvilket sikrer nem reng\u00f8ring, ekstra holdbarhed og mulighed for at komme dem i opvaskemaskinen. Materialevalget underst\u00f8tter ogs\u00e5 en milj\u00f8- og helsevenlig madlavning.Airfryeren er udstyret med et digitalt display med touchsk\u00e6rm, hvilket g\u00f8r det nemt og intuitivt at v\u00e6lge mellem 12 automatiske programmer. Temperaturen kan justeres fra 50 til 200 \u00b0C, og timeren kan indstilles fra 1 til 60 minutter. Hver kurv kan programmeres individuelt eller benytte smart finish-programmet, s\u00e5 begge retter bliver f\u00e6rdige samtidig. Match cook-programmet giver desuden mulighed for at indstille samme temperatur og tid p\u00e5 begge kurve og giver optimal fleksibilitet i madlavningen.Airfryerens avancerede luftcirkulationsteknologi sikrer hurtigere tilberedning og nedsat elforbrug, s\u00e5 du steger maden mere energieffektivt. Tilberedning uden eller med minimalt olieindhold reducerer fedtindtaget med op til 80 % sammenlignet med traditionel friturestegning. Den dobbelte opbygning minimerer oliespr\u00f8jt og \u00f8ger sikkerheden under brug, mens kurvenes PFAS-frie bel\u00e6gning bidrager til et mere milj\u00f8venligt valg. Overophedningsbeskyttelsen og den automatiske slukfunktion giver ekstra tryghed i dagligdagen.Gastronoma dobbelt low fat fryer er et p\u00e5lideligt og brugervenligt valg, hvor du kan lave l\u00e6kker, fedtfattig mad uden at g\u00e5 p\u00e5 kompromis med funktionalitet eller komfort. G\u00f8r din madlavning nemmere, sundere og mere effektiv \u2013 bestil din airfryer hos Butik24 i dag.<\/p>\n<p>Sammenlign priser p\u00e5 Gastronoma Dobbelt Low Fat Fryer 2&#215;4,5L &#8211; 9L med keramisk bel\u00e6gning og k\u00f8b online til den billigste pris, samt p\u00e5 tilbud!\u00a0\u00a0Tjek den bedste pris, produkt beskrivelse, video, test, anmeldelser osv.<\/p>\n<p><strong>Brand: <\/strong>Gastronoma<br \/>\n<strong>EAN: <\/strong>8711902085294<br \/>\n<strong>Producentens varenr.:<\/strong> 8711902085294<\/p>\n<p><strong>P.S.<\/strong><br \/>\nTilmeld dig til &#8220;Opret Gratis Prisfald Alarm&#8221;, og bliv underrettet med det samme om prisfald p\u00e5 Gastronoma Dobbelt Low Fat Fryer 2&#215;4,5L &#8211; 9L med keramisk bel\u00e6gning, og f\u00e5 den billigste pris!<\/p>\n<p>&nbsp;<\/p>\n<p>&nbsp;<\/p>\n","protected":false},"excerpt":{"rendered":"<p>K\u00f8b billig Gastronoma Dobbelt Low Fat Fryer 2&#215;4,5L &#8211; 9L med keramisk bel\u00e6gning! Gastronoma dobbelt low fat fryer er en moderne airfryer i stilrent design, der kombinerer effektivitet, sundhed og brugervenlighed i k\u00f8kkenet. Med to separate tilberedningskurve kan du nemt lave to forskellige retter p\u00e5 samme tid, da hver kurv har individuel temperatur- og tidsstyring. [&hellip;]<\/p>\n","protected":false},"featured_media":999980000004473040,"template":"","meta":[],"store":[1272516],"product_brand":[1272524],"product_cat":[1272418],"product_tag":[1275185,1272757],"class_list":{"0":"post-447304","1":"product","2":"type-product","3":"status-publish","4":"has-post-thumbnail","6":"store-butik24","7":"product_brand-gastronoma","8":"product_cat-koekkenmaskiner","9":"product_tag-gastronoma","10":"product_tag-koekkenmaskiner","11":"pa_maerke-gastronoma","13":"first","14":"instock","15":"product-type-external"},"_links":{"self":[{"href":"https:\/\/www.pricetornado.com\/da\/wp-json\/wp\/v2\/product\/447304","targetHints":{"allow":["GET"]}}],"collection":[{"href":"https:\/\/www.pricetornado.com\/da\/wp-json\/wp\/v2\/product"}],"about":[{"href":"https:\/\/www.pricetornado.com\/da\/wp-json\/wp\/v2\/types\/product"}],"wp:featuredmedia":[{"embeddable":true,"href":"https:\/\/www.pricetornado.com\/da\/wp-json\/"}],"wp:attachment":[{"href":"https:\/\/www.pricetornado.com\/da\/wp-json\/wp\/v2\/media?parent=447304"}],"wp:term":[{"taxonomy":"store","embeddable":true,"href":"https:\/\/www.pricetornado.com\/da\/wp-json\/wp\/v2\/store?post=447304"},{"taxonomy":"product_brand","embeddable":true,"href":"https:\/\/www.pricetornado.com\/da\/wp-json\/wp\/v2\/product_brand?post=447304"},{"taxonomy":"product_cat","embeddable":true,"href":"https:\/\/www.pricetornado.com\/da\/wp-json\/wp\/v2\/product_cat?post=447304"},{"taxonomy":"product_tag","embeddable":true,"href":"https:\/\/www.pricetornado.com\/da\/wp-json\/wp\/v2\/product_tag?post=447304"}],"curies":[{"name":"wp","href":"https:\/\/api.w.org\/{rel}","templated":true}]}}